{"id":10054,"date":"2023-08-16T01:07:57","date_gmt":"2023-08-15T23:07:57","guid":{"rendered":"https:\/\/www.orthopaediezentrum-muenchenost.de\/practice-munich-bogenhausen\/"},"modified":"2025-04-24T12:18:18","modified_gmt":"2025-04-24T10:18:18","slug":"clinic-munich-bogenhausen","status":"publish","type":"page","link":"https:\/\/www.orthopaediezentrum-muenchenost.de\/en\/contact-approach\/clinic-munich-bogenhausen\/","title":{"rendered":"Clinic Munich-Bogenhausen"},"content":{"rendered":"<div  class='flex_column av-av_one_full-a93934ecd89fbb8a9566d39e89cd3725 av_one_full  avia-builder-el-0  el_before_av_section  avia-builder-el-no-sibling  first flex_column_div  '     ><p>\n<style type=\"text\/css\" data-created_by=\"avia_inline_auto\" id=\"style-css-av-m9v7jod0-c82cc0dd7edcc9797f9ab8ae946b7e4a\">\n.avia-image-container.av-m9v7jod0-c82cc0dd7edcc9797f9ab8ae946b7e4a img.avia_image{\nbox-shadow:none;\n}\n.avia-image-container.av-m9v7jod0-c82cc0dd7edcc9797f9ab8ae946b7e4a .av-image-caption-overlay-center{\ncolor:#ffffff;\n}\n<\/style>\n<div  class='avia-image-container av-m9v7jod0-c82cc0dd7edcc9797f9ab8ae946b7e4a av-styling- avia_animated_image av-animated-when-visible-95 right-to-left avia-align-center  avia-builder-el-1  el_before_av_heading  avia-builder-el-first '   itemprop=\"image\" itemscope=\"itemscope\" itemtype=\"https:\/\/schema.org\/ImageObject\" ><div class=\"avia-image-container-inner\"><div class=\"avia-image-overlay-wrap\"><img decoding=\"async\" fetchpriority=\"high\" class='wp-image-8348 avia-img-lazy-loading-not-8348 avia_image ' src=\"https:\/\/www.orthopaediezentrum-muenchenost.de\/wp-content\/uploads\/2022\/04\/ozmo-praxis-muenchen-bogenhausen-banner.jpg\" alt='' title='Orthop\u00e4die Zentrum M\u00fcnchen Ost - Praxis M\u00fcnchen Bogenhausen - Banner'  height=\"600\" width=\"1310\"  itemprop=\"thumbnailUrl\" srcset=\"https:\/\/www.orthopaediezentrum-muenchenost.de\/wp-content\/uploads\/2022\/04\/ozmo-praxis-muenchen-bogenhausen-banner.jpg 1310w, https:\/\/www.orthopaediezentrum-muenchenost.de\/wp-content\/uploads\/2022\/04\/ozmo-praxis-muenchen-bogenhausen-banner-300x137.jpg 300w, https:\/\/www.orthopaediezentrum-muenchenost.de\/wp-content\/uploads\/2022\/04\/ozmo-praxis-muenchen-bogenhausen-banner-1030x472.jpg 1030w, https:\/\/www.orthopaediezentrum-muenchenost.de\/wp-content\/uploads\/2022\/04\/ozmo-praxis-muenchen-bogenhausen-banner-768x352.jpg 768w, https:\/\/www.orthopaediezentrum-muenchenost.de\/wp-content\/uploads\/2022\/04\/ozmo-praxis-muenchen-bogenhausen-banner-705x323.jpg 705w\" sizes=\"(max-width: 1310px) 100vw, 1310px\" \/><\/div><\/div><\/div><br \/>\n\n<style type=\"text\/css\" data-created_by=\"avia_inline_auto\" id=\"style-css-av-kygu1jhi-ab05c8a1eef670d4005b5fbb0f5c4c3e\">\n#top .av-special-heading.av-kygu1jhi-ab05c8a1eef670d4005b5fbb0f5c4c3e{\npadding-bottom:10px;\n}\nbody .av-special-heading.av-kygu1jhi-ab05c8a1eef670d4005b5fbb0f5c4c3e .av-special-heading-tag .heading-char{\nfont-size:25px;\n}\n.av-special-heading.av-kygu1jhi-ab05c8a1eef670d4005b5fbb0f5c4c3e .av-subheading{\nfont-size:15px;\n}\n<\/style>\n<div  class='av-special-heading av-kygu1jhi-ab05c8a1eef670d4005b5fbb0f5c4c3e av-special-heading-h1 blockquote modern-quote  avia-builder-el-2  el_after_av_image  el_before_av_heading '><h1 class='av-special-heading-tag '  itemprop=\"headline\"  >Clinic Munich &#8211; Bogenhausen<\/h1><div class=\"special-heading-border\"><div class=\"special-heading-inner-border\"><\/div><\/div><\/div><br \/>\n\n<style type=\"text\/css\" data-created_by=\"avia_inline_auto\" id=\"style-css-av-kygu1t8r-583b318027a217b1ca07a7c6919eaa1d\">\n#top .av-special-heading.av-kygu1t8r-583b318027a217b1ca07a7c6919eaa1d{\npadding-bottom:10px;\n}\nbody .av-special-heading.av-kygu1t8r-583b318027a217b1ca07a7c6919eaa1d .av-special-heading-tag .heading-char{\nfont-size:25px;\n}\n.av-special-heading.av-kygu1t8r-583b318027a217b1ca07a7c6919eaa1d .av-subheading{\nfont-size:15px;\n}\n<\/style>\n<div  class='av-special-heading av-kygu1t8r-583b318027a217b1ca07a7c6919eaa1d av-special-heading-h2 blockquote modern-quote  avia-builder-el-3  el_after_av_heading  el_before_av_hr '><h2 class='av-special-heading-tag '  itemprop=\"headline\"  >Orthopedics Center Munich East in Bogenhausen<\/h2><div class=\"special-heading-border\"><div class=\"special-heading-inner-border\"><\/div><\/div><\/div><br \/>\n\n<style type=\"text\/css\" data-created_by=\"avia_inline_auto\" id=\"style-css-av-av_hr-5ed17338757a1e6add07cf0607526852\">\n#top .hr.av-av_hr-5ed17338757a1e6add07cf0607526852{\nmargin-top:15px;\nmargin-bottom:15px;\n}\n.hr.av-av_hr-5ed17338757a1e6add07cf0607526852 .hr-inner{\nwidth:200px;\nborder-color:#004225;\n}\n<\/style>\n<div  class='hr av-av_hr-5ed17338757a1e6add07cf0607526852 hr-custom  avia-builder-el-4  el_after_av_heading  avia-builder-el-last  hr-center hr-icon-no'><span class='hr-inner inner-border-av-border-thin'><span class=\"hr-inner-style\"><\/span><\/span><\/div><\/p><\/div><\/div><\/div><\/div><!-- close content main div --><\/div><\/div>\n<style type=\"text\/css\" data-created_by=\"avia_inline_auto\" id=\"style-css-av-av_section-ca4accbfc3679842d0522d0ce2807a1b\">\n.avia-section.av-av_section-ca4accbfc3679842d0522d0ce2807a1b{\nbackground-color:#e1e1e1;\nbackground-image:unset;\n}\n.avia-section.av-av_section-ca4accbfc3679842d0522d0ce2807a1b .av-extra-border-element .av-extra-border-inner{\nbackground-color:#e1e1e1;\n}\n<\/style>\n<div id='av_section_1'  class='avia-section av-av_section-ca4accbfc3679842d0522d0ce2807a1b main_color avia-section-default avia-no-border-styling  avia-builder-el-5  el_after_av_one_full  el_before_av_one_full  avia-bg-style-scroll av-arrow-down-section container_wrap fullsize'  ><div class='container av-section-cont-open' ><div class='template-page content  av-content-full alpha units'><div class='post-entry post-entry-type-page post-entry-10054'><div class='entry-content-wrapper clearfix'>\n<div  class='flex_column av-av_two_third-a93934ecd89fbb8a9566d39e89cd3725 av_two_third  avia-builder-el-6  el_before_av_one_third  avia-builder-el-first  first flex_column_div  '     ><p>\n<style type=\"text\/css\" data-created_by=\"avia_inline_auto\" id=\"style-css-av-kygu166k-e687c61dc825d3603cb4826bd1a9497a\">\n.avia-image-container.av-kygu166k-e687c61dc825d3603cb4826bd1a9497a img.avia_image{\nbox-shadow:none;\n}\n.avia-image-container.av-kygu166k-e687c61dc825d3603cb4826bd1a9497a .av-image-caption-overlay-center{\ncolor:#ffffff;\n}\n<\/style>\n<div  class='avia-image-container av-kygu166k-e687c61dc825d3603cb4826bd1a9497a av-styling- avia-align-center  avia-builder-el-7  el_before_av_textblock  avia-builder-el-first '   itemprop=\"image\" itemscope=\"itemscope\" itemtype=\"https:\/\/schema.org\/ImageObject\" ><div class=\"avia-image-container-inner\"><div class=\"avia-image-overlay-wrap\"><img decoding=\"async\" fetchpriority=\"high\" class='wp-image-8347 avia-img-lazy-loading-not-8347 avia_image ' src=\"https:\/\/www.orthopaediezentrum-muenchenost.de\/wp-content\/uploads\/2022\/04\/ozmo-praxis-muenchen-bogenhausen-big.jpg\" alt='' title='Orthop\u00e4die Zentrum M\u00fcnchen Ost - Praxis M\u00fcnchen Bogenhausen - Detail'  height=\"396\" width=\"600\"  itemprop=\"thumbnailUrl\" srcset=\"https:\/\/www.orthopaediezentrum-muenchenost.de\/wp-content\/uploads\/2022\/04\/ozmo-praxis-muenchen-bogenhausen-big.jpg 600w, https:\/\/www.orthopaediezentrum-muenchenost.de\/wp-content\/uploads\/2022\/04\/ozmo-praxis-muenchen-bogenhausen-big-300x198.jpg 300w\" sizes=\"(max-width: 600px) 100vw, 600px\" \/><\/div><\/div><\/div><br \/>\n<section  class='av_textblock_section av-av_textblock-e878f05c31dff72941bf1e49a00d9ff5 '   itemscope=\"itemscope\" itemtype=\"https:\/\/schema.org\/CreativeWork\" ><div class='avia_textblock'  itemprop=\"text\" ><p>Denninger Stra\u00dfe 15<br \/>\n81679 Munic<\/p>\n<p>Phone +49 (0) 89 45 45 45 \u2013 14<br \/>\nFax: +49 (0) 89 45 45 49 \u2013 39<\/p>\n<p>E-Mail: <a title=\"Orthop\u00e4die Zentrum M\u00fcnchen Ost - Mail\" href=\"mailto:info@oz-mo.de\">info[at]oz-mo.de<\/a><\/p>\n<\/div><\/section><br \/>\n<div  class='avia-button-wrap av-lz6qgb00-8eb28680a466ad3f14f0d91c7e6e96e4-wrap avia-button-left  avia-builder-el-9  el_after_av_textblock  avia-builder-el-last '><a href='\/panorama\/'  class='avia-button av-lz6qgb00-8eb28680a466ad3f14f0d91c7e6e96e4 av-link-btn avia-icon_select-no avia-size-large avia-position-left avia-color-theme-color'   aria-label=\"\u00bb Virtual tour\"><span class='avia_iconbox_title' >\u00bb Virtual tour<\/span><\/a><\/div><\/p><\/div><div  class='flex_column av-av_one_third-337486787960716147ecfb4074cb91c6 av_one_third  avia-builder-el-10  el_after_av_two_third  avia-builder-el-last  flex_column_div  '     ><style type=\"text\/css\" data-created_by=\"avia_inline_auto\" id=\"style-css-av-kygu39gb-0afc74b32b8ede784421c07cbd373d70\">\n#top .avia-icon-list-container.av-kygu39gb-0afc74b32b8ede784421c07cbd373d70 .iconlist_icon{\nbackground-color:#004225;\n}\n#top #wrap_all .avia-icon-list-container.av-kygu39gb-0afc74b32b8ede784421c07cbd373d70 .av_iconlist_title{\ncolor:#004225;\n}\n.avia-icon-list-container.av-kygu39gb-0afc74b32b8ede784421c07cbd373d70 .iconlist_content{\ncolor:#004225;\n}\n<\/style>\n<div  class='avia-icon-list-container av-kygu39gb-0afc74b32b8ede784421c07cbd373d70  avia-builder-el-11  avia-builder-el-no-sibling '><ul class='avia-icon-list avia_animate_when_almost_visible avia-icon-list-left av-iconlist-big av-kygu39gb-0afc74b32b8ede784421c07cbd373d70 avia-iconlist-animate'>\n<li><div class='iconlist_icon av-av_iconlist_item-711d07f11a23984fe66d9c12b562cf8f avia-font-entypo-fontello avia-iconfont avia-font-entypo-fontello'><span class='av-icon-char' data-av_icon='\ue854' data-av_iconfont='entypo-fontello' aria-hidden=\"true\"><\/span><\/div><article class=\"article-icon-entry \"  itemscope=\"itemscope\" itemtype=\"https:\/\/schema.org\/CreativeWork\" ><div class=\"iconlist_content_wrap\"><header class=\"entry-content-header\" aria-label=\"Icon: \"><\/header><div class='iconlist_content av_inherit_color'  itemprop=\"text\" ><p class=\"h4-look-a-like-iconbox \"><a title=\"Orthop\u00e4die Zentrum M\u00fcnchen Ost anrufen\" href=\"\/portalweiterleitung\/rufen-sie-an\/\">+49 (0) 89 4141 434 &#8211; 64<\/a><\/p>\n<\/div><\/div><footer class=\"entry-footer\"><\/footer><\/article><div class=\"iconlist-timeline\"><\/div><\/li>\n<li><div class='iconlist_icon av-av_iconlist_item-8260d0a9d0729386ffe695f6820f10c7 avia-font-entypo-fontello avia-iconfont avia-font-entypo-fontello'><span class='av-icon-char' data-av_icon='\ue805' data-av_iconfont='entypo-fontello' aria-hidden=\"true\"><\/span><\/div><article class=\"article-icon-entry \"  itemscope=\"itemscope\" itemtype=\"https:\/\/schema.org\/CreativeWork\" ><div class=\"iconlist_content_wrap\"><header class=\"entry-content-header\" aria-label=\"Icon: \"><\/header><div class='iconlist_content av_inherit_color'  itemprop=\"text\" ><\/p>\n<p class=\"h4-look-a-like-iconbox \"><a title=\"Orthop\u00e4die Zentrum M\u00fcnchen Ost kontaktieren\" href=\"mailto:info@oz-mo.de\">info[at]oz-mo.de<\/a><\/p>\n<\/div><\/div><footer class=\"entry-footer\"><\/footer><\/article><div class=\"iconlist-timeline\"><\/div><\/li>\n<li><div class='iconlist_icon av-av_iconlist_item-ff0fc7c0c5efb3c3149d3ce3d23296bb avia-font-medical avia-iconfont avia-font-medical'><span class='av-icon-char' data-av_icon='\uf104' data-av_iconfont='medical' aria-hidden=\"true\"><\/span><\/div><article class=\"article-icon-entry \"  itemscope=\"itemscope\" itemtype=\"https:\/\/schema.org\/CreativeWork\" ><div class=\"iconlist_content_wrap\"><header class=\"entry-content-header\" aria-label=\"Icon: \"><\/header><div class='iconlist_content av_inherit_color'  itemprop=\"text\" ><p class=\"h4-look-a-like-iconbox \"><a title=\"Orthop\u00e4die Zentrum M\u00fcnchen Ost Online-Anfrage\" href=\"https:\/\/www.orthopaediezentrum-muenchenost.de\/en\/online-request\/\">Online-Anfrage<\/a><\/p>\n<\/div><\/div><footer class=\"entry-footer\"><\/footer><\/article><div class=\"iconlist-timeline\"><\/div><\/li>\n<\/ul><\/div><\/div><\/div><\/div><\/div><!-- close content main div --><\/div><div class='av-extra-border-element border-extra-arrow-down'><div class='av-extra-border-outer'><div class='av-extra-border-inner'><\/div><\/div><\/div><\/div><div id='after_section_1'  class='main_color av_default_container_wrap container_wrap fullsize'  ><div class='container av-section-cont-open' ><div class='template-page content  av-content-full alpha units'><div class='post-entry post-entry-type-page post-entry-10054'><div class='entry-content-wrapper clearfix'><div  class='flex_column av-av_one_full-a93934ecd89fbb8a9566d39e89cd3725 av_one_full  avia-builder-el-12  el_after_av_section  avia-builder-el-no-sibling  first flex_column_div  '     ><p><section  class='av_textblock_section av-av_textblock-e878f05c31dff72941bf1e49a00d9ff5 '   itemscope=\"itemscope\" itemtype=\"https:\/\/schema.org\/CreativeWork\" ><div class='avia_textblock'  itemprop=\"text\" ><p>The practices of the OZMO &#8211; Orthop\u00e4die Zentrum M\u00fcnchen Ost offer you experienced, highly qualified specialists for optimal treatment and care directly on site! The entire spectrum of surgical and conservative orthopedics as well as preparation, surgery and aftercare are available from the hands of our physicians.<\/p>\n<p>The best diagnostic procedures are the basis of trustworthy treatment: Whether digital X-rays, magnetic resonance imaging (MRI) or ultrasound &#8211; state-of-the-art imaging procedures and innovative technologies support the expertise of the medical team. A detailed diagnosis, with comprehensive treatment and optimal care tailored to it, is only possible in this way &#8211; from therapeutic measures to classic operations or minimally invasive procedures.<\/p>\n<\/div><\/section><br \/>\n\n<style type=\"text\/css\" data-created_by=\"avia_inline_auto\" id=\"style-css-av-av_heading-0dc7a2d659ca14fb91d8454f63f93185\">\n#top .av-special-heading.av-av_heading-0dc7a2d659ca14fb91d8454f63f93185{\npadding-bottom:10px;\n}\nbody .av-special-heading.av-av_heading-0dc7a2d659ca14fb91d8454f63f93185 .av-special-heading-tag .heading-char{\nfont-size:25px;\n}\n.av-special-heading.av-av_heading-0dc7a2d659ca14fb91d8454f63f93185 .av-subheading{\nfont-size:15px;\n}\n<\/style>\n<div  class='av-special-heading av-av_heading-0dc7a2d659ca14fb91d8454f63f93185 av-special-heading-h3 blockquote modern-quote  avia-builder-el-14  el_after_av_textblock  el_before_av_textblock '><h3 class='av-special-heading-tag '  itemprop=\"headline\"  >Best service<\/h3><div class=\"special-heading-border\"><div class=\"special-heading-inner-border\"><\/div><\/div><\/div><br \/>\n<section  class='av_textblock_section av-lz6qjycq-937d260a6da7f07a4e8bd7f445b173cf '   itemscope=\"itemscope\" itemtype=\"https:\/\/schema.org\/CreativeWork\" ><div class='avia_textblock'  itemprop=\"text\" ><p>The practice&#8217;s opening hours are set at 10 hours on weekdays to enable working people to visit the doctor without stress.<\/p>\n<\/div><\/section><br \/>\n\n<style type=\"text\/css\" data-created_by=\"avia_inline_auto\" id=\"style-css-av-lz6qk5e2-139c756d09297b8527933100a741a33e\">\n#top .av-special-heading.av-lz6qk5e2-139c756d09297b8527933100a741a33e{\npadding-bottom:10px;\n}\nbody .av-special-heading.av-lz6qk5e2-139c756d09297b8527933100a741a33e .av-special-heading-tag .heading-char{\nfont-size:25px;\n}\n.av-special-heading.av-lz6qk5e2-139c756d09297b8527933100a741a33e .av-subheading{\nfont-size:15px;\n}\n<\/style>\n<div  class='av-special-heading av-lz6qk5e2-139c756d09297b8527933100a741a33e av-special-heading-h3 blockquote modern-quote  avia-builder-el-16  el_after_av_textblock  el_before_av_textblock '><h3 class='av-special-heading-tag '  itemprop=\"headline\"  >Opening hours<\/h3><div class=\"special-heading-border\"><div class=\"special-heading-inner-border\"><\/div><\/div><\/div><br \/>\n<section  class='av_textblock_section av-av_textblock-e878f05c31dff72941bf1e49a00d9ff5 '   itemscope=\"itemscope\" itemtype=\"https:\/\/schema.org\/CreativeWork\" ><div class='avia_textblock'  itemprop=\"text\" ><p>Appointments and emergencies by appointment, all health insurance companies<\/p>\n<\/div><\/section><\/p><\/div><\/p>\n","protected":false},"excerpt":{"rendered":"","protected":false},"author":8,"featured_media":0,"parent":10056,"menu_order":0,"comment_status":"closed","ping_status":"closed","template":"","meta":{"footnotes":""},"class_list":["post-10054","page","type-page","status-publish","hentry"],"yoast_head":"<!-- This site is optimized with the Yoast SEO plugin v27.3 - https:\/\/yoast.com\/product\/yoast-seo-wordpress\/ -->\n<title>Clinic Munich Bogenhausen \u00bb Contact | OZMO<\/title>\n<meta name=\"description\" content=\"Clinic Munich Bogenhausen - Orthopedics Center Munich East. Here you will find: \u2713Contact \u2713Clinic Munich Bogenhausen \u2713Orthopedics \u260e +4989414143464 \u25b6 OZMO\" \/>\n<meta name=\"robots\" content=\"index, follow, max-snippet:-1, max-image-preview:large, max-video-preview:-1\" \/>\n<link rel=\"canonical\" href=\"https:\/\/www.orthopaediezentrum-muenchenost.de\/en\/contact-approach\/clinic-munich-bogenhausen\/\" \/>\n<meta property=\"og:locale\" content=\"en_US\" \/>\n<meta property=\"og:type\" content=\"article\" \/>\n<meta property=\"og:title\" content=\"Clinic Munich Bogenhausen \u00bb Contact | OZMO\" \/>\n<meta property=\"og:description\" content=\"Clinic Munich Bogenhausen - Orthopedics Center Munich East. Here you will find: \u2713Contact \u2713Clinic Munich Bogenhausen \u2713Orthopedics \u260e +4989414143464 \u25b6 OZMO\" \/>\n<meta property=\"og:url\" content=\"https:\/\/www.orthopaediezentrum-muenchenost.de\/en\/contact-approach\/clinic-munich-bogenhausen\/\" \/>\n<meta property=\"og:site_name\" content=\"Orthop\u00e4die Zentrum M\u00fcnchen Ost OZMO: Orthop\u00e4de M\u00fcnchen\" \/>\n<meta property=\"article:publisher\" content=\"https:\/\/www.facebook.com\/OZMO.de\" \/>\n<meta property=\"article:modified_time\" content=\"2025-04-24T10:18:18+00:00\" \/>\n<meta name=\"twitter:card\" content=\"summary_large_image\" \/>\n<meta name=\"twitter:label1\" content=\"Est. reading time\" \/>\n\t<meta name=\"twitter:data1\" content=\"6 minutes\" \/>\n<script type=\"application\/ld+json\" class=\"yoast-schema-graph\">{\"@context\":\"https:\\\/\\\/schema.org\",\"@graph\":[{\"@type\":\"WebPage\",\"@id\":\"https:\\\/\\\/www.orthopaediezentrum-muenchenost.de\\\/en\\\/contact-approach\\\/clinic-munich-bogenhausen\\\/\",\"url\":\"https:\\\/\\\/www.orthopaediezentrum-muenchenost.de\\\/en\\\/contact-approach\\\/clinic-munich-bogenhausen\\\/\",\"name\":\"Clinic Munich Bogenhausen \u00bb Contact | OZMO\",\"isPartOf\":{\"@id\":\"https:\\\/\\\/www.orthopaediezentrum-muenchenost.de\\\/en\\\/#website\"},\"datePublished\":\"2023-08-15T23:07:57+00:00\",\"dateModified\":\"2025-04-24T10:18:18+00:00\",\"description\":\"Clinic Munich Bogenhausen - Orthopedics Center Munich East. Here you will find: \u2713Contact \u2713Clinic Munich Bogenhausen \u2713Orthopedics \u260e +4989414143464 \u25b6 OZMO\",\"breadcrumb\":{\"@id\":\"https:\\\/\\\/www.orthopaediezentrum-muenchenost.de\\\/en\\\/contact-approach\\\/clinic-munich-bogenhausen\\\/#breadcrumb\"},\"inLanguage\":\"en-US\",\"potentialAction\":[{\"@type\":\"ReadAction\",\"target\":[\"https:\\\/\\\/www.orthopaediezentrum-muenchenost.de\\\/en\\\/contact-approach\\\/clinic-munich-bogenhausen\\\/\"]}]},{\"@type\":\"BreadcrumbList\",\"@id\":\"https:\\\/\\\/www.orthopaediezentrum-muenchenost.de\\\/en\\\/contact-approach\\\/clinic-munich-bogenhausen\\\/#breadcrumb\",\"itemListElement\":[{\"@type\":\"ListItem\",\"position\":1,\"name\":\"OZMO\",\"item\":\"https:\\\/\\\/www.orthopaediezentrum-muenchenost.de\\\/en\\\/\"},{\"@type\":\"ListItem\",\"position\":2,\"name\":\"Contact \\\/ Approach\",\"item\":\"https:\\\/\\\/www.orthopaediezentrum-muenchenost.de\\\/en\\\/contact-approach\\\/\"},{\"@type\":\"ListItem\",\"position\":3,\"name\":\"Clinic Munich-Bogenhausen\"}]},{\"@type\":\"WebSite\",\"@id\":\"https:\\\/\\\/www.orthopaediezentrum-muenchenost.de\\\/en\\\/#website\",\"url\":\"https:\\\/\\\/www.orthopaediezentrum-muenchenost.de\\\/en\\\/\",\"name\":\"Orthop\u00e4die Zentrum M\u00fcnchen Ost OZMO: Orthop\u00e4de M\u00fcnchen\",\"description\":\"\",\"publisher\":{\"@id\":\"https:\\\/\\\/www.orthopaediezentrum-muenchenost.de\\\/en\\\/#organization\"},\"potentialAction\":[{\"@type\":\"SearchAction\",\"target\":{\"@type\":\"EntryPoint\",\"urlTemplate\":\"https:\\\/\\\/www.orthopaediezentrum-muenchenost.de\\\/en\\\/?s={search_term_string}\"},\"query-input\":{\"@type\":\"PropertyValueSpecification\",\"valueRequired\":true,\"valueName\":\"search_term_string\"}}],\"inLanguage\":\"en-US\"},{\"@type\":\"Organization\",\"@id\":\"https:\\\/\\\/www.orthopaediezentrum-muenchenost.de\\\/en\\\/#organization\",\"name\":\"Orthop\u00e4die Zentrum M\u00fcnchen Ost OZMO: Orthop\u00e4de M\u00fcnchen\",\"url\":\"https:\\\/\\\/www.orthopaediezentrum-muenchenost.de\\\/en\\\/\",\"logo\":{\"@type\":\"ImageObject\",\"inLanguage\":\"en-US\",\"@id\":\"https:\\\/\\\/www.orthopaediezentrum-muenchenost.de\\\/en\\\/#\\\/schema\\\/logo\\\/image\\\/\",\"url\":\"https:\\\/\\\/www.orthopaediezentrum-muenchenost.de\\\/wp-content\\\/uploads\\\/2021\\\/12\\\/ozmo-logo-web.png\",\"contentUrl\":\"https:\\\/\\\/www.orthopaediezentrum-muenchenost.de\\\/wp-content\\\/uploads\\\/2021\\\/12\\\/ozmo-logo-web.png\",\"width\":1417,\"height\":547,\"caption\":\"Orthop\u00e4die Zentrum M\u00fcnchen Ost OZMO: Orthop\u00e4de M\u00fcnchen\"},\"image\":{\"@id\":\"https:\\\/\\\/www.orthopaediezentrum-muenchenost.de\\\/en\\\/#\\\/schema\\\/logo\\\/image\\\/\"},\"sameAs\":[\"https:\\\/\\\/www.facebook.com\\\/OZMO.de\"]}]}<\/script>\n<!-- \/ Yoast SEO plugin. -->","yoast_head_json":{"title":"Clinic Munich Bogenhausen \u00bb Contact | OZMO","description":"Clinic Munich Bogenhausen - Orthopedics Center Munich East. Here you will find: \u2713Contact \u2713Clinic Munich Bogenhausen \u2713Orthopedics \u260e +4989414143464 \u25b6 OZMO","robots":{"index":"index","follow":"follow","max-snippet":"max-snippet:-1","max-image-preview":"max-image-preview:large","max-video-preview":"max-video-preview:-1"},"canonical":"https:\/\/www.orthopaediezentrum-muenchenost.de\/en\/contact-approach\/clinic-munich-bogenhausen\/","og_locale":"en_US","og_type":"article","og_title":"Clinic Munich Bogenhausen \u00bb Contact | OZMO","og_description":"Clinic Munich Bogenhausen - Orthopedics Center Munich East. Here you will find: \u2713Contact \u2713Clinic Munich Bogenhausen \u2713Orthopedics \u260e +4989414143464 \u25b6 OZMO","og_url":"https:\/\/www.orthopaediezentrum-muenchenost.de\/en\/contact-approach\/clinic-munich-bogenhausen\/","og_site_name":"Orthop\u00e4die Zentrum M\u00fcnchen Ost OZMO: Orthop\u00e4de M\u00fcnchen","article_publisher":"https:\/\/www.facebook.com\/OZMO.de","article_modified_time":"2025-04-24T10:18:18+00:00","twitter_card":"summary_large_image","twitter_misc":{"Est. reading time":"6 minutes"},"schema":{"@context":"https:\/\/schema.org","@graph":[{"@type":"WebPage","@id":"https:\/\/www.orthopaediezentrum-muenchenost.de\/en\/contact-approach\/clinic-munich-bogenhausen\/","url":"https:\/\/www.orthopaediezentrum-muenchenost.de\/en\/contact-approach\/clinic-munich-bogenhausen\/","name":"Clinic Munich Bogenhausen \u00bb Contact | OZMO","isPartOf":{"@id":"https:\/\/www.orthopaediezentrum-muenchenost.de\/en\/#website"},"datePublished":"2023-08-15T23:07:57+00:00","dateModified":"2025-04-24T10:18:18+00:00","description":"Clinic Munich Bogenhausen - Orthopedics Center Munich East. Here you will find: \u2713Contact \u2713Clinic Munich Bogenhausen \u2713Orthopedics \u260e +4989414143464 \u25b6 OZMO","breadcrumb":{"@id":"https:\/\/www.orthopaediezentrum-muenchenost.de\/en\/contact-approach\/clinic-munich-bogenhausen\/#breadcrumb"},"inLanguage":"en-US","potentialAction":[{"@type":"ReadAction","target":["https:\/\/www.orthopaediezentrum-muenchenost.de\/en\/contact-approach\/clinic-munich-bogenhausen\/"]}]},{"@type":"BreadcrumbList","@id":"https:\/\/www.orthopaediezentrum-muenchenost.de\/en\/contact-approach\/clinic-munich-bogenhausen\/#breadcrumb","itemListElement":[{"@type":"ListItem","position":1,"name":"OZMO","item":"https:\/\/www.orthopaediezentrum-muenchenost.de\/en\/"},{"@type":"ListItem","position":2,"name":"Contact \/ Approach","item":"https:\/\/www.orthopaediezentrum-muenchenost.de\/en\/contact-approach\/"},{"@type":"ListItem","position":3,"name":"Clinic Munich-Bogenhausen"}]},{"@type":"WebSite","@id":"https:\/\/www.orthopaediezentrum-muenchenost.de\/en\/#website","url":"https:\/\/www.orthopaediezentrum-muenchenost.de\/en\/","name":"Orthop\u00e4die Zentrum M\u00fcnchen Ost OZMO: Orthop\u00e4de M\u00fcnchen","description":"","publisher":{"@id":"https:\/\/www.orthopaediezentrum-muenchenost.de\/en\/#organization"},"potentialAction":[{"@type":"SearchAction","target":{"@type":"EntryPoint","urlTemplate":"https:\/\/www.orthopaediezentrum-muenchenost.de\/en\/?s={search_term_string}"},"query-input":{"@type":"PropertyValueSpecification","valueRequired":true,"valueName":"search_term_string"}}],"inLanguage":"en-US"},{"@type":"Organization","@id":"https:\/\/www.orthopaediezentrum-muenchenost.de\/en\/#organization","name":"Orthop\u00e4die Zentrum M\u00fcnchen Ost OZMO: Orthop\u00e4de M\u00fcnchen","url":"https:\/\/www.orthopaediezentrum-muenchenost.de\/en\/","logo":{"@type":"ImageObject","inLanguage":"en-US","@id":"https:\/\/www.orthopaediezentrum-muenchenost.de\/en\/#\/schema\/logo\/image\/","url":"https:\/\/www.orthopaediezentrum-muenchenost.de\/wp-content\/uploads\/2021\/12\/ozmo-logo-web.png","contentUrl":"https:\/\/www.orthopaediezentrum-muenchenost.de\/wp-content\/uploads\/2021\/12\/ozmo-logo-web.png","width":1417,"height":547,"caption":"Orthop\u00e4die Zentrum M\u00fcnchen Ost OZMO: Orthop\u00e4de M\u00fcnchen"},"image":{"@id":"https:\/\/www.orthopaediezentrum-muenchenost.de\/en\/#\/schema\/logo\/image\/"},"sameAs":["https:\/\/www.facebook.com\/OZMO.de"]}]}},"_links":{"self":[{"href":"https:\/\/www.orthopaediezentrum-muenchenost.de\/en\/wp-json\/wp\/v2\/pages\/10054","targetHints":{"allow":["GET"]}}],"collection":[{"href":"https:\/\/www.orthopaediezentrum-muenchenost.de\/en\/wp-json\/wp\/v2\/pages"}],"about":[{"href":"https:\/\/www.orthopaediezentrum-muenchenost.de\/en\/wp-json\/wp\/v2\/types\/page"}],"author":[{"embeddable":true,"href":"https:\/\/www.orthopaediezentrum-muenchenost.de\/en\/wp-json\/wp\/v2\/users\/8"}],"replies":[{"embeddable":true,"href":"https:\/\/www.orthopaediezentrum-muenchenost.de\/en\/wp-json\/wp\/v2\/comments?post=10054"}],"version-history":[{"count":10,"href":"https:\/\/www.orthopaediezentrum-muenchenost.de\/en\/wp-json\/wp\/v2\/pages\/10054\/revisions"}],"predecessor-version":[{"id":11340,"href":"https:\/\/www.orthopaediezentrum-muenchenost.de\/en\/wp-json\/wp\/v2\/pages\/10054\/revisions\/11340"}],"up":[{"embeddable":true,"href":"https:\/\/www.orthopaediezentrum-muenchenost.de\/en\/wp-json\/wp\/v2\/pages\/10056"}],"wp:attachment":[{"href":"https:\/\/www.orthopaediezentrum-muenchenost.de\/en\/wp-json\/wp\/v2\/media?parent=10054"}],"curies":[{"name":"wp","href":"https:\/\/api.w.org\/{rel}","templated":true}]}}