{"id":10059,"date":"2023-08-16T01:08:03","date_gmt":"2023-08-15T23:08:03","guid":{"rendered":"https:\/\/www.orthopaediezentrum-muenchenost.de\/practice-munich-haar\/"},"modified":"2025-04-23T22:36:18","modified_gmt":"2025-04-23T20:36:18","slug":"clinic-munich-haar","status":"publish","type":"page","link":"https:\/\/www.orthopaediezentrum-muenchenost.de\/en\/contact-approach\/clinic-munich-haar\/","title":{"rendered":"Clinic Munich-Haar"},"content":{"rendered":"<div  class='flex_column av-bwhhh8-d567a30c2c2f8d16647c22510af3701a av_one_full  avia-builder-el-0  el_before_av_section  avia-builder-el-no-sibling  first flex_column_div  '     ><p>\n<style type=\"text\/css\" data-created_by=\"avia_inline_auto\" id=\"style-css-av-abwnv0-d4450b457bbd70b1be2135d78ebed4c5\">\n.avia-image-container.av-abwnv0-d4450b457bbd70b1be2135d78ebed4c5 img.avia_image{\nbox-shadow:none;\n}\n.avia-image-container.av-abwnv0-d4450b457bbd70b1be2135d78ebed4c5 .av-image-caption-overlay-center{\ncolor:#ffffff;\n}\n<\/style>\n<div  class='avia-image-container av-abwnv0-d4450b457bbd70b1be2135d78ebed4c5 av-styling- avia_animated_image av-animated-when-visible-95 right-to-left avia-align-center  avia-builder-el-1  el_before_av_heading  avia-builder-el-first '   itemprop=\"image\" itemscope=\"itemscope\" itemtype=\"https:\/\/schema.org\/ImageObject\" ><div class=\"avia-image-container-inner\"><div class=\"avia-image-overlay-wrap\"><img decoding=\"async\" fetchpriority=\"high\" class='wp-image-8424 avia-img-lazy-loading-not-8424 avia_image ' src=\"https:\/\/www.orthopaediezentrum-muenchenost.de\/wp-content\/uploads\/2022\/06\/ozmo-praxis-muenchen-haar-banner-2.jpg\" alt='' title='Orthop\u00e4die Zentrum M\u00fcnchen Ost - Praxis M\u00fcnchen Haar - Banner'  height=\"600\" width=\"1310\"  itemprop=\"thumbnailUrl\" srcset=\"https:\/\/www.orthopaediezentrum-muenchenost.de\/wp-content\/uploads\/2022\/06\/ozmo-praxis-muenchen-haar-banner-2.jpg 1310w, https:\/\/www.orthopaediezentrum-muenchenost.de\/wp-content\/uploads\/2022\/06\/ozmo-praxis-muenchen-haar-banner-2-300x137.jpg 300w, https:\/\/www.orthopaediezentrum-muenchenost.de\/wp-content\/uploads\/2022\/06\/ozmo-praxis-muenchen-haar-banner-2-1030x472.jpg 1030w, https:\/\/www.orthopaediezentrum-muenchenost.de\/wp-content\/uploads\/2022\/06\/ozmo-praxis-muenchen-haar-banner-2-768x352.jpg 768w, https:\/\/www.orthopaediezentrum-muenchenost.de\/wp-content\/uploads\/2022\/06\/ozmo-praxis-muenchen-haar-banner-2-705x323.jpg 705w\" sizes=\"(max-width: 1310px) 100vw, 1310px\" \/><\/div><\/div><\/div><br \/>\n\n<style type=\"text\/css\" data-created_by=\"avia_inline_auto\" id=\"style-css-av-kygt8vdo-9becd3c935a166adf05397d5162c162c\">\n#top .av-special-heading.av-kygt8vdo-9becd3c935a166adf05397d5162c162c{\npadding-bottom:10px;\n}\nbody .av-special-heading.av-kygt8vdo-9becd3c935a166adf05397d5162c162c .av-special-heading-tag .heading-char{\nfont-size:25px;\n}\n.av-special-heading.av-kygt8vdo-9becd3c935a166adf05397d5162c162c .av-subheading{\nfont-size:15px;\n}\n<\/style>\n<div  class='av-special-heading av-kygt8vdo-9becd3c935a166adf05397d5162c162c av-special-heading-h1 blockquote modern-quote  avia-builder-el-2  el_after_av_image  el_before_av_heading '><h1 class='av-special-heading-tag '  itemprop=\"headline\"  >Clinic Munich &#8211; Haar<\/h1><div class=\"special-heading-border\"><div class=\"special-heading-inner-border\"><\/div><\/div><\/div><br \/>\n\n<style type=\"text\/css\" data-created_by=\"avia_inline_auto\" id=\"style-css-av-kygt9g5e-ba90c5d58f96470ae8e20240cdc595a8\">\n#top .av-special-heading.av-kygt9g5e-ba90c5d58f96470ae8e20240cdc595a8{\npadding-bottom:10px;\n}\nbody .av-special-heading.av-kygt9g5e-ba90c5d58f96470ae8e20240cdc595a8 .av-special-heading-tag .heading-char{\nfont-size:25px;\n}\n.av-special-heading.av-kygt9g5e-ba90c5d58f96470ae8e20240cdc595a8 .av-subheading{\nfont-size:15px;\n}\n<\/style>\n<div  class='av-special-heading av-kygt9g5e-ba90c5d58f96470ae8e20240cdc595a8 av-special-heading-h2 blockquote modern-quote  avia-builder-el-3  el_after_av_heading  el_before_av_hr '><h2 class='av-special-heading-tag '  itemprop=\"headline\"  >Orthopaedics Center Munich East in Haar<\/h2><div class=\"special-heading-border\"><div class=\"special-heading-inner-border\"><\/div><\/div><\/div><br \/>\n\n<style type=\"text\/css\" data-created_by=\"avia_inline_auto\" id=\"style-css-av-9j6a7g-2eaa9a9359e93037a6c20300f2405157\">\n#top .hr.av-9j6a7g-2eaa9a9359e93037a6c20300f2405157{\nmargin-top:15px;\nmargin-bottom:15px;\n}\n.hr.av-9j6a7g-2eaa9a9359e93037a6c20300f2405157 .hr-inner{\nwidth:200px;\nborder-color:#004225;\n}\n<\/style>\n<div  class='hr av-9j6a7g-2eaa9a9359e93037a6c20300f2405157 hr-custom  avia-builder-el-4  el_after_av_heading  avia-builder-el-last  hr-center hr-icon-no'><span class='hr-inner inner-border-av-border-thin'><span class=\"hr-inner-style\"><\/span><\/span><\/div><\/p><\/div>\n<\/div><\/div><\/div><!-- close content main div --><\/div><\/div>\n<style type=\"text\/css\" data-created_by=\"avia_inline_auto\" id=\"style-css-av-kygtsqwb-01e6671d1ccddfee2a6fbae9aca44afa\">\n.avia-section.av-kygtsqwb-01e6671d1ccddfee2a6fbae9aca44afa{\nbackground-color:#e1e1e1;\nbackground-image:unset;\n}\n.avia-section.av-kygtsqwb-01e6671d1ccddfee2a6fbae9aca44afa .av-extra-border-element .av-extra-border-inner{\nbackground-color:#e1e1e1;\n}\n<\/style>\n<div id='av_section_1'  class='avia-section av-kygtsqwb-01e6671d1ccddfee2a6fbae9aca44afa main_color avia-section-default avia-no-border-styling  avia-builder-el-5  el_after_av_one_full  el_before_av_one_full  avia-bg-style-scroll av-arrow-down-section container_wrap fullsize'  ><div class='container av-section-cont-open' ><div class='template-page content  av-content-full alpha units'><div class='post-entry post-entry-type-page post-entry-10059'><div class='entry-content-wrapper clearfix'>\n<div  class='flex_column av-826pd8-197aba7aecc580efd8ac82d3d751ff6e av_two_third  avia-builder-el-6  el_before_av_one_third  avia-builder-el-first  first flex_column_div  '     ><p>\n<style type=\"text\/css\" data-created_by=\"avia_inline_auto\" id=\"style-css-av-kygtqqqm-1459d00545df711f81bb29400644f713\">\n.avia-image-container.av-kygtqqqm-1459d00545df711f81bb29400644f713 img.avia_image{\nbox-shadow:none;\n}\n.avia-image-container.av-kygtqqqm-1459d00545df711f81bb29400644f713 .av-image-caption-overlay-center{\ncolor:#ffffff;\n}\n<\/style>\n<div  class='avia-image-container av-kygtqqqm-1459d00545df711f81bb29400644f713 av-styling- avia-align-center  avia-builder-el-7  el_before_av_textblock  avia-builder-el-first '   itemprop=\"image\" itemscope=\"itemscope\" itemtype=\"https:\/\/schema.org\/ImageObject\" ><div class=\"avia-image-container-inner\"><div class=\"avia-image-overlay-wrap\"><img decoding=\"async\" fetchpriority=\"high\" class='wp-image-8346 avia-img-lazy-loading-not-8346 avia_image ' src=\"https:\/\/www.orthopaediezentrum-muenchenost.de\/wp-content\/uploads\/2022\/04\/ozmo-praxis-muenchen-haar-big.jpg\" alt='' title='Orthop\u00e4die Zentrum M\u00fcnchen Ost - Praxis M\u00fcnchen Haar - Detail'  height=\"396\" width=\"600\"  itemprop=\"thumbnailUrl\" srcset=\"https:\/\/www.orthopaediezentrum-muenchenost.de\/wp-content\/uploads\/2022\/04\/ozmo-praxis-muenchen-haar-big.jpg 600w, https:\/\/www.orthopaediezentrum-muenchenost.de\/wp-content\/uploads\/2022\/04\/ozmo-praxis-muenchen-haar-big-300x198.jpg 300w\" sizes=\"(max-width: 600px) 100vw, 600px\" \/><\/div><\/div><\/div><br \/>\n<section  class='av_textblock_section av-kygtknev-4bbc977aff49dee433846f49a6e72ea7 '   itemscope=\"itemscope\" itemtype=\"https:\/\/schema.org\/CreativeWork\" ><div class='avia_textblock'  itemprop=\"text\" ><p>M\u00fcnchener Stra\u00dfe 14\/11. Stock<br \/>\n85540 Haar<\/p>\n<p>(in the tower at the Jagdfeld Center)<\/p>\n<p>Phone +49 (0) 89 45 45 45 &#8211; 14<br \/>\nFax: +49 (0) 89 45 45 49 &#8211; 39<\/p>\n<p>E-mail: <a title=\"Orthopedics Center Munich East - Mail\" href=\"mailto:info@oz-mo.de\">info[at]oz-mo.de<\/a><\/p>\n<\/div><\/section><\/p><\/div><div  class='flex_column av-6l6wt8-0b59d495cf753c6dbf3784064db2c0cc av_one_third  avia-builder-el-9  el_after_av_two_third  avia-builder-el-last  flex_column_div  '     ><style type=\"text\/css\" data-created_by=\"avia_inline_auto\" id=\"style-css-av-kygtj3bp-5fe95c408580de06502be7a0637115bd\">\n#top .avia-icon-list-container.av-kygtj3bp-5fe95c408580de06502be7a0637115bd .iconlist_icon{\nbackground-color:#004225;\n}\n#top #wrap_all .avia-icon-list-container.av-kygtj3bp-5fe95c408580de06502be7a0637115bd .av_iconlist_title{\ncolor:#004225;\n}\n.avia-icon-list-container.av-kygtj3bp-5fe95c408580de06502be7a0637115bd .iconlist_content{\ncolor:#004225;\n}\n<\/style>\n<div  class='avia-icon-list-container av-kygtj3bp-5fe95c408580de06502be7a0637115bd  avia-builder-el-10  avia-builder-el-no-sibling '><ul class='avia-icon-list avia_animate_when_almost_visible avia-icon-list-left av-iconlist-big av-kygtj3bp-5fe95c408580de06502be7a0637115bd avia-iconlist-animate'>\n<li><div class='iconlist_icon av-4qjncs-940a0222493450c335a3fe886f369249 avia-font-entypo-fontello avia-iconfont avia-font-entypo-fontello'><span class='av-icon-char' data-av_icon='\ue854' data-av_iconfont='entypo-fontello' aria-hidden=\"true\"><\/span><\/div><article class=\"article-icon-entry \"  itemscope=\"itemscope\" itemtype=\"https:\/\/schema.org\/CreativeWork\" ><div class=\"iconlist_content_wrap\"><header class=\"entry-content-header\" aria-label=\"Icon: \"><\/header><div class='iconlist_content av_inherit_color'  itemprop=\"text\" ><p class=\"h4-look-a-like-iconbox \"><a title=\"Call Orthopedics Center Munich East\" href=\"\/portalweiterleitung\/rufen-sie-an\/\">+49 (0) 89 4141 434 &#8211; 64<\/a><\/p>\n<\/div><\/div><footer class=\"entry-footer\"><\/footer><\/article><div class=\"iconlist-timeline\"><\/div><\/li>\n<li><div class='iconlist_icon av-kygthwcy-73968b89ebf4232315dd22d532e9f783 avia-font-entypo-fontello avia-iconfont avia-font-entypo-fontello'><span class='av-icon-char' data-av_icon='\ue805' data-av_iconfont='entypo-fontello' aria-hidden=\"true\"><\/span><\/div><article class=\"article-icon-entry \"  itemscope=\"itemscope\" itemtype=\"https:\/\/schema.org\/CreativeWork\" ><div class=\"iconlist_content_wrap\"><header class=\"entry-content-header\" aria-label=\"Icon: \"><\/header><div class='iconlist_content av_inherit_color'  itemprop=\"text\" ><p class=\"h4-look-a-like-iconbox \"><a title=\"Contact Orthopedics Center Munich East\" href=\"mailto:info@oz-mo.de\">info[at]oz-mo.com<\/a><\/p>\n<\/div><\/div><footer class=\"entry-footer\"><\/footer><\/article><div class=\"iconlist-timeline\"><\/div><\/li>\n<li><div class='iconlist_icon av-kygtfypw-2f564ed1bc7e1989503833866d3f25d0 avia-font-medical avia-iconfont avia-font-medical'><span class='av-icon-char' data-av_icon='\uf104' data-av_iconfont='medical' aria-hidden=\"true\"><\/span><\/div><article class=\"article-icon-entry \"  itemscope=\"itemscope\" itemtype=\"https:\/\/schema.org\/CreativeWork\" ><div class=\"iconlist_content_wrap\"><header class=\"entry-content-header\" aria-label=\"Icon: \"><\/header><div class='iconlist_content av_inherit_color'  itemprop=\"text\" ><p class=\"h4-look-a-like-iconbox \"><a title=\"Orthopedics Center Munich East Online Inquiry\" href=\"https:\/\/www.orthopaediezentrum-muenchenost.de\/en\/online-request\/\">Online request<\/a><\/p>\n<\/div><\/div><footer class=\"entry-footer\"><\/footer><\/article><div class=\"iconlist-timeline\"><\/div><\/li>\n<li><div class='iconlist_icon av-kygtfypw-c5fbf87aa29723ed88b6c456d15de1cb avia-font-medical avia-iconfont avia-font-medical'><span class='av-icon-char' data-av_icon='\uf12e' data-av_iconfont='medical' aria-hidden=\"true\"><\/span><\/div><article class=\"article-icon-entry \"  itemscope=\"itemscope\" itemtype=\"https:\/\/schema.org\/CreativeWork\" ><div class=\"iconlist_content_wrap\"><header class=\"entry-content-header\" aria-label=\"Icon: \"><\/header><div class='iconlist_content av_inherit_color'  itemprop=\"text\" ><p class=\"h4-look-a-like-iconbox \">Only private health insurance companies<\/p>\n<\/div><\/div><footer class=\"entry-footer\"><\/footer><\/article><div class=\"iconlist-timeline\"><\/div><\/li>\n<\/ul><\/div><\/div>\n<\/div><\/div><\/div><!-- close content main div --><\/div><div class='av-extra-border-element border-extra-arrow-down'><div class='av-extra-border-outer'><div class='av-extra-border-inner'><\/div><\/div><\/div><\/div><div id='after_section_1'  class='main_color av_default_container_wrap container_wrap fullsize'  ><div class='container av-section-cont-open' ><div class='template-page content  av-content-full alpha units'><div class='post-entry post-entry-type-page post-entry-10059'><div class='entry-content-wrapper clearfix'>\n<div  class='flex_column av-3tj5v0-75fa5390fda856b6a5bbc8a1f1b0085d av_one_full  avia-builder-el-11  el_after_av_section  avia-builder-el-no-sibling  first flex_column_div  '     ><p><section  class='av_textblock_section av-m3ye87ku-e648d6fbc777ef2a56a4d71b45a28875 '   itemscope=\"itemscope\" itemtype=\"https:\/\/schema.org\/CreativeWork\" ><div class='avia_textblock'  itemprop=\"text\" ><p>The practices of the OZMO &#8211; Orthop\u00e4die Zentrum M\u00fcnchen Ost offer you experienced, highly qualified specialists for optimal treatment and care directly on site! The entire spectrum of surgical and conservative orthopedics as well as preparation, surgery and aftercare are available from the hands of our physicians.<\/p>\n<p>The best diagnostic procedures are the basis of trustworthy treatment: Whether digital X-rays, magnetic resonance imaging (MRI) or ultrasound &#8211; state-of-the-art imaging procedures and innovative technologies support the expertise of the medical team. A detailed diagnosis, with comprehensive treatment and optimal care tailored to it, is only possible in this way &#8211; from therapeutic measures to classic operations or minimally invasive procedures.<\/p>\n<\/div><\/section><br \/>\n\n<style type=\"text\/css\" data-created_by=\"avia_inline_auto\" id=\"style-css-av-m3ye8khl-41b061895fa1f0848a77bbaa7d0646cb\">\n#top .av-special-heading.av-m3ye8khl-41b061895fa1f0848a77bbaa7d0646cb{\npadding-bottom:10px;\n}\nbody .av-special-heading.av-m3ye8khl-41b061895fa1f0848a77bbaa7d0646cb .av-special-heading-tag .heading-char{\nfont-size:25px;\n}\n.av-special-heading.av-m3ye8khl-41b061895fa1f0848a77bbaa7d0646cb .av-subheading{\nfont-size:15px;\n}\n<\/style>\n<div  class='av-special-heading av-m3ye8khl-41b061895fa1f0848a77bbaa7d0646cb av-special-heading-h3 blockquote modern-quote  avia-builder-el-13  el_after_av_textblock  el_before_av_textblock '><h3 class='av-special-heading-tag '  itemprop=\"headline\"  >Best service<\/h3><div class=\"special-heading-border\"><div class=\"special-heading-inner-border\"><\/div><\/div><\/div><br \/>\n<section  class='av_textblock_section av-m3ye8t6e-3c2e265af8a63794642c11c837ab2e8a '   itemscope=\"itemscope\" itemtype=\"https:\/\/schema.org\/CreativeWork\" ><div class='avia_textblock'  itemprop=\"text\" ><p>Appointments can be made online or via our call center, appointments at short notice and emergency appointments possible.<\/p>\n<\/div><\/section><br \/>\n\n<style type=\"text\/css\" data-created_by=\"avia_inline_auto\" id=\"style-css-av-26o8zw-6a3873093b87dd863488700ca5e6ca99\">\n#top .av-special-heading.av-26o8zw-6a3873093b87dd863488700ca5e6ca99{\npadding-bottom:10px;\n}\nbody .av-special-heading.av-26o8zw-6a3873093b87dd863488700ca5e6ca99 .av-special-heading-tag .heading-char{\nfont-size:25px;\n}\n.av-special-heading.av-26o8zw-6a3873093b87dd863488700ca5e6ca99 .av-subheading{\nfont-size:15px;\n}\n<\/style>\n<div  class='av-special-heading av-26o8zw-6a3873093b87dd863488700ca5e6ca99 av-special-heading-h3 blockquote modern-quote  avia-builder-el-15  el_after_av_textblock  el_before_av_textblock '><h3 class='av-special-heading-tag '  itemprop=\"headline\"  >Opening hours<\/h3><div class=\"special-heading-border\"><div class=\"special-heading-inner-border\"><\/div><\/div><\/div><br \/>\n<section  class='av_textblock_section av-m3ye8za0-08bde6cae09e4cf9826f3a8eef12b84c '   itemscope=\"itemscope\" itemtype=\"https:\/\/schema.org\/CreativeWork\" ><div class='avia_textblock'  itemprop=\"text\" ><p>Appointments and emergencies by appointment.<\/p>\n<p>We are also available to all patients in Haar. Unfortunately, due to the lack of a cashier&#8217;s office as of 01.04.2022, we will no longer be able to bill the services at the Haar location to the statutory health insurance companies. However, you are welcome to continue to use our services such as examination and consultation, second opinion, injections, hyaluronic and PRP therapy, shock wave therapy, bone density measurements and much more for fair fees. In our practice in Munich Bogenhausen we can still offer appointments for patients with statutory health insurance.<\/p>\n<\/div><\/section><\/p><\/div>\n","protected":false},"excerpt":{"rendered":"","protected":false},"author":8,"featured_media":0,"parent":10056,"menu_order":0,"comment_status":"closed","ping_status":"closed","template":"","meta":{"footnotes":""},"class_list":["post-10059","page","type-page","status-publish","hentry"],"yoast_head":"<!-- This site is optimized with the Yoast SEO plugin v27.5 - https:\/\/yoast.com\/product\/yoast-seo-wordpress\/ -->\n<title>Clinic Munich-Haar &quot; Contact | OZMO<\/title>\n<meta name=\"description\" content=\"Clinic Munich-Haar - Orthopaedics Center Munich East. You can find us online: \u2713Contact \u2713Clinic Munich-Haar \u2713Orthopaedics \u260e +4989414143464 \u25b6 OZMO\" \/>\n<meta name=\"robots\" content=\"index, follow, max-snippet:-1, max-image-preview:large, max-video-preview:-1\" \/>\n<link rel=\"canonical\" href=\"https:\/\/www.orthopaediezentrum-muenchenost.de\/en\/contact-approach\/clinic-munich-haar\/\" \/>\n<meta property=\"og:locale\" content=\"en_US\" \/>\n<meta property=\"og:type\" content=\"article\" \/>\n<meta property=\"og:title\" content=\"Clinic Munich-Haar &quot; Contact | OZMO\" \/>\n<meta property=\"og:description\" content=\"Clinic Munich-Haar - Orthopaedics Center Munich East. You can find us online: \u2713Contact \u2713Clinic Munich-Haar \u2713Orthopaedics \u260e +4989414143464 \u25b6 OZMO\" \/>\n<meta property=\"og:url\" content=\"https:\/\/www.orthopaediezentrum-muenchenost.de\/en\/contact-approach\/clinic-munich-haar\/\" \/>\n<meta property=\"og:site_name\" content=\"Orthop\u00e4die Zentrum M\u00fcnchen Ost OZMO: Orthop\u00e4de M\u00fcnchen\" \/>\n<meta property=\"article:publisher\" content=\"https:\/\/www.facebook.com\/OZMO.de\" \/>\n<meta property=\"article:modified_time\" content=\"2025-04-23T20:36:18+00:00\" \/>\n<meta name=\"twitter:card\" content=\"summary_large_image\" \/>\n<meta name=\"twitter:label1\" content=\"Est. reading time\" \/>\n\t<meta name=\"twitter:data1\" content=\"6 minutes\" \/>\n<script type=\"application\/ld+json\" class=\"yoast-schema-graph\">{\"@context\":\"https:\\\/\\\/schema.org\",\"@graph\":[{\"@type\":\"WebPage\",\"@id\":\"https:\\\/\\\/www.orthopaediezentrum-muenchenost.de\\\/en\\\/contact-approach\\\/clinic-munich-haar\\\/\",\"url\":\"https:\\\/\\\/www.orthopaediezentrum-muenchenost.de\\\/en\\\/contact-approach\\\/clinic-munich-haar\\\/\",\"name\":\"Clinic Munich-Haar \\\" Contact | OZMO\",\"isPartOf\":{\"@id\":\"https:\\\/\\\/www.orthopaediezentrum-muenchenost.de\\\/en\\\/#website\"},\"datePublished\":\"2023-08-15T23:08:03+00:00\",\"dateModified\":\"2025-04-23T20:36:18+00:00\",\"description\":\"Clinic Munich-Haar - Orthopaedics Center Munich East. You can find us online: \u2713Contact \u2713Clinic Munich-Haar \u2713Orthopaedics \u260e +4989414143464 \u25b6 OZMO\",\"breadcrumb\":{\"@id\":\"https:\\\/\\\/www.orthopaediezentrum-muenchenost.de\\\/en\\\/contact-approach\\\/clinic-munich-haar\\\/#breadcrumb\"},\"inLanguage\":\"en-US\",\"potentialAction\":[{\"@type\":\"ReadAction\",\"target\":[\"https:\\\/\\\/www.orthopaediezentrum-muenchenost.de\\\/en\\\/contact-approach\\\/clinic-munich-haar\\\/\"]}]},{\"@type\":\"BreadcrumbList\",\"@id\":\"https:\\\/\\\/www.orthopaediezentrum-muenchenost.de\\\/en\\\/contact-approach\\\/clinic-munich-haar\\\/#breadcrumb\",\"itemListElement\":[{\"@type\":\"ListItem\",\"position\":1,\"name\":\"OZMO\",\"item\":\"https:\\\/\\\/www.orthopaediezentrum-muenchenost.de\\\/en\\\/\"},{\"@type\":\"ListItem\",\"position\":2,\"name\":\"Contact \\\/ Approach\",\"item\":\"https:\\\/\\\/www.orthopaediezentrum-muenchenost.de\\\/en\\\/contact-approach\\\/\"},{\"@type\":\"ListItem\",\"position\":3,\"name\":\"Clinic Munich-Haar\"}]},{\"@type\":\"WebSite\",\"@id\":\"https:\\\/\\\/www.orthopaediezentrum-muenchenost.de\\\/en\\\/#website\",\"url\":\"https:\\\/\\\/www.orthopaediezentrum-muenchenost.de\\\/en\\\/\",\"name\":\"Orthop\u00e4die Zentrum M\u00fcnchen Ost OZMO: Orthop\u00e4de M\u00fcnchen\",\"description\":\"\",\"publisher\":{\"@id\":\"https:\\\/\\\/www.orthopaediezentrum-muenchenost.de\\\/en\\\/#organization\"},\"potentialAction\":[{\"@type\":\"SearchAction\",\"target\":{\"@type\":\"EntryPoint\",\"urlTemplate\":\"https:\\\/\\\/www.orthopaediezentrum-muenchenost.de\\\/en\\\/?s={search_term_string}\"},\"query-input\":{\"@type\":\"PropertyValueSpecification\",\"valueRequired\":true,\"valueName\":\"search_term_string\"}}],\"inLanguage\":\"en-US\"},{\"@type\":\"Organization\",\"@id\":\"https:\\\/\\\/www.orthopaediezentrum-muenchenost.de\\\/en\\\/#organization\",\"name\":\"Orthop\u00e4die Zentrum M\u00fcnchen Ost OZMO: Orthop\u00e4de M\u00fcnchen\",\"url\":\"https:\\\/\\\/www.orthopaediezentrum-muenchenost.de\\\/en\\\/\",\"logo\":{\"@type\":\"ImageObject\",\"inLanguage\":\"en-US\",\"@id\":\"https:\\\/\\\/www.orthopaediezentrum-muenchenost.de\\\/en\\\/#\\\/schema\\\/logo\\\/image\\\/\",\"url\":\"https:\\\/\\\/www.orthopaediezentrum-muenchenost.de\\\/wp-content\\\/uploads\\\/2021\\\/12\\\/ozmo-logo-web.png\",\"contentUrl\":\"https:\\\/\\\/www.orthopaediezentrum-muenchenost.de\\\/wp-content\\\/uploads\\\/2021\\\/12\\\/ozmo-logo-web.png\",\"width\":1417,\"height\":547,\"caption\":\"Orthop\u00e4die Zentrum M\u00fcnchen Ost OZMO: Orthop\u00e4de M\u00fcnchen\"},\"image\":{\"@id\":\"https:\\\/\\\/www.orthopaediezentrum-muenchenost.de\\\/en\\\/#\\\/schema\\\/logo\\\/image\\\/\"},\"sameAs\":[\"https:\\\/\\\/www.facebook.com\\\/OZMO.de\"]}]}<\/script>\n<!-- \/ Yoast SEO plugin. -->","yoast_head_json":{"title":"Clinic Munich-Haar \" Contact | OZMO","description":"Clinic Munich-Haar - Orthopaedics Center Munich East. You can find us online: \u2713Contact \u2713Clinic Munich-Haar \u2713Orthopaedics \u260e +4989414143464 \u25b6 OZMO","robots":{"index":"index","follow":"follow","max-snippet":"max-snippet:-1","max-image-preview":"max-image-preview:large","max-video-preview":"max-video-preview:-1"},"canonical":"https:\/\/www.orthopaediezentrum-muenchenost.de\/en\/contact-approach\/clinic-munich-haar\/","og_locale":"en_US","og_type":"article","og_title":"Clinic Munich-Haar \" Contact | OZMO","og_description":"Clinic Munich-Haar - Orthopaedics Center Munich East. You can find us online: \u2713Contact \u2713Clinic Munich-Haar \u2713Orthopaedics \u260e +4989414143464 \u25b6 OZMO","og_url":"https:\/\/www.orthopaediezentrum-muenchenost.de\/en\/contact-approach\/clinic-munich-haar\/","og_site_name":"Orthop\u00e4die Zentrum M\u00fcnchen Ost OZMO: Orthop\u00e4de M\u00fcnchen","article_publisher":"https:\/\/www.facebook.com\/OZMO.de","article_modified_time":"2025-04-23T20:36:18+00:00","twitter_card":"summary_large_image","twitter_misc":{"Est. reading time":"6 minutes"},"schema":{"@context":"https:\/\/schema.org","@graph":[{"@type":"WebPage","@id":"https:\/\/www.orthopaediezentrum-muenchenost.de\/en\/contact-approach\/clinic-munich-haar\/","url":"https:\/\/www.orthopaediezentrum-muenchenost.de\/en\/contact-approach\/clinic-munich-haar\/","name":"Clinic Munich-Haar \" Contact | OZMO","isPartOf":{"@id":"https:\/\/www.orthopaediezentrum-muenchenost.de\/en\/#website"},"datePublished":"2023-08-15T23:08:03+00:00","dateModified":"2025-04-23T20:36:18+00:00","description":"Clinic Munich-Haar - Orthopaedics Center Munich East. You can find us online: \u2713Contact \u2713Clinic Munich-Haar \u2713Orthopaedics \u260e +4989414143464 \u25b6 OZMO","breadcrumb":{"@id":"https:\/\/www.orthopaediezentrum-muenchenost.de\/en\/contact-approach\/clinic-munich-haar\/#breadcrumb"},"inLanguage":"en-US","potentialAction":[{"@type":"ReadAction","target":["https:\/\/www.orthopaediezentrum-muenchenost.de\/en\/contact-approach\/clinic-munich-haar\/"]}]},{"@type":"BreadcrumbList","@id":"https:\/\/www.orthopaediezentrum-muenchenost.de\/en\/contact-approach\/clinic-munich-haar\/#breadcrumb","itemListElement":[{"@type":"ListItem","position":1,"name":"OZMO","item":"https:\/\/www.orthopaediezentrum-muenchenost.de\/en\/"},{"@type":"ListItem","position":2,"name":"Contact \/ Approach","item":"https:\/\/www.orthopaediezentrum-muenchenost.de\/en\/contact-approach\/"},{"@type":"ListItem","position":3,"name":"Clinic Munich-Haar"}]},{"@type":"WebSite","@id":"https:\/\/www.orthopaediezentrum-muenchenost.de\/en\/#website","url":"https:\/\/www.orthopaediezentrum-muenchenost.de\/en\/","name":"Orthop\u00e4die Zentrum M\u00fcnchen Ost OZMO: Orthop\u00e4de M\u00fcnchen","description":"","publisher":{"@id":"https:\/\/www.orthopaediezentrum-muenchenost.de\/en\/#organization"},"potentialAction":[{"@type":"SearchAction","target":{"@type":"EntryPoint","urlTemplate":"https:\/\/www.orthopaediezentrum-muenchenost.de\/en\/?s={search_term_string}"},"query-input":{"@type":"PropertyValueSpecification","valueRequired":true,"valueName":"search_term_string"}}],"inLanguage":"en-US"},{"@type":"Organization","@id":"https:\/\/www.orthopaediezentrum-muenchenost.de\/en\/#organization","name":"Orthop\u00e4die Zentrum M\u00fcnchen Ost OZMO: Orthop\u00e4de M\u00fcnchen","url":"https:\/\/www.orthopaediezentrum-muenchenost.de\/en\/","logo":{"@type":"ImageObject","inLanguage":"en-US","@id":"https:\/\/www.orthopaediezentrum-muenchenost.de\/en\/#\/schema\/logo\/image\/","url":"https:\/\/www.orthopaediezentrum-muenchenost.de\/wp-content\/uploads\/2021\/12\/ozmo-logo-web.png","contentUrl":"https:\/\/www.orthopaediezentrum-muenchenost.de\/wp-content\/uploads\/2021\/12\/ozmo-logo-web.png","width":1417,"height":547,"caption":"Orthop\u00e4die Zentrum M\u00fcnchen Ost OZMO: Orthop\u00e4de M\u00fcnchen"},"image":{"@id":"https:\/\/www.orthopaediezentrum-muenchenost.de\/en\/#\/schema\/logo\/image\/"},"sameAs":["https:\/\/www.facebook.com\/OZMO.de"]}]}},"_links":{"self":[{"href":"https:\/\/www.orthopaediezentrum-muenchenost.de\/en\/wp-json\/wp\/v2\/pages\/10059","targetHints":{"allow":["GET"]}}],"collection":[{"href":"https:\/\/www.orthopaediezentrum-muenchenost.de\/en\/wp-json\/wp\/v2\/pages"}],"about":[{"href":"https:\/\/www.orthopaediezentrum-muenchenost.de\/en\/wp-json\/wp\/v2\/types\/page"}],"author":[{"embeddable":true,"href":"https:\/\/www.orthopaediezentrum-muenchenost.de\/en\/wp-json\/wp\/v2\/users\/8"}],"replies":[{"embeddable":true,"href":"https:\/\/www.orthopaediezentrum-muenchenost.de\/en\/wp-json\/wp\/v2\/comments?post=10059"}],"version-history":[{"count":10,"href":"https:\/\/www.orthopaediezentrum-muenchenost.de\/en\/wp-json\/wp\/v2\/pages\/10059\/revisions"}],"predecessor-version":[{"id":11323,"href":"https:\/\/www.orthopaediezentrum-muenchenost.de\/en\/wp-json\/wp\/v2\/pages\/10059\/revisions\/11323"}],"up":[{"embeddable":true,"href":"https:\/\/www.orthopaediezentrum-muenchenost.de\/en\/wp-json\/wp\/v2\/pages\/10056"}],"wp:attachment":[{"href":"https:\/\/www.orthopaediezentrum-muenchenost.de\/en\/wp-json\/wp\/v2\/media?parent=10059"}],"curies":[{"name":"wp","href":"https:\/\/api.w.org\/{rel}","templated":true}]}}