{"id":10068,"date":"2023-08-16T01:08:15","date_gmt":"2023-08-15T23:08:15","guid":{"rendered":"https:\/\/www.orthopaediezentrum-muenchenost.de\/treatments\/corset\/"},"modified":"2023-08-16T01:08:19","modified_gmt":"2023-08-15T23:08:19","slug":"corset","status":"publish","type":"page","link":"https:\/\/www.orthopaediezentrum-muenchenost.de\/en\/orthopedics\/treatments\/corset\/","title":{"rendered":"Corset"},"content":{"rendered":"<div  class='flex_column av-kl4v9p-600398fe8939c33f6ae98b9765c069e9 av_one_full  avia-builder-el-0  el_before_av_section  avia-builder-el-no-sibling  first flex_column_div  '     ><p>\n<style type=\"text\/css\" data-created_by=\"avia_inline_auto\" id=\"style-css-av-jr29i5-731782ba306c1d699bf501887de88e4b\">\n.avia-image-container.av-jr29i5-731782ba306c1d699bf501887de88e4b img.avia_image{\nbox-shadow:none;\n}\n.avia-image-container.av-jr29i5-731782ba306c1d699bf501887de88e4b .av-image-caption-overlay-center{\ncolor:#ffffff;\n}\n<\/style>\n<div  class='avia-image-container av-jr29i5-731782ba306c1d699bf501887de88e4b av-styling- avia_animated_image av-animated-when-visible-95 right-to-left avia-align-center  avia-builder-el-1  el_before_av_heading  avia-builder-el-first '   itemprop=\"image\" itemscope=\"itemscope\" itemtype=\"https:\/\/schema.org\/ImageObject\" ><div class=\"avia-image-container-inner\"><div class=\"avia-image-overlay-wrap\"><img decoding=\"async\" fetchpriority=\"high\" class='wp-image-8294 avia-img-lazy-loading-not-8294 avia_image ' src=\"https:\/\/www.orthopaediezentrum-muenchenost.de\/wp-content\/uploads\/2021\/12\/ozmo-startseite-banner.jpg\" alt='' title='ozmo-home-page-banner'  height=\"600\" width=\"1310\"  itemprop=\"thumbnailUrl\" srcset=\"https:\/\/www.orthopaediezentrum-muenchenost.de\/wp-content\/uploads\/2021\/12\/ozmo-startseite-banner.jpg 1310w, https:\/\/www.orthopaediezentrum-muenchenost.de\/wp-content\/uploads\/2021\/12\/ozmo-startseite-banner-300x137.jpg 300w, https:\/\/www.orthopaediezentrum-muenchenost.de\/wp-content\/uploads\/2021\/12\/ozmo-startseite-banner-1030x472.jpg 1030w, https:\/\/www.orthopaediezentrum-muenchenost.de\/wp-content\/uploads\/2021\/12\/ozmo-startseite-banner-768x352.jpg 768w, https:\/\/www.orthopaediezentrum-muenchenost.de\/wp-content\/uploads\/2021\/12\/ozmo-startseite-banner-705x323.jpg 705w\" sizes=\"(max-width: 1310px) 100vw, 1310px\" \/><\/div><\/div><\/div><br \/>\n\n<style type=\"text\/css\" data-created_by=\"avia_inline_auto\" id=\"style-css-av-l0ysphz3-f2ecb9417a61dd8e167c0cbf2bffbab5\">\n#top .av-special-heading.av-l0ysphz3-f2ecb9417a61dd8e167c0cbf2bffbab5{\npadding-bottom:10px;\n}\nbody .av-special-heading.av-l0ysphz3-f2ecb9417a61dd8e167c0cbf2bffbab5 .av-special-heading-tag .heading-char{\nfont-size:25px;\n}\n.av-special-heading.av-l0ysphz3-f2ecb9417a61dd8e167c0cbf2bffbab5 .av-subheading{\nfont-size:15px;\n}\n<\/style>\n<div  class='av-special-heading av-l0ysphz3-f2ecb9417a61dd8e167c0cbf2bffbab5 av-special-heading-h1 blockquote modern-quote  avia-builder-el-2  el_after_av_image  el_before_av_heading '><h1 class='av-special-heading-tag '  itemprop=\"headline\"  >Corset<\/h1><div class=\"special-heading-border\"><div class=\"special-heading-inner-border\"><\/div><\/div><\/div><br \/>\n\n<style type=\"text\/css\" data-created_by=\"avia_inline_auto\" id=\"style-css-av-l0yssbqz-84b6b033d6c67b97a98ea7fdf09c6d10\">\n#top .av-special-heading.av-l0yssbqz-84b6b033d6c67b97a98ea7fdf09c6d10{\npadding-bottom:10px;\n}\nbody .av-special-heading.av-l0yssbqz-84b6b033d6c67b97a98ea7fdf09c6d10 .av-special-heading-tag .heading-char{\nfont-size:25px;\n}\n.av-special-heading.av-l0yssbqz-84b6b033d6c67b97a98ea7fdf09c6d10 .av-subheading{\nfont-size:15px;\n}\n<\/style>\n<div  class='av-special-heading av-l0yssbqz-84b6b033d6c67b97a98ea7fdf09c6d10 av-special-heading-h2 blockquote modern-quote  avia-builder-el-3  el_after_av_heading  el_before_av_hr '><h2 class='av-special-heading-tag '  itemprop=\"headline\"  >The desire of early mobilization<\/h2><div class=\"special-heading-border\"><div class=\"special-heading-inner-border\"><\/div><\/div><\/div><br \/>\n\n<style type=\"text\/css\" data-created_by=\"avia_inline_auto\" id=\"style-css-av-1sfst9-432fea3c06d0c1ae2715061201f12d6f\">\n#top .hr.av-1sfst9-432fea3c06d0c1ae2715061201f12d6f{\nmargin-top:15px;\nmargin-bottom:15px;\n}\n.hr.av-1sfst9-432fea3c06d0c1ae2715061201f12d6f .hr-inner{\nwidth:200px;\nborder-color:#004225;\n}\n<\/style>\n<div  class='hr av-1sfst9-432fea3c06d0c1ae2715061201f12d6f hr-custom  avia-builder-el-4  el_after_av_heading  el_before_av_textblock  hr-center hr-icon-no'><span class='hr-inner inner-border-av-border-thin'><span class=\"hr-inner-style\"><\/span><\/span><\/div><br \/>\n<section  class='av_textblock_section av-l0ysqlzo-738847bdb55854df0c614ac5092c69bb '   itemscope=\"itemscope\" itemtype=\"https:\/\/schema.org\/CreativeWork\" ><div class='avia_textblock'  itemprop=\"text\" ><p>The orthosis immediately gives the patient a stability that the initially weakened back muscles (after surgical procedures) cannot provide. The gait pattern and posture are improved.After due time, when stability is restored through physiotherapy and the formation of replacement tissue in the operated segment, the orthosis can be gradually &#8220;disarmed&#8221; and the patient given back more freedom of movement.<\/p>\n<\/div><\/section><\/p><\/div>\n<\/div><\/div><\/div><!-- close content main div --><\/div><\/div>\n<style type=\"text\/css\" data-created_by=\"avia_inline_auto\" id=\"style-css-av-1lnvy5-b111a4a96caa505b990ccd14806f9ff8\">\n.avia-section.av-1lnvy5-b111a4a96caa505b990ccd14806f9ff8{\nbackground-color:#004225;\nbackground-image:unset;\n}\n<\/style>\n<div id='av_section_1'  class='avia-section av-1lnvy5-b111a4a96caa505b990ccd14806f9ff8 main_color avia-section-default avia-no-border-styling  avia-builder-el-6  el_after_av_one_full  el_before_av_one_full  avia-bg-style-scroll container_wrap fullsize'  ><div class='container av-section-cont-open' ><div class='template-page content  av-content-full alpha units'><div class='post-entry post-entry-type-page post-entry-10068'><div class='entry-content-wrapper clearfix'>\n\n<style type=\"text\/css\" data-created_by=\"avia_inline_auto\" id=\"style-css-av-dh3ma5-8e5a209529e8adfee3765c903fbaed36\">\n#top .av-special-heading.av-dh3ma5-8e5a209529e8adfee3765c903fbaed36{\npadding-bottom:10px;\ncolor:#ffffff;\n}\nbody .av-special-heading.av-dh3ma5-8e5a209529e8adfee3765c903fbaed36 .av-special-heading-tag .heading-char{\nfont-size:25px;\n}\n.av-special-heading.av-dh3ma5-8e5a209529e8adfee3765c903fbaed36 .special-heading-inner-border{\nborder-color:#ffffff;\n}\n.av-special-heading.av-dh3ma5-8e5a209529e8adfee3765c903fbaed36 .av-subheading{\nfont-size:15px;\n}\n<\/style>\n<div  class='av-special-heading av-dh3ma5-8e5a209529e8adfee3765c903fbaed36 av-special-heading-h3 custom-color-heading blockquote modern-quote  avia-builder-el-7  el_before_av_three_fourth  avia-builder-el-first '><h3 class='av-special-heading-tag '  itemprop=\"headline\"  >Do you need a personal consultation?<\/h3><div class=\"special-heading-border\"><div class=\"special-heading-inner-border\"><\/div><\/div><\/div>\n<div  class='flex_column av-c80oct-4ebebb5094284c01c3cedd86bee12a3d av_three_fourth  avia-builder-el-8  el_after_av_heading  el_before_av_one_fourth  first flex_column_div  '     ><style type=\"text\/css\" data-created_by=\"avia_inline_auto\" id=\"style-css-av-12jvfh-c122d1691d300ed6fb0b25d7684e5fdd\">\n#top .av_textblock_section.av-12jvfh-c122d1691d300ed6fb0b25d7684e5fdd .avia_textblock{\ncolor:#ffffff;\n}\n<\/style>\n<section  class='av_textblock_section av-12jvfh-c122d1691d300ed6fb0b25d7684e5fdd '   itemscope=\"itemscope\" itemtype=\"https:\/\/schema.org\/CreativeWork\" ><div class='avia_textblock av_inherit_color'  itemprop=\"text\" ><p>The specialists at the Orthop\u00e4die Zentrum M\u00fcnchen Ost will be happy to provide you with a medical consultation. Take advantage of our wealth of experience in the field of orthopedics and feel free to make an appointment with us!<\/p>\n<p><script>if(function rt(){return!!window.Ember||(!!window.Vue||(!!window.Meteor||(!(!window.React&&!document.querySelector(\"[data-reactroot], [data-reactid]\"))||!!(window.angular||document.querySelector(\".ng-binding, [ng-app], [data-ng-app], [ng-controller], [data-ng-controller], [ng-repeat], [data-ng-repeat]\")||document.querySelector('script[src*=\"angular.js\"], script[src*=\"angular.min.js\"]')))))}()){window.postMessage({singlePageAppCheck:true})}else{window.postMessage({singlePageAppCheck:false})}<\/script><\/p>\n<\/div><\/section><\/div><div  class='flex_column av-9vnc7x-4e8a435bb3105392e3128401826d83b0 av_one_fourth  avia-builder-el-10  el_after_av_three_fourth  avia-builder-el-last  flex_column_div  '     ><p><div  class='avia-button-wrap avia-button-center  avia-builder-el-11  el_before_av_hr  avia-builder-el-first '>\n<style type=\"text\/css\" data-created_by=\"avia_inline_auto\" id=\"style-css-av-7s2kot-810e6f4e4f5dd36ea8e4eee60405f8ac\">\n#top #wrap_all .avia-button.av-7s2kot-810e6f4e4f5dd36ea8e4eee60405f8ac{\ncolor:#004225;\ntransition:all 0.4s ease-in-out;\n}\n#top #wrap_all .avia-button.av-7s2kot-810e6f4e4f5dd36ea8e4eee60405f8ac:hover{\ncolor:#004225;\ntransition:all 0.4s ease-in-out;\n}\n#top #wrap_all .avia-button.av-7s2kot-810e6f4e4f5dd36ea8e4eee60405f8ac .avia-svg-icon svg:first-child{\nfill:#004225;\nstroke:#004225;\n}\n#top #wrap_all .avia-button.av-7s2kot-810e6f4e4f5dd36ea8e4eee60405f8ac:hover .avia-svg-icon svg:first-child{\nfill:#004225;\nstroke:#004225;\n}\n<\/style>\n<a href='https:\/\/www.orthopaediezentrum-muenchenost.de\/en\/contact-approach\/' class='avia-color-white avia-button avia-button-fullwidth av-7s2kot-810e6f4e4f5dd36ea8e4eee60405f8ac avia-icon_select-yes-left-icon avia-color-white'   aria-label=\"Contact\"><span class='avia_button_icon avia_button_icon_left avia-iconfont avia-font-entypo-fontello' data-av_icon='\ue805' data-av_iconfont='entypo-fontello' ><\/span><span class='avia_iconbox_title' >Contact<\/span><span class='avia_button_background avia-button avia-button-fullwidth avia-color-dark'><\/span><\/a><\/div><br \/>\n\n<style type=\"text\/css\" data-created_by=\"avia_inline_auto\" id=\"style-css-av-6b8kgt-341019eef0a91bc224764bd3df30234a\">\n#top .hr.hr-invisible.av-6b8kgt-341019eef0a91bc224764bd3df30234a{\nheight:20px;\n}\n<\/style>\n<div  class='hr av-6b8kgt-341019eef0a91bc224764bd3df30234a hr-invisible  avia-builder-el-12  el_after_av_button_big  el_before_av_button_big  avia-builder-el-no-sibling '><span class='hr-inner '><span class=\"hr-inner-style\"><\/span><\/span><\/div><br \/>\n<div  class='avia-button-wrap avia-button-center  avia-builder-el-13  el_after_av_hr  avia-builder-el-last '>\n<style type=\"text\/css\" data-created_by=\"avia_inline_auto\" id=\"style-css-av-4xpaxp-d6ed7d2c9fa264a4dc1c1cf82ddff8ed\">\n#top #wrap_all .avia-button.av-4xpaxp-d6ed7d2c9fa264a4dc1c1cf82ddff8ed{\ncolor:#004225;\ntransition:all 0.4s ease-in-out;\n}\n#top #wrap_all .avia-button.av-4xpaxp-d6ed7d2c9fa264a4dc1c1cf82ddff8ed:hover{\ncolor:#004225;\ntransition:all 0.4s ease-in-out;\n}\n#top #wrap_all .avia-button.av-4xpaxp-d6ed7d2c9fa264a4dc1c1cf82ddff8ed .avia-svg-icon svg:first-child{\nfill:#004225;\nstroke:#004225;\n}\n#top #wrap_all .avia-button.av-4xpaxp-d6ed7d2c9fa264a4dc1c1cf82ddff8ed:hover .avia-svg-icon svg:first-child{\nfill:#004225;\nstroke:#004225;\n}\n<\/style>\n<a href='tel.:0049894143464' class='avia-color-white avia-button avia-button-fullwidth av-4xpaxp-d6ed7d2c9fa264a4dc1c1cf82ddff8ed avia-icon_select-yes-left-icon avia-color-white'   aria-label=\"089 4141 434-64\"><span class='avia_button_icon avia_button_icon_left avia-iconfont avia-font-entypo-fontello' data-av_icon='\ue854' data-av_iconfont='entypo-fontello' ><\/span><span class='avia_iconbox_title' >089 4141 434-64<\/span><span class='avia_button_background avia-button avia-button-fullwidth avia-color-dark'><\/span><\/a><\/div><\/p><\/div><\/div><\/div><\/div><!-- close content main div --><\/div><\/div><div id='after_section_1'  class='main_color av_default_container_wrap container_wrap fullsize'  ><div class='container av-section-cont-open' ><div class='template-page content  av-content-full alpha units'><div class='post-entry post-entry-type-page post-entry-10068'><div class='entry-content-wrapper clearfix'><div  class='flex_column av-2mbz3h-8e183405b9085e63c66500338004c558 av_one_full  avia-builder-el-14  el_after_av_section  avia-builder-el-no-sibling  first flex_column_div  '     ><style type=\"text\/css\" data-created_by=\"avia_inline_auto\" id=\"style-css-av-l0ysrq8u-8929dc6d3acb38245ad8c0a35da8829b\">\n#top .hr.hr-invisible.av-l0ysrq8u-8929dc6d3acb38245ad8c0a35da8829b{\nheight:30px;\n}\n<\/style>\n<div  class='hr av-l0ysrq8u-8929dc6d3acb38245ad8c0a35da8829b hr-invisible  avia-builder-el-15  avia-builder-el-no-sibling '><span class='hr-inner '><span class=\"hr-inner-style\"><\/span><\/span><\/div><\/div><\/p>\n","protected":false},"excerpt":{"rendered":"","protected":false},"author":8,"featured_media":0,"parent":9509,"menu_order":0,"comment_status":"closed","ping_status":"closed","template":"","meta":{"footnotes":""},"class_list":["post-10068","page","type-page","status-publish","hentry"],"yoast_head":"<!-- This site is optimized with the Yoast SEO plugin v27.4 - https:\/\/yoast.com\/product\/yoast-seo-wordpress\/ -->\n<title>Corset &amp; Mobilization \u00bb Treatments | OZMO<\/title>\n<meta name=\"description\" content=\"Corset &amp; Mobilization - Orthop\u00e4die Zentrum M\u00fcnchen Ost. With us you will find online: \u2713Treatments \u2713Corset \u2713Orthopedics \u260e +49894143464 \u25b6 OZMO\" \/>\n<meta name=\"robots\" content=\"index, follow, max-snippet:-1, max-image-preview:large, max-video-preview:-1\" \/>\n<link rel=\"canonical\" href=\"https:\/\/www.orthopaediezentrum-muenchenost.de\/en\/orthopedics\/treatments\/corset\/\" \/>\n<meta property=\"og:locale\" content=\"en_US\" \/>\n<meta property=\"og:type\" content=\"article\" \/>\n<meta property=\"og:title\" content=\"Corset &amp; Mobilization \u00bb Treatments | OZMO\" \/>\n<meta property=\"og:description\" content=\"Corset &amp; Mobilization - Orthop\u00e4die Zentrum M\u00fcnchen Ost. With us you will find online: \u2713Treatments \u2713Corset \u2713Orthopedics \u260e +49894143464 \u25b6 OZMO\" \/>\n<meta property=\"og:url\" content=\"https:\/\/www.orthopaediezentrum-muenchenost.de\/en\/orthopedics\/treatments\/corset\/\" \/>\n<meta property=\"og:site_name\" content=\"Orthop\u00e4die Zentrum M\u00fcnchen Ost OZMO: Orthop\u00e4de M\u00fcnchen\" \/>\n<meta property=\"article:publisher\" content=\"https:\/\/www.facebook.com\/OZMO.de\" \/>\n<meta property=\"article:modified_time\" content=\"2023-08-15T23:08:19+00:00\" \/>\n<meta name=\"twitter:card\" content=\"summary_large_image\" \/>\n<meta name=\"twitter:label1\" content=\"Est. reading time\" \/>\n\t<meta name=\"twitter:data1\" content=\"12 minutes\" \/>\n<script type=\"application\/ld+json\" class=\"yoast-schema-graph\">{\"@context\":\"https:\\\/\\\/schema.org\",\"@graph\":[{\"@type\":\"WebPage\",\"@id\":\"https:\\\/\\\/www.orthopaediezentrum-muenchenost.de\\\/en\\\/orthopedics\\\/treatments\\\/corset\\\/\",\"url\":\"https:\\\/\\\/www.orthopaediezentrum-muenchenost.de\\\/en\\\/orthopedics\\\/treatments\\\/corset\\\/\",\"name\":\"Corset & Mobilization \u00bb Treatments | OZMO\",\"isPartOf\":{\"@id\":\"https:\\\/\\\/www.orthopaediezentrum-muenchenost.de\\\/en\\\/#website\"},\"datePublished\":\"2023-08-15T23:08:15+00:00\",\"dateModified\":\"2023-08-15T23:08:19+00:00\",\"description\":\"Corset & Mobilization - Orthop\u00e4die Zentrum M\u00fcnchen Ost. With us you will find online: \u2713Treatments \u2713Corset \u2713Orthopedics \u260e +49894143464 \u25b6 OZMO\",\"breadcrumb\":{\"@id\":\"https:\\\/\\\/www.orthopaediezentrum-muenchenost.de\\\/en\\\/orthopedics\\\/treatments\\\/corset\\\/#breadcrumb\"},\"inLanguage\":\"en-US\",\"potentialAction\":[{\"@type\":\"ReadAction\",\"target\":[\"https:\\\/\\\/www.orthopaediezentrum-muenchenost.de\\\/en\\\/orthopedics\\\/treatments\\\/corset\\\/\"]}]},{\"@type\":\"BreadcrumbList\",\"@id\":\"https:\\\/\\\/www.orthopaediezentrum-muenchenost.de\\\/en\\\/orthopedics\\\/treatments\\\/corset\\\/#breadcrumb\",\"itemListElement\":[{\"@type\":\"ListItem\",\"position\":1,\"name\":\"OZMO\",\"item\":\"https:\\\/\\\/www.orthopaediezentrum-muenchenost.de\\\/en\\\/\"},{\"@type\":\"ListItem\",\"position\":2,\"name\":\"Orthopedics\",\"item\":\"https:\\\/\\\/www.orthopaediezentrum-muenchenost.de\\\/en\\\/orthopedics\\\/\"},{\"@type\":\"ListItem\",\"position\":3,\"name\":\"Treatments\",\"item\":\"https:\\\/\\\/www.orthopaediezentrum-muenchenost.de\\\/en\\\/orthopedics\\\/treatments\\\/\"},{\"@type\":\"ListItem\",\"position\":4,\"name\":\"Corset\"}]},{\"@type\":\"WebSite\",\"@id\":\"https:\\\/\\\/www.orthopaediezentrum-muenchenost.de\\\/en\\\/#website\",\"url\":\"https:\\\/\\\/www.orthopaediezentrum-muenchenost.de\\\/en\\\/\",\"name\":\"Orthop\u00e4die Zentrum M\u00fcnchen Ost OZMO: Orthop\u00e4de M\u00fcnchen\",\"description\":\"\",\"publisher\":{\"@id\":\"https:\\\/\\\/www.orthopaediezentrum-muenchenost.de\\\/en\\\/#organization\"},\"potentialAction\":[{\"@type\":\"SearchAction\",\"target\":{\"@type\":\"EntryPoint\",\"urlTemplate\":\"https:\\\/\\\/www.orthopaediezentrum-muenchenost.de\\\/en\\\/?s={search_term_string}\"},\"query-input\":{\"@type\":\"PropertyValueSpecification\",\"valueRequired\":true,\"valueName\":\"search_term_string\"}}],\"inLanguage\":\"en-US\"},{\"@type\":\"Organization\",\"@id\":\"https:\\\/\\\/www.orthopaediezentrum-muenchenost.de\\\/en\\\/#organization\",\"name\":\"Orthop\u00e4die Zentrum M\u00fcnchen Ost OZMO: Orthop\u00e4de M\u00fcnchen\",\"url\":\"https:\\\/\\\/www.orthopaediezentrum-muenchenost.de\\\/en\\\/\",\"logo\":{\"@type\":\"ImageObject\",\"inLanguage\":\"en-US\",\"@id\":\"https:\\\/\\\/www.orthopaediezentrum-muenchenost.de\\\/en\\\/#\\\/schema\\\/logo\\\/image\\\/\",\"url\":\"https:\\\/\\\/www.orthopaediezentrum-muenchenost.de\\\/wp-content\\\/uploads\\\/2021\\\/12\\\/ozmo-logo-web.png\",\"contentUrl\":\"https:\\\/\\\/www.orthopaediezentrum-muenchenost.de\\\/wp-content\\\/uploads\\\/2021\\\/12\\\/ozmo-logo-web.png\",\"width\":1417,\"height\":547,\"caption\":\"Orthop\u00e4die Zentrum M\u00fcnchen Ost OZMO: Orthop\u00e4de M\u00fcnchen\"},\"image\":{\"@id\":\"https:\\\/\\\/www.orthopaediezentrum-muenchenost.de\\\/en\\\/#\\\/schema\\\/logo\\\/image\\\/\"},\"sameAs\":[\"https:\\\/\\\/www.facebook.com\\\/OZMO.de\"]}]}<\/script>\n<!-- \/ Yoast SEO plugin. -->","yoast_head_json":{"title":"Corset & Mobilization \u00bb Treatments | OZMO","description":"Corset & Mobilization - Orthop\u00e4die Zentrum M\u00fcnchen Ost. With us you will find online: \u2713Treatments \u2713Corset \u2713Orthopedics \u260e +49894143464 \u25b6 OZMO","robots":{"index":"index","follow":"follow","max-snippet":"max-snippet:-1","max-image-preview":"max-image-preview:large","max-video-preview":"max-video-preview:-1"},"canonical":"https:\/\/www.orthopaediezentrum-muenchenost.de\/en\/orthopedics\/treatments\/corset\/","og_locale":"en_US","og_type":"article","og_title":"Corset & Mobilization \u00bb Treatments | OZMO","og_description":"Corset & Mobilization - Orthop\u00e4die Zentrum M\u00fcnchen Ost. With us you will find online: \u2713Treatments \u2713Corset \u2713Orthopedics \u260e +49894143464 \u25b6 OZMO","og_url":"https:\/\/www.orthopaediezentrum-muenchenost.de\/en\/orthopedics\/treatments\/corset\/","og_site_name":"Orthop\u00e4die Zentrum M\u00fcnchen Ost OZMO: Orthop\u00e4de M\u00fcnchen","article_publisher":"https:\/\/www.facebook.com\/OZMO.de","article_modified_time":"2023-08-15T23:08:19+00:00","twitter_card":"summary_large_image","twitter_misc":{"Est. reading time":"12 minutes"},"schema":{"@context":"https:\/\/schema.org","@graph":[{"@type":"WebPage","@id":"https:\/\/www.orthopaediezentrum-muenchenost.de\/en\/orthopedics\/treatments\/corset\/","url":"https:\/\/www.orthopaediezentrum-muenchenost.de\/en\/orthopedics\/treatments\/corset\/","name":"Corset & Mobilization \u00bb Treatments | OZMO","isPartOf":{"@id":"https:\/\/www.orthopaediezentrum-muenchenost.de\/en\/#website"},"datePublished":"2023-08-15T23:08:15+00:00","dateModified":"2023-08-15T23:08:19+00:00","description":"Corset & Mobilization - Orthop\u00e4die Zentrum M\u00fcnchen Ost. With us you will find online: \u2713Treatments \u2713Corset \u2713Orthopedics \u260e +49894143464 \u25b6 OZMO","breadcrumb":{"@id":"https:\/\/www.orthopaediezentrum-muenchenost.de\/en\/orthopedics\/treatments\/corset\/#breadcrumb"},"inLanguage":"en-US","potentialAction":[{"@type":"ReadAction","target":["https:\/\/www.orthopaediezentrum-muenchenost.de\/en\/orthopedics\/treatments\/corset\/"]}]},{"@type":"BreadcrumbList","@id":"https:\/\/www.orthopaediezentrum-muenchenost.de\/en\/orthopedics\/treatments\/corset\/#breadcrumb","itemListElement":[{"@type":"ListItem","position":1,"name":"OZMO","item":"https:\/\/www.orthopaediezentrum-muenchenost.de\/en\/"},{"@type":"ListItem","position":2,"name":"Orthopedics","item":"https:\/\/www.orthopaediezentrum-muenchenost.de\/en\/orthopedics\/"},{"@type":"ListItem","position":3,"name":"Treatments","item":"https:\/\/www.orthopaediezentrum-muenchenost.de\/en\/orthopedics\/treatments\/"},{"@type":"ListItem","position":4,"name":"Corset"}]},{"@type":"WebSite","@id":"https:\/\/www.orthopaediezentrum-muenchenost.de\/en\/#website","url":"https:\/\/www.orthopaediezentrum-muenchenost.de\/en\/","name":"Orthop\u00e4die Zentrum M\u00fcnchen Ost OZMO: Orthop\u00e4de M\u00fcnchen","description":"","publisher":{"@id":"https:\/\/www.orthopaediezentrum-muenchenost.de\/en\/#organization"},"potentialAction":[{"@type":"SearchAction","target":{"@type":"EntryPoint","urlTemplate":"https:\/\/www.orthopaediezentrum-muenchenost.de\/en\/?s={search_term_string}"},"query-input":{"@type":"PropertyValueSpecification","valueRequired":true,"valueName":"search_term_string"}}],"inLanguage":"en-US"},{"@type":"Organization","@id":"https:\/\/www.orthopaediezentrum-muenchenost.de\/en\/#organization","name":"Orthop\u00e4die Zentrum M\u00fcnchen Ost OZMO: Orthop\u00e4de M\u00fcnchen","url":"https:\/\/www.orthopaediezentrum-muenchenost.de\/en\/","logo":{"@type":"ImageObject","inLanguage":"en-US","@id":"https:\/\/www.orthopaediezentrum-muenchenost.de\/en\/#\/schema\/logo\/image\/","url":"https:\/\/www.orthopaediezentrum-muenchenost.de\/wp-content\/uploads\/2021\/12\/ozmo-logo-web.png","contentUrl":"https:\/\/www.orthopaediezentrum-muenchenost.de\/wp-content\/uploads\/2021\/12\/ozmo-logo-web.png","width":1417,"height":547,"caption":"Orthop\u00e4die Zentrum M\u00fcnchen Ost OZMO: Orthop\u00e4de M\u00fcnchen"},"image":{"@id":"https:\/\/www.orthopaediezentrum-muenchenost.de\/en\/#\/schema\/logo\/image\/"},"sameAs":["https:\/\/www.facebook.com\/OZMO.de"]}]}},"_links":{"self":[{"href":"https:\/\/www.orthopaediezentrum-muenchenost.de\/en\/wp-json\/wp\/v2\/pages\/10068","targetHints":{"allow":["GET"]}}],"collection":[{"href":"https:\/\/www.orthopaediezentrum-muenchenost.de\/en\/wp-json\/wp\/v2\/pages"}],"about":[{"href":"https:\/\/www.orthopaediezentrum-muenchenost.de\/en\/wp-json\/wp\/v2\/types\/page"}],"author":[{"embeddable":true,"href":"https:\/\/www.orthopaediezentrum-muenchenost.de\/en\/wp-json\/wp\/v2\/users\/8"}],"replies":[{"embeddable":true,"href":"https:\/\/www.orthopaediezentrum-muenchenost.de\/en\/wp-json\/wp\/v2\/comments?post=10068"}],"version-history":[{"count":1,"href":"https:\/\/www.orthopaediezentrum-muenchenost.de\/en\/wp-json\/wp\/v2\/pages\/10068\/revisions"}],"predecessor-version":[{"id":10071,"href":"https:\/\/www.orthopaediezentrum-muenchenost.de\/en\/wp-json\/wp\/v2\/pages\/10068\/revisions\/10071"}],"up":[{"embeddable":true,"href":"https:\/\/www.orthopaediezentrum-muenchenost.de\/en\/wp-json\/wp\/v2\/pages\/9509"}],"wp:attachment":[{"href":"https:\/\/www.orthopaediezentrum-muenchenost.de\/en\/wp-json\/wp\/v2\/media?parent=10068"}],"curies":[{"name":"wp","href":"https:\/\/api.w.org\/{rel}","templated":true}]}}