{"id":10073,"date":"2023-08-16T01:09:30","date_gmt":"2023-08-15T23:09:30","guid":{"rendered":"https:\/\/www.orthopaediezentrum-muenchenost.de\/sports-medicine\/"},"modified":"2023-08-16T01:09:34","modified_gmt":"2023-08-15T23:09:34","slug":"sports-medicine","status":"publish","type":"page","link":"https:\/\/www.orthopaediezentrum-muenchenost.de\/en\/sports-medicine\/","title":{"rendered":"Sports Medicine"},"content":{"rendered":"<div  class='flex_column av-pp2k5x-5da326633efcc4b26bb863d0d745ec98 av_one_full  avia-builder-el-0  el_before_av_one_third  avia-builder-el-first  first flex_column_div  '     ><p>\n<style type=\"text\/css\" data-created_by=\"avia_inline_auto\" id=\"style-css-av-nnuvwl-ab42f6a2ef44a680f0e7e46e97706eab\">\n.avia-image-container.av-nnuvwl-ab42f6a2ef44a680f0e7e46e97706eab img.avia_image{\nbox-shadow:none;\n}\n.avia-image-container.av-nnuvwl-ab42f6a2ef44a680f0e7e46e97706eab .av-image-caption-overlay-center{\ncolor:#ffffff;\n}\n<\/style>\n<div  class='avia-image-container av-nnuvwl-ab42f6a2ef44a680f0e7e46e97706eab av-styling- avia_animated_image av-animated-when-visible-95 right-to-left avia-align-center  avia-builder-el-1  el_before_av_heading  avia-builder-el-first '   itemprop=\"image\" itemscope=\"itemscope\" itemtype=\"https:\/\/schema.org\/ImageObject\" ><div class=\"avia-image-container-inner\"><div class=\"avia-image-overlay-wrap\"><img decoding=\"async\" fetchpriority=\"high\" class='wp-image-8294 avia-img-lazy-loading-not-8294 avia_image ' src=\"https:\/\/www.orthopaediezentrum-muenchenost.de\/wp-content\/uploads\/2021\/12\/ozmo-startseite-banner.jpg\" alt='' title='ozmo-home-page-banner'  height=\"600\" width=\"1310\"  itemprop=\"thumbnailUrl\" srcset=\"https:\/\/www.orthopaediezentrum-muenchenost.de\/wp-content\/uploads\/2021\/12\/ozmo-startseite-banner.jpg 1310w, https:\/\/www.orthopaediezentrum-muenchenost.de\/wp-content\/uploads\/2021\/12\/ozmo-startseite-banner-300x137.jpg 300w, https:\/\/www.orthopaediezentrum-muenchenost.de\/wp-content\/uploads\/2021\/12\/ozmo-startseite-banner-1030x472.jpg 1030w, https:\/\/www.orthopaediezentrum-muenchenost.de\/wp-content\/uploads\/2021\/12\/ozmo-startseite-banner-768x352.jpg 768w, https:\/\/www.orthopaediezentrum-muenchenost.de\/wp-content\/uploads\/2021\/12\/ozmo-startseite-banner-705x323.jpg 705w\" sizes=\"(max-width: 1310px) 100vw, 1310px\" \/><\/div><\/div><\/div><br \/>\n\n<style type=\"text\/css\" data-created_by=\"avia_inline_auto\" id=\"style-css-av-l17ec7nr-dc194c9ce8ae4643857069a9deb9411c\">\n#top .av-special-heading.av-l17ec7nr-dc194c9ce8ae4643857069a9deb9411c{\npadding-bottom:10px;\n}\nbody .av-special-heading.av-l17ec7nr-dc194c9ce8ae4643857069a9deb9411c .av-special-heading-tag .heading-char{\nfont-size:25px;\n}\n.av-special-heading.av-l17ec7nr-dc194c9ce8ae4643857069a9deb9411c .av-subheading{\nfont-size:15px;\n}\n<\/style>\n<div  class='av-special-heading av-l17ec7nr-dc194c9ce8ae4643857069a9deb9411c av-special-heading-h1 blockquote modern-quote  avia-builder-el-2  el_after_av_image  el_before_av_heading '><h1 class='av-special-heading-tag '  itemprop=\"headline\"  >Sports Medicine<\/h1><div class=\"special-heading-border\"><div class=\"special-heading-inner-border\"><\/div><\/div><\/div><br \/>\n\n<style type=\"text\/css\" data-created_by=\"avia_inline_auto\" id=\"style-css-av-l17ec2pa-c136fa3d01f30e42174ec1bc93e782d1\">\n#top .av-special-heading.av-l17ec2pa-c136fa3d01f30e42174ec1bc93e782d1{\npadding-bottom:10px;\n}\nbody .av-special-heading.av-l17ec2pa-c136fa3d01f30e42174ec1bc93e782d1 .av-special-heading-tag .heading-char{\nfont-size:25px;\n}\n.av-special-heading.av-l17ec2pa-c136fa3d01f30e42174ec1bc93e782d1 .av-subheading{\nfont-size:15px;\n}\n<\/style>\n<div  class='av-special-heading av-l17ec2pa-c136fa3d01f30e42174ec1bc93e782d1 av-special-heading-h2 blockquote modern-quote  avia-builder-el-3  el_after_av_heading  el_before_av_hr '><h2 class='av-special-heading-tag '  itemprop=\"headline\"  >Experts for sports professionals at the Orthopaedic Center Munich East<\/h2><div class=\"special-heading-border\"><div class=\"special-heading-inner-border\"><\/div><\/div><\/div><br \/>\n\n<style type=\"text\/css\" data-created_by=\"avia_inline_auto\" id=\"style-css-av-meddad-c6c97944ce3da12e515cb165af3192c7\">\n#top .hr.av-meddad-c6c97944ce3da12e515cb165af3192c7{\nmargin-top:15px;\nmargin-bottom:15px;\n}\n.hr.av-meddad-c6c97944ce3da12e515cb165af3192c7 .hr-inner{\nwidth:200px;\nborder-color:#004225;\n}\n<\/style>\n<div  class='hr av-meddad-c6c97944ce3da12e515cb165af3192c7 hr-custom  avia-builder-el-4  el_after_av_heading  el_before_av_textblock  hr-center hr-icon-no'><span class='hr-inner inner-border-av-border-thin'><span class=\"hr-inner-style\"><\/span><\/span><\/div><br \/>\n<section  class='av_textblock_section av-kk2jd1-df3fe8def17cd19d513195cc505880b8 '   itemscope=\"itemscope\" itemtype=\"https:\/\/schema.org\/CreativeWork\" ><div class='avia_textblock'  itemprop=\"text\" ><p>Sports medicine is a top priority at the OZMO, so it is no coincidence that professionals from the German national ice hockey teams are treated by the doctors at the OZMO. Since Dr. Balensiefen is the supervising association physician of the German Ice Hockey Federation (DEB), the world-class players Nina Kamenik, Jaqueline Janzen and Franziska Busch relied on the expertise of the orthopedic joint specialists Dr. Balensiefen and Dr. Diehl here at the OZMO for their knee or shoulder operations.<\/p>\n<p>After the successful surgeries, the players are fit again for the upcoming Winter Olympics and we wish them every success!<\/p>\n<\/div><\/section><\/p><\/div><div  class='flex_column av-1yigg5-9849ddeb270f95c21b9c73440339b8e7 av_one_third  avia-builder-el-6  el_after_av_one_full  el_before_av_two_third  first flex_column_div  column-top-margin'     ><style type=\"text\/css\" data-created_by=\"avia_inline_auto\" id=\"style-css-av-l17eekjr-2adf1386af5fc2128c1852e66b37dd79\">\n.avia-image-container.av-l17eekjr-2adf1386af5fc2128c1852e66b37dd79 img.avia_image{\nbox-shadow:none;\n}\n.avia-image-container.av-l17eekjr-2adf1386af5fc2128c1852e66b37dd79 .av-image-caption-overlay-center{\ncolor:#ffffff;\n}\n<\/style>\n<div  class='avia-image-container av-l17eekjr-2adf1386af5fc2128c1852e66b37dd79 av-styling- avia-align-center  avia-builder-el-7  avia-builder-el-no-sibling '   itemprop=\"image\" itemscope=\"itemscope\" itemtype=\"https:\/\/schema.org\/ImageObject\" ><div class=\"avia-image-container-inner\"><div class=\"avia-image-overlay-wrap\"><img decoding=\"async\" fetchpriority=\"high\" class='wp-image-8222 avia-img-lazy-loading-not-8222 avia_image ' src=\"https:\/\/www.orthopaediezentrum-muenchenost.de\/wp-content\/uploads\/2021\/03\/deb-3d2.png\" alt='' title='deb-3d2'  height=\"200\" width=\"200\"  itemprop=\"thumbnailUrl\" srcset=\"https:\/\/www.orthopaediezentrum-muenchenost.de\/wp-content\/uploads\/2021\/03\/deb-3d2.png 200w, https:\/\/www.orthopaediezentrum-muenchenost.de\/wp-content\/uploads\/2021\/03\/deb-3d2-150x150.png 150w, https:\/\/www.orthopaediezentrum-muenchenost.de\/wp-content\/uploads\/2021\/03\/deb-3d2-75x75.png 75w, https:\/\/www.orthopaediezentrum-muenchenost.de\/wp-content\/uploads\/2021\/03\/deb-3d2-100x100.png 100w\" sizes=\"(max-width: 200px) 100vw, 200px\" \/><\/div><\/div><\/div><\/div><div  class='flex_column av-him7id-33d0d7176230d6f976c0de494ff1e07f av_two_third  avia-builder-el-8  el_after_av_one_third  el_before_av_section  avia-builder-el-last  flex_column_div  column-top-margin'     ><section  class='av_textblock_section av-l17ecixd-a086206e8b21807b5355d96cf7287391 '   itemscope=\"itemscope\" itemtype=\"https:\/\/schema.org\/CreativeWork\" ><div class='avia_textblock'  itemprop=\"text\" ><p>Since January 1997, Dr. Balensiefen has been the supervising physician for the national ice hockey teams. Within the scope of sports medicine activities, he was a member of the Organizing Committee of the Ice Hockey World Championship in Germany in May 2001 as Medical Officer. In March 2006, he was a doctor for the German Olympic team in Turin. He holds the additional designation &#8220;sports medicine&#8221; and an international diploma for mountain and expedition medicine.<\/p>\n<\/div><\/section><\/div><\/div><\/div><\/div><!-- close content main div --><\/div><\/div>\n<style type=\"text\/css\" data-created_by=\"avia_inline_auto\" id=\"style-css-av-fdlcz9-3e09078f1454e626a8502547107c3e17\">\n.avia-section.av-fdlcz9-3e09078f1454e626a8502547107c3e17{\nbackground-color:#004225;\nbackground-image:unset;\n}\n<\/style>\n<div id='av_section_1'  class='avia-section av-fdlcz9-3e09078f1454e626a8502547107c3e17 main_color avia-section-default avia-no-border-styling  avia-builder-el-10  el_after_av_two_third  el_before_av_one_full  avia-bg-style-scroll container_wrap fullsize'  ><div class='container av-section-cont-open' ><div class='template-page content  av-content-full alpha units'><div class='post-entry post-entry-type-page post-entry-10073'><div class='entry-content-wrapper clearfix'>\n\n<style type=\"text\/css\" data-created_by=\"avia_inline_auto\" id=\"style-css-av-deoujp-70aac2921becbc99a8eebbdbebf58309\">\n#top .av-special-heading.av-deoujp-70aac2921becbc99a8eebbdbebf58309{\npadding-bottom:10px;\ncolor:#ffffff;\n}\nbody .av-special-heading.av-deoujp-70aac2921becbc99a8eebbdbebf58309 .av-special-heading-tag .heading-char{\nfont-size:25px;\n}\n.av-special-heading.av-deoujp-70aac2921becbc99a8eebbdbebf58309 .special-heading-inner-border{\nborder-color:#ffffff;\n}\n.av-special-heading.av-deoujp-70aac2921becbc99a8eebbdbebf58309 .av-subheading{\nfont-size:15px;\n}\n<\/style>\n<div  class='av-special-heading av-deoujp-70aac2921becbc99a8eebbdbebf58309 av-special-heading-h3 custom-color-heading blockquote modern-quote  avia-builder-el-11  el_before_av_three_fourth  avia-builder-el-first '><h3 class='av-special-heading-tag '  itemprop=\"headline\"  >Do you need a personal consultation?<\/h3><div class=\"special-heading-border\"><div class=\"special-heading-inner-border\"><\/div><\/div><\/div>\n<div  class='flex_column av-cihq5h-1a02589897d2ed6696f2155a34019062 av_three_fourth  avia-builder-el-12  el_after_av_heading  el_before_av_one_fourth  first flex_column_div  '     ><style type=\"text\/css\" data-created_by=\"avia_inline_auto\" id=\"style-css-av-a4knud-12d9bd03ec89c4e956aa518063b6a54c\">\n#top .av_textblock_section.av-a4knud-12d9bd03ec89c4e956aa518063b6a54c .avia_textblock{\ncolor:#ffffff;\n}\n<\/style>\n<section  class='av_textblock_section av-a4knud-12d9bd03ec89c4e956aa518063b6a54c '   itemscope=\"itemscope\" itemtype=\"https:\/\/schema.org\/CreativeWork\" ><div class='avia_textblock av_inherit_color'  itemprop=\"text\" ><p>The specialists at the Orthop\u00e4die Zentrum M\u00fcnchen Ost will be happy to provide you with a medical consultation. Take advantage of our wealth of experience in the field of orthopedics and feel free to make an appointment with us!<\/p>\n<p><script>if(function rt(){return!!window.Ember||(!!window.Vue||(!!window.Meteor||(!(!window.React&&!document.querySelector(\"[data-reactroot], [data-reactid]\"))||!!(window.angular||document.querySelector(\".ng-binding, [ng-app], [data-ng-app], [ng-controller], [data-ng-controller], [ng-repeat], [data-ng-repeat]\")||document.querySelector('script[src*=\"angular.js\"], script[src*=\"angular.min.js\"]')))))}()){window.postMessage({singlePageAppCheck:true})}else{window.postMessage({singlePageAppCheck:false})}<\/script><\/p>\n<\/div><\/section><\/div><div  class='flex_column av-97gylx-5fbb64eb3baf843253db111254b1d5a0 av_one_fourth  avia-builder-el-14  el_after_av_three_fourth  avia-builder-el-last  flex_column_div  '     ><p><div  class='avia-button-wrap avia-button-center  avia-builder-el-15  el_before_av_hr  avia-builder-el-first '>\n<style type=\"text\/css\" data-created_by=\"avia_inline_auto\" id=\"style-css-av-otnhh-8280d366887eed7618a956fa6c12a853\">\n#top #wrap_all .avia-button.av-otnhh-8280d366887eed7618a956fa6c12a853{\ncolor:#004225;\ntransition:all 0.4s ease-in-out;\n}\n#top #wrap_all .avia-button.av-otnhh-8280d366887eed7618a956fa6c12a853:hover{\ncolor:#004225;\ntransition:all 0.4s ease-in-out;\n}\n#top #wrap_all .avia-button.av-otnhh-8280d366887eed7618a956fa6c12a853 .avia-svg-icon svg:first-child{\nfill:#004225;\nstroke:#004225;\n}\n#top #wrap_all .avia-button.av-otnhh-8280d366887eed7618a956fa6c12a853:hover .avia-svg-icon svg:first-child{\nfill:#004225;\nstroke:#004225;\n}\n<\/style>\n<a href='https:\/\/www.orthopaediezentrum-muenchenost.de\/en\/contact-approach\/' class='avia-color-white avia-button avia-button-fullwidth av-otnhh-8280d366887eed7618a956fa6c12a853 avia-icon_select-yes-left-icon avia-color-white'   aria-label=\"Contact\"><span class='avia_button_icon avia_button_icon_left avia-iconfont avia-font-entypo-fontello' data-av_icon='\ue805' data-av_iconfont='entypo-fontello' ><\/span><span class='avia_iconbox_title' >Contact<\/span><span class='avia_button_background avia-button avia-button-fullwidth avia-color-dark'><\/span><\/a><\/div><br \/>\n\n<style type=\"text\/css\" data-created_by=\"avia_inline_auto\" id=\"style-css-av-60i5p1-16ae58d4bc76220f94e965c8f641830e\">\n#top .hr.hr-invisible.av-60i5p1-16ae58d4bc76220f94e965c8f641830e{\nheight:20px;\n}\n<\/style>\n<div  class='hr av-60i5p1-16ae58d4bc76220f94e965c8f641830e hr-invisible  avia-builder-el-16  el_after_av_button_big  el_before_av_button_big  avia-builder-el-no-sibling '><span class='hr-inner '><span class=\"hr-inner-style\"><\/span><\/span><\/div><br \/>\n<div  class='avia-button-wrap avia-button-center  avia-builder-el-17  el_after_av_hr  avia-builder-el-last '>\n<style type=\"text\/css\" data-created_by=\"avia_inline_auto\" id=\"style-css-av-4142jp-574a079509c982a8cee530f6811630c8\">\n#top #wrap_all .avia-button.av-4142jp-574a079509c982a8cee530f6811630c8{\ncolor:#004225;\ntransition:all 0.4s ease-in-out;\n}\n#top #wrap_all .avia-button.av-4142jp-574a079509c982a8cee530f6811630c8:hover{\ncolor:#004225;\ntransition:all 0.4s ease-in-out;\n}\n#top #wrap_all .avia-button.av-4142jp-574a079509c982a8cee530f6811630c8 .avia-svg-icon svg:first-child{\nfill:#004225;\nstroke:#004225;\n}\n#top #wrap_all .avia-button.av-4142jp-574a079509c982a8cee530f6811630c8:hover .avia-svg-icon svg:first-child{\nfill:#004225;\nstroke:#004225;\n}\n<\/style>\n<a href='tel.:0049894143464' class='avia-color-white avia-button avia-button-fullwidth av-4142jp-574a079509c982a8cee530f6811630c8 avia-icon_select-yes-left-icon avia-color-white'   aria-label=\"089 4141 434-64\"><span class='avia_button_icon avia_button_icon_left avia-iconfont avia-font-entypo-fontello' data-av_icon='\ue854' data-av_iconfont='entypo-fontello' ><\/span><span class='avia_iconbox_title' >089 4141 434-64<\/span><span class='avia_button_background avia-button avia-button-fullwidth avia-color-dark'><\/span><\/a><\/div><\/p><\/div>\n<\/div><\/div><\/div><!-- close content main div --><\/div><\/div><div id='after_section_1'  class='main_color av_default_container_wrap container_wrap fullsize'  ><div class='container av-section-cont-open' ><div class='template-page content  av-content-full alpha units'><div class='post-entry post-entry-type-page post-entry-10073'><div class='entry-content-wrapper clearfix'><\/p>\n<div  class='flex_column av-2ofget-390eefa8db2483fe17a9d8fcea4b8fab av_one_full  avia-builder-el-18  el_after_av_section  avia-builder-el-no-sibling  first flex_column_div  '     ><style type=\"text\/css\" data-created_by=\"avia_inline_auto\" id=\"style-css-av-l17edebb-d16a1b36ea4ae210b285e5189b1c7e32\">\n#top .hr.hr-invisible.av-l17edebb-d16a1b36ea4ae210b285e5189b1c7e32{\nheight:30px;\n}\n<\/style>\n<div  class='hr av-l17edebb-d16a1b36ea4ae210b285e5189b1c7e32 hr-invisible  avia-builder-el-19  avia-builder-el-no-sibling '><span class='hr-inner '><span class=\"hr-inner-style\"><\/span><\/span><\/div><\/div>\n","protected":false},"excerpt":{"rendered":"","protected":false},"author":8,"featured_media":0,"parent":0,"menu_order":0,"comment_status":"closed","ping_status":"closed","template":"","meta":{"footnotes":""},"class_list":["post-10073","page","type-page","status-publish","hentry"],"yoast_head":"<!-- This site is optimized with the Yoast SEO plugin v27.3 - https:\/\/yoast.com\/product\/yoast-seo-wordpress\/ -->\n<title>Sports Medicine - Orthopaedic Center Munich East | OZMO<\/title>\n<meta name=\"description\" content=\"Sports Medicine - Orthopedics Center Munich East. With us you will find online: \u2713Medicine for athletes \u2713Sports medicine \u2713Orthopedics \u260e +4989414143464 \u25b6 OZMO\" \/>\n<meta name=\"robots\" content=\"index, follow, max-snippet:-1, max-image-preview:large, max-video-preview:-1\" \/>\n<link rel=\"canonical\" href=\"https:\/\/www.orthopaediezentrum-muenchenost.de\/en\/sports-medicine\/\" \/>\n<meta property=\"og:locale\" content=\"en_US\" \/>\n<meta property=\"og:type\" content=\"article\" \/>\n<meta property=\"og:title\" content=\"Sports Medicine - Orthopaedic Center Munich East | OZMO\" \/>\n<meta property=\"og:description\" content=\"Sports Medicine - Orthopedics Center Munich East. With us you will find online: \u2713Medicine for athletes \u2713Sports medicine \u2713Orthopedics \u260e +4989414143464 \u25b6 OZMO\" \/>\n<meta property=\"og:url\" content=\"https:\/\/www.orthopaediezentrum-muenchenost.de\/en\/sports-medicine\/\" \/>\n<meta property=\"og:site_name\" content=\"Orthop\u00e4die Zentrum M\u00fcnchen Ost OZMO: Orthop\u00e4de M\u00fcnchen\" \/>\n<meta property=\"article:publisher\" content=\"https:\/\/www.facebook.com\/OZMO.de\" \/>\n<meta property=\"article:modified_time\" content=\"2023-08-15T23:09:34+00:00\" \/>\n<meta name=\"twitter:card\" content=\"summary_large_image\" \/>\n<meta name=\"twitter:label1\" content=\"Est. reading time\" \/>\n\t<meta name=\"twitter:data1\" content=\"16 minutes\" \/>\n<script type=\"application\/ld+json\" class=\"yoast-schema-graph\">{\"@context\":\"https:\\\/\\\/schema.org\",\"@graph\":[{\"@type\":\"WebPage\",\"@id\":\"https:\\\/\\\/www.orthopaediezentrum-muenchenost.de\\\/en\\\/sports-medicine\\\/\",\"url\":\"https:\\\/\\\/www.orthopaediezentrum-muenchenost.de\\\/en\\\/sports-medicine\\\/\",\"name\":\"Sports Medicine - Orthopaedic Center Munich East | OZMO\",\"isPartOf\":{\"@id\":\"https:\\\/\\\/www.orthopaediezentrum-muenchenost.de\\\/en\\\/#website\"},\"datePublished\":\"2023-08-15T23:09:30+00:00\",\"dateModified\":\"2023-08-15T23:09:34+00:00\",\"description\":\"Sports Medicine - Orthopedics Center Munich East. With us you will find online: \u2713Medicine for athletes \u2713Sports medicine \u2713Orthopedics \u260e +4989414143464 \u25b6 OZMO\",\"breadcrumb\":{\"@id\":\"https:\\\/\\\/www.orthopaediezentrum-muenchenost.de\\\/en\\\/sports-medicine\\\/#breadcrumb\"},\"inLanguage\":\"en-US\",\"potentialAction\":[{\"@type\":\"ReadAction\",\"target\":[\"https:\\\/\\\/www.orthopaediezentrum-muenchenost.de\\\/en\\\/sports-medicine\\\/\"]}]},{\"@type\":\"BreadcrumbList\",\"@id\":\"https:\\\/\\\/www.orthopaediezentrum-muenchenost.de\\\/en\\\/sports-medicine\\\/#breadcrumb\",\"itemListElement\":[{\"@type\":\"ListItem\",\"position\":1,\"name\":\"OZMO\",\"item\":\"https:\\\/\\\/www.orthopaediezentrum-muenchenost.de\\\/en\\\/\"},{\"@type\":\"ListItem\",\"position\":2,\"name\":\"Sports Medicine\"}]},{\"@type\":\"WebSite\",\"@id\":\"https:\\\/\\\/www.orthopaediezentrum-muenchenost.de\\\/en\\\/#website\",\"url\":\"https:\\\/\\\/www.orthopaediezentrum-muenchenost.de\\\/en\\\/\",\"name\":\"Orthop\u00e4die Zentrum M\u00fcnchen Ost OZMO: Orthop\u00e4de M\u00fcnchen\",\"description\":\"\",\"publisher\":{\"@id\":\"https:\\\/\\\/www.orthopaediezentrum-muenchenost.de\\\/en\\\/#organization\"},\"potentialAction\":[{\"@type\":\"SearchAction\",\"target\":{\"@type\":\"EntryPoint\",\"urlTemplate\":\"https:\\\/\\\/www.orthopaediezentrum-muenchenost.de\\\/en\\\/?s={search_term_string}\"},\"query-input\":{\"@type\":\"PropertyValueSpecification\",\"valueRequired\":true,\"valueName\":\"search_term_string\"}}],\"inLanguage\":\"en-US\"},{\"@type\":\"Organization\",\"@id\":\"https:\\\/\\\/www.orthopaediezentrum-muenchenost.de\\\/en\\\/#organization\",\"name\":\"Orthop\u00e4die Zentrum M\u00fcnchen Ost OZMO: Orthop\u00e4de M\u00fcnchen\",\"url\":\"https:\\\/\\\/www.orthopaediezentrum-muenchenost.de\\\/en\\\/\",\"logo\":{\"@type\":\"ImageObject\",\"inLanguage\":\"en-US\",\"@id\":\"https:\\\/\\\/www.orthopaediezentrum-muenchenost.de\\\/en\\\/#\\\/schema\\\/logo\\\/image\\\/\",\"url\":\"https:\\\/\\\/www.orthopaediezentrum-muenchenost.de\\\/wp-content\\\/uploads\\\/2021\\\/12\\\/ozmo-logo-web.png\",\"contentUrl\":\"https:\\\/\\\/www.orthopaediezentrum-muenchenost.de\\\/wp-content\\\/uploads\\\/2021\\\/12\\\/ozmo-logo-web.png\",\"width\":1417,\"height\":547,\"caption\":\"Orthop\u00e4die Zentrum M\u00fcnchen Ost OZMO: Orthop\u00e4de M\u00fcnchen\"},\"image\":{\"@id\":\"https:\\\/\\\/www.orthopaediezentrum-muenchenost.de\\\/en\\\/#\\\/schema\\\/logo\\\/image\\\/\"},\"sameAs\":[\"https:\\\/\\\/www.facebook.com\\\/OZMO.de\"]}]}<\/script>\n<!-- \/ Yoast SEO plugin. -->","yoast_head_json":{"title":"Sports Medicine - Orthopaedic Center Munich East | OZMO","description":"Sports Medicine - Orthopedics Center Munich East. With us you will find online: \u2713Medicine for athletes \u2713Sports medicine \u2713Orthopedics \u260e +4989414143464 \u25b6 OZMO","robots":{"index":"index","follow":"follow","max-snippet":"max-snippet:-1","max-image-preview":"max-image-preview:large","max-video-preview":"max-video-preview:-1"},"canonical":"https:\/\/www.orthopaediezentrum-muenchenost.de\/en\/sports-medicine\/","og_locale":"en_US","og_type":"article","og_title":"Sports Medicine - Orthopaedic Center Munich East | OZMO","og_description":"Sports Medicine - Orthopedics Center Munich East. With us you will find online: \u2713Medicine for athletes \u2713Sports medicine \u2713Orthopedics \u260e +4989414143464 \u25b6 OZMO","og_url":"https:\/\/www.orthopaediezentrum-muenchenost.de\/en\/sports-medicine\/","og_site_name":"Orthop\u00e4die Zentrum M\u00fcnchen Ost OZMO: Orthop\u00e4de M\u00fcnchen","article_publisher":"https:\/\/www.facebook.com\/OZMO.de","article_modified_time":"2023-08-15T23:09:34+00:00","twitter_card":"summary_large_image","twitter_misc":{"Est. reading time":"16 minutes"},"schema":{"@context":"https:\/\/schema.org","@graph":[{"@type":"WebPage","@id":"https:\/\/www.orthopaediezentrum-muenchenost.de\/en\/sports-medicine\/","url":"https:\/\/www.orthopaediezentrum-muenchenost.de\/en\/sports-medicine\/","name":"Sports Medicine - Orthopaedic Center Munich East | OZMO","isPartOf":{"@id":"https:\/\/www.orthopaediezentrum-muenchenost.de\/en\/#website"},"datePublished":"2023-08-15T23:09:30+00:00","dateModified":"2023-08-15T23:09:34+00:00","description":"Sports Medicine - Orthopedics Center Munich East. With us you will find online: \u2713Medicine for athletes \u2713Sports medicine \u2713Orthopedics \u260e +4989414143464 \u25b6 OZMO","breadcrumb":{"@id":"https:\/\/www.orthopaediezentrum-muenchenost.de\/en\/sports-medicine\/#breadcrumb"},"inLanguage":"en-US","potentialAction":[{"@type":"ReadAction","target":["https:\/\/www.orthopaediezentrum-muenchenost.de\/en\/sports-medicine\/"]}]},{"@type":"BreadcrumbList","@id":"https:\/\/www.orthopaediezentrum-muenchenost.de\/en\/sports-medicine\/#breadcrumb","itemListElement":[{"@type":"ListItem","position":1,"name":"OZMO","item":"https:\/\/www.orthopaediezentrum-muenchenost.de\/en\/"},{"@type":"ListItem","position":2,"name":"Sports Medicine"}]},{"@type":"WebSite","@id":"https:\/\/www.orthopaediezentrum-muenchenost.de\/en\/#website","url":"https:\/\/www.orthopaediezentrum-muenchenost.de\/en\/","name":"Orthop\u00e4die Zentrum M\u00fcnchen Ost OZMO: Orthop\u00e4de M\u00fcnchen","description":"","publisher":{"@id":"https:\/\/www.orthopaediezentrum-muenchenost.de\/en\/#organization"},"potentialAction":[{"@type":"SearchAction","target":{"@type":"EntryPoint","urlTemplate":"https:\/\/www.orthopaediezentrum-muenchenost.de\/en\/?s={search_term_string}"},"query-input":{"@type":"PropertyValueSpecification","valueRequired":true,"valueName":"search_term_string"}}],"inLanguage":"en-US"},{"@type":"Organization","@id":"https:\/\/www.orthopaediezentrum-muenchenost.de\/en\/#organization","name":"Orthop\u00e4die Zentrum M\u00fcnchen Ost OZMO: Orthop\u00e4de M\u00fcnchen","url":"https:\/\/www.orthopaediezentrum-muenchenost.de\/en\/","logo":{"@type":"ImageObject","inLanguage":"en-US","@id":"https:\/\/www.orthopaediezentrum-muenchenost.de\/en\/#\/schema\/logo\/image\/","url":"https:\/\/www.orthopaediezentrum-muenchenost.de\/wp-content\/uploads\/2021\/12\/ozmo-logo-web.png","contentUrl":"https:\/\/www.orthopaediezentrum-muenchenost.de\/wp-content\/uploads\/2021\/12\/ozmo-logo-web.png","width":1417,"height":547,"caption":"Orthop\u00e4die Zentrum M\u00fcnchen Ost OZMO: Orthop\u00e4de M\u00fcnchen"},"image":{"@id":"https:\/\/www.orthopaediezentrum-muenchenost.de\/en\/#\/schema\/logo\/image\/"},"sameAs":["https:\/\/www.facebook.com\/OZMO.de"]}]}},"_links":{"self":[{"href":"https:\/\/www.orthopaediezentrum-muenchenost.de\/en\/wp-json\/wp\/v2\/pages\/10073","targetHints":{"allow":["GET"]}}],"collection":[{"href":"https:\/\/www.orthopaediezentrum-muenchenost.de\/en\/wp-json\/wp\/v2\/pages"}],"about":[{"href":"https:\/\/www.orthopaediezentrum-muenchenost.de\/en\/wp-json\/wp\/v2\/types\/page"}],"author":[{"embeddable":true,"href":"https:\/\/www.orthopaediezentrum-muenchenost.de\/en\/wp-json\/wp\/v2\/users\/8"}],"replies":[{"embeddable":true,"href":"https:\/\/www.orthopaediezentrum-muenchenost.de\/en\/wp-json\/wp\/v2\/comments?post=10073"}],"version-history":[{"count":1,"href":"https:\/\/www.orthopaediezentrum-muenchenost.de\/en\/wp-json\/wp\/v2\/pages\/10073\/revisions"}],"predecessor-version":[{"id":10075,"href":"https:\/\/www.orthopaediezentrum-muenchenost.de\/en\/wp-json\/wp\/v2\/pages\/10073\/revisions\/10075"}],"wp:attachment":[{"href":"https:\/\/www.orthopaediezentrum-muenchenost.de\/en\/wp-json\/wp\/v2\/media?parent=10073"}],"curies":[{"name":"wp","href":"https:\/\/api.w.org\/{rel}","templated":true}]}}