{"id":10081,"date":"2023-08-16T01:09:35","date_gmt":"2023-08-15T23:09:35","guid":{"rendered":"https:\/\/www.orthopaediezentrum-muenchenost.de\/diseases\/hip\/"},"modified":"2023-08-16T01:09:35","modified_gmt":"2023-08-15T23:09:35","slug":"hip","status":"publish","type":"page","link":"https:\/\/www.orthopaediezentrum-muenchenost.de\/en\/orthopedics\/diseases\/hip\/","title":{"rendered":"Hip"},"content":{"rendered":"","protected":false},"excerpt":{"rendered":"","protected":false},"author":8,"featured_media":0,"parent":9656,"menu_order":0,"comment_status":"closed","ping_status":"closed","template":"","meta":{"footnotes":""},"class_list":["post-10081","page","type-page","status-publish","hentry"],"yoast_head":"<!-- This site is optimized with the Yoast SEO plugin v27.3 - https:\/\/yoast.com\/product\/yoast-seo-wordpress\/ -->\n<title>Hip \u00bb Orthopedic diseases | OZMO<\/title>\n<meta name=\"description\" content=\"Hip - Orthopedics Center Munich East. With us you will find online: \u2713Disease images \u2713Hip diseases \u2713Orthopedics \u260e +4989414143464 \u25b6 OZMO\" \/>\n<meta name=\"robots\" content=\"index, follow, max-snippet:-1, max-image-preview:large, max-video-preview:-1\" \/>\n<link rel=\"canonical\" href=\"https:\/\/www.orthopaediezentrum-muenchenost.de\/en\/orthopedics\/diseases\/hip\/\" \/>\n<meta property=\"og:locale\" content=\"en_US\" \/>\n<meta property=\"og:type\" content=\"article\" \/>\n<meta property=\"og:title\" content=\"Hip \u00bb Orthopedic diseases | OZMO\" \/>\n<meta property=\"og:description\" content=\"Hip - Orthopedics Center Munich East. With us you will find online: \u2713Disease images \u2713Hip diseases \u2713Orthopedics \u260e +4989414143464 \u25b6 OZMO\" \/>\n<meta property=\"og:url\" content=\"https:\/\/www.orthopaediezentrum-muenchenost.de\/en\/orthopedics\/diseases\/hip\/\" \/>\n<meta property=\"og:site_name\" content=\"Orthop\u00e4die Zentrum M\u00fcnchen Ost OZMO: Orthop\u00e4de M\u00fcnchen\" \/>\n<meta property=\"article:publisher\" content=\"https:\/\/www.facebook.com\/OZMO.de\" \/>\n<meta name=\"twitter:card\" content=\"summary_large_image\" \/>\n<script type=\"application\/ld+json\" class=\"yoast-schema-graph\">{\"@context\":\"https:\\\/\\\/schema.org\",\"@graph\":[{\"@type\":\"WebPage\",\"@id\":\"https:\\\/\\\/www.orthopaediezentrum-muenchenost.de\\\/en\\\/orthopedics\\\/diseases\\\/hip\\\/\",\"url\":\"https:\\\/\\\/www.orthopaediezentrum-muenchenost.de\\\/en\\\/orthopedics\\\/diseases\\\/hip\\\/\",\"name\":\"Hip \u00bb Orthopedic diseases | OZMO\",\"isPartOf\":{\"@id\":\"https:\\\/\\\/www.orthopaediezentrum-muenchenost.de\\\/en\\\/#website\"},\"datePublished\":\"2023-08-15T23:09:35+00:00\",\"description\":\"Hip - Orthopedics Center Munich East. With us you will find online: \u2713Disease images \u2713Hip diseases \u2713Orthopedics \u260e +4989414143464 \u25b6 OZMO\",\"breadcrumb\":{\"@id\":\"https:\\\/\\\/www.orthopaediezentrum-muenchenost.de\\\/en\\\/orthopedics\\\/diseases\\\/hip\\\/#breadcrumb\"},\"inLanguage\":\"en-US\",\"potentialAction\":[{\"@type\":\"ReadAction\",\"target\":[\"https:\\\/\\\/www.orthopaediezentrum-muenchenost.de\\\/en\\\/orthopedics\\\/diseases\\\/hip\\\/\"]}]},{\"@type\":\"BreadcrumbList\",\"@id\":\"https:\\\/\\\/www.orthopaediezentrum-muenchenost.de\\\/en\\\/orthopedics\\\/diseases\\\/hip\\\/#breadcrumb\",\"itemListElement\":[{\"@type\":\"ListItem\",\"position\":1,\"name\":\"OZMO\",\"item\":\"https:\\\/\\\/www.orthopaediezentrum-muenchenost.de\\\/en\\\/\"},{\"@type\":\"ListItem\",\"position\":2,\"name\":\"Orthopedics\",\"item\":\"https:\\\/\\\/www.orthopaediezentrum-muenchenost.de\\\/en\\\/orthopedics\\\/\"},{\"@type\":\"ListItem\",\"position\":3,\"name\":\"Diseases\",\"item\":\"https:\\\/\\\/www.orthopaediezentrum-muenchenost.de\\\/en\\\/orthopedics\\\/diseases\\\/\"},{\"@type\":\"ListItem\",\"position\":4,\"name\":\"Hip\"}]},{\"@type\":\"WebSite\",\"@id\":\"https:\\\/\\\/www.orthopaediezentrum-muenchenost.de\\\/en\\\/#website\",\"url\":\"https:\\\/\\\/www.orthopaediezentrum-muenchenost.de\\\/en\\\/\",\"name\":\"Orthop\u00e4die Zentrum M\u00fcnchen Ost OZMO: Orthop\u00e4de M\u00fcnchen\",\"description\":\"\",\"publisher\":{\"@id\":\"https:\\\/\\\/www.orthopaediezentrum-muenchenost.de\\\/en\\\/#organization\"},\"potentialAction\":[{\"@type\":\"SearchAction\",\"target\":{\"@type\":\"EntryPoint\",\"urlTemplate\":\"https:\\\/\\\/www.orthopaediezentrum-muenchenost.de\\\/en\\\/?s={search_term_string}\"},\"query-input\":{\"@type\":\"PropertyValueSpecification\",\"valueRequired\":true,\"valueName\":\"search_term_string\"}}],\"inLanguage\":\"en-US\"},{\"@type\":\"Organization\",\"@id\":\"https:\\\/\\\/www.orthopaediezentrum-muenchenost.de\\\/en\\\/#organization\",\"name\":\"Orthop\u00e4die Zentrum M\u00fcnchen Ost OZMO: Orthop\u00e4de M\u00fcnchen\",\"url\":\"https:\\\/\\\/www.orthopaediezentrum-muenchenost.de\\\/en\\\/\",\"logo\":{\"@type\":\"ImageObject\",\"inLanguage\":\"en-US\",\"@id\":\"https:\\\/\\\/www.orthopaediezentrum-muenchenost.de\\\/en\\\/#\\\/schema\\\/logo\\\/image\\\/\",\"url\":\"https:\\\/\\\/www.orthopaediezentrum-muenchenost.de\\\/wp-content\\\/uploads\\\/2021\\\/12\\\/ozmo-logo-web.png\",\"contentUrl\":\"https:\\\/\\\/www.orthopaediezentrum-muenchenost.de\\\/wp-content\\\/uploads\\\/2021\\\/12\\\/ozmo-logo-web.png\",\"width\":1417,\"height\":547,\"caption\":\"Orthop\u00e4die Zentrum M\u00fcnchen Ost OZMO: Orthop\u00e4de M\u00fcnchen\"},\"image\":{\"@id\":\"https:\\\/\\\/www.orthopaediezentrum-muenchenost.de\\\/en\\\/#\\\/schema\\\/logo\\\/image\\\/\"},\"sameAs\":[\"https:\\\/\\\/www.facebook.com\\\/OZMO.de\"]}]}<\/script>\n<!-- \/ Yoast SEO plugin. -->","yoast_head_json":{"title":"Hip \u00bb Orthopedic diseases | OZMO","description":"Hip - Orthopedics Center Munich East. With us you will find online: \u2713Disease images \u2713Hip diseases \u2713Orthopedics \u260e +4989414143464 \u25b6 OZMO","robots":{"index":"index","follow":"follow","max-snippet":"max-snippet:-1","max-image-preview":"max-image-preview:large","max-video-preview":"max-video-preview:-1"},"canonical":"https:\/\/www.orthopaediezentrum-muenchenost.de\/en\/orthopedics\/diseases\/hip\/","og_locale":"en_US","og_type":"article","og_title":"Hip \u00bb Orthopedic diseases | OZMO","og_description":"Hip - Orthopedics Center Munich East. With us you will find online: \u2713Disease images \u2713Hip diseases \u2713Orthopedics \u260e +4989414143464 \u25b6 OZMO","og_url":"https:\/\/www.orthopaediezentrum-muenchenost.de\/en\/orthopedics\/diseases\/hip\/","og_site_name":"Orthop\u00e4die Zentrum M\u00fcnchen Ost OZMO: Orthop\u00e4de M\u00fcnchen","article_publisher":"https:\/\/www.facebook.com\/OZMO.de","twitter_card":"summary_large_image","schema":{"@context":"https:\/\/schema.org","@graph":[{"@type":"WebPage","@id":"https:\/\/www.orthopaediezentrum-muenchenost.de\/en\/orthopedics\/diseases\/hip\/","url":"https:\/\/www.orthopaediezentrum-muenchenost.de\/en\/orthopedics\/diseases\/hip\/","name":"Hip \u00bb Orthopedic diseases | OZMO","isPartOf":{"@id":"https:\/\/www.orthopaediezentrum-muenchenost.de\/en\/#website"},"datePublished":"2023-08-15T23:09:35+00:00","description":"Hip - Orthopedics Center Munich East. With us you will find online: \u2713Disease images \u2713Hip diseases \u2713Orthopedics \u260e +4989414143464 \u25b6 OZMO","breadcrumb":{"@id":"https:\/\/www.orthopaediezentrum-muenchenost.de\/en\/orthopedics\/diseases\/hip\/#breadcrumb"},"inLanguage":"en-US","potentialAction":[{"@type":"ReadAction","target":["https:\/\/www.orthopaediezentrum-muenchenost.de\/en\/orthopedics\/diseases\/hip\/"]}]},{"@type":"BreadcrumbList","@id":"https:\/\/www.orthopaediezentrum-muenchenost.de\/en\/orthopedics\/diseases\/hip\/#breadcrumb","itemListElement":[{"@type":"ListItem","position":1,"name":"OZMO","item":"https:\/\/www.orthopaediezentrum-muenchenost.de\/en\/"},{"@type":"ListItem","position":2,"name":"Orthopedics","item":"https:\/\/www.orthopaediezentrum-muenchenost.de\/en\/orthopedics\/"},{"@type":"ListItem","position":3,"name":"Diseases","item":"https:\/\/www.orthopaediezentrum-muenchenost.de\/en\/orthopedics\/diseases\/"},{"@type":"ListItem","position":4,"name":"Hip"}]},{"@type":"WebSite","@id":"https:\/\/www.orthopaediezentrum-muenchenost.de\/en\/#website","url":"https:\/\/www.orthopaediezentrum-muenchenost.de\/en\/","name":"Orthop\u00e4die Zentrum M\u00fcnchen Ost OZMO: Orthop\u00e4de M\u00fcnchen","description":"","publisher":{"@id":"https:\/\/www.orthopaediezentrum-muenchenost.de\/en\/#organization"},"potentialAction":[{"@type":"SearchAction","target":{"@type":"EntryPoint","urlTemplate":"https:\/\/www.orthopaediezentrum-muenchenost.de\/en\/?s={search_term_string}"},"query-input":{"@type":"PropertyValueSpecification","valueRequired":true,"valueName":"search_term_string"}}],"inLanguage":"en-US"},{"@type":"Organization","@id":"https:\/\/www.orthopaediezentrum-muenchenost.de\/en\/#organization","name":"Orthop\u00e4die Zentrum M\u00fcnchen Ost OZMO: Orthop\u00e4de M\u00fcnchen","url":"https:\/\/www.orthopaediezentrum-muenchenost.de\/en\/","logo":{"@type":"ImageObject","inLanguage":"en-US","@id":"https:\/\/www.orthopaediezentrum-muenchenost.de\/en\/#\/schema\/logo\/image\/","url":"https:\/\/www.orthopaediezentrum-muenchenost.de\/wp-content\/uploads\/2021\/12\/ozmo-logo-web.png","contentUrl":"https:\/\/www.orthopaediezentrum-muenchenost.de\/wp-content\/uploads\/2021\/12\/ozmo-logo-web.png","width":1417,"height":547,"caption":"Orthop\u00e4die Zentrum M\u00fcnchen Ost OZMO: Orthop\u00e4de M\u00fcnchen"},"image":{"@id":"https:\/\/www.orthopaediezentrum-muenchenost.de\/en\/#\/schema\/logo\/image\/"},"sameAs":["https:\/\/www.facebook.com\/OZMO.de"]}]}},"_links":{"self":[{"href":"https:\/\/www.orthopaediezentrum-muenchenost.de\/en\/wp-json\/wp\/v2\/pages\/10081","targetHints":{"allow":["GET"]}}],"collection":[{"href":"https:\/\/www.orthopaediezentrum-muenchenost.de\/en\/wp-json\/wp\/v2\/pages"}],"about":[{"href":"https:\/\/www.orthopaediezentrum-muenchenost.de\/en\/wp-json\/wp\/v2\/types\/page"}],"author":[{"embeddable":true,"href":"https:\/\/www.orthopaediezentrum-muenchenost.de\/en\/wp-json\/wp\/v2\/users\/8"}],"replies":[{"embeddable":true,"href":"https:\/\/www.orthopaediezentrum-muenchenost.de\/en\/wp-json\/wp\/v2\/comments?post=10081"}],"version-history":[{"count":0,"href":"https:\/\/www.orthopaediezentrum-muenchenost.de\/en\/wp-json\/wp\/v2\/pages\/10081\/revisions"}],"up":[{"embeddable":true,"href":"https:\/\/www.orthopaediezentrum-muenchenost.de\/en\/wp-json\/wp\/v2\/pages\/9656"}],"wp:attachment":[{"href":"https:\/\/www.orthopaediezentrum-muenchenost.de\/en\/wp-json\/wp\/v2\/media?parent=10081"}],"curies":[{"name":"wp","href":"https:\/\/api.w.org\/{rel}","templated":true}]}}