{"id":10957,"date":"2024-12-13T13:38:22","date_gmt":"2024-12-13T12:38:22","guid":{"rendered":"https:\/\/www.orthopaediezentrum-muenchenost.de\/?page_id=10957"},"modified":"2026-03-27T09:56:06","modified_gmt":"2026-03-27T08:56:06","slug":"dr-wolfgang-schmidt","status":"publish","type":"page","link":"https:\/\/www.orthopaediezentrum-muenchenost.de\/en\/clinic-team\/dr-wolfgang-schmidt\/","title":{"rendered":"Dr. Wolfgang Schmidt"},"content":{"rendered":"<div  class='flex_column av-d1izt0-9f0876c94f5fa70a8bebd88dca207945 av_one_full  avia-builder-el-0  el_before_av_one_third  avia-builder-el-first  first flex_column_div  '     ><p>\n<style type=\"text\/css\" data-created_by=\"avia_inline_auto\" id=\"style-css-av-10spwk-a3d65e88e40a578b84a33ab056a43006\">\n.avia-image-container.av-10spwk-a3d65e88e40a578b84a33ab056a43006 img.avia_image{\nbox-shadow:none;\n}\n.avia-image-container.av-10spwk-a3d65e88e40a578b84a33ab056a43006 .av-image-caption-overlay-center{\ncolor:#ffffff;\n}\n<\/style>\n<div  class='avia-image-container av-10spwk-a3d65e88e40a578b84a33ab056a43006 av-styling- avia_animated_image av-animated-when-visible-95 right-to-left avia-align-center  avia-builder-el-1  el_before_av_heading  avia-builder-el-first '   itemprop=\"image\" itemscope=\"itemscope\" itemtype=\"https:\/\/schema.org\/ImageObject\" ><div class=\"avia-image-container-inner\"><div class=\"avia-image-overlay-wrap\"><img decoding=\"async\" fetchpriority=\"high\" class='wp-image-10975 avia-img-lazy-loading-not-10975 avia_image ' src=\"https:\/\/www.orthopaediezentrum-muenchenost.de\/wp-content\/uploads\/2024\/11\/ozmo-aerzteteam-banner-wolfgang-schmidt.jpg\" alt='\u00c4rzteteam - Banner - Josephine Refeld - OZMO' title='ozmo-aerzteteam-banner-wolfgang-schmidt'  height=\"600\" width=\"1310\"  itemprop=\"thumbnailUrl\" srcset=\"https:\/\/www.orthopaediezentrum-muenchenost.de\/wp-content\/uploads\/2024\/11\/ozmo-aerzteteam-banner-wolfgang-schmidt.jpg 1310w, https:\/\/www.orthopaediezentrum-muenchenost.de\/wp-content\/uploads\/2024\/11\/ozmo-aerzteteam-banner-wolfgang-schmidt-300x137.jpg 300w, https:\/\/www.orthopaediezentrum-muenchenost.de\/wp-content\/uploads\/2024\/11\/ozmo-aerzteteam-banner-wolfgang-schmidt-1030x472.jpg 1030w, https:\/\/www.orthopaediezentrum-muenchenost.de\/wp-content\/uploads\/2024\/11\/ozmo-aerzteteam-banner-wolfgang-schmidt-768x352.jpg 768w, https:\/\/www.orthopaediezentrum-muenchenost.de\/wp-content\/uploads\/2024\/11\/ozmo-aerzteteam-banner-wolfgang-schmidt-705x323.jpg 705w\" sizes=\"(max-width: 1310px) 100vw, 1310px\" \/><\/div><\/div><\/div><br \/>\n\n<style type=\"text\/css\" data-created_by=\"avia_inline_auto\" id=\"style-css-av-kyieyvwu-197c5fae15e91bec6167a2ded56b7ae1\">\n#top .av-special-heading.av-kyieyvwu-197c5fae15e91bec6167a2ded56b7ae1{\npadding-bottom:10px;\n}\nbody .av-special-heading.av-kyieyvwu-197c5fae15e91bec6167a2ded56b7ae1 .av-special-heading-tag .heading-char{\nfont-size:25px;\n}\n.av-special-heading.av-kyieyvwu-197c5fae15e91bec6167a2ded56b7ae1 .av-subheading{\nfont-size:15px;\n}\n<\/style>\n<div  class='av-special-heading av-kyieyvwu-197c5fae15e91bec6167a2ded56b7ae1 av-special-heading-h1 blockquote modern-quote  avia-builder-el-2  el_after_av_image  el_before_av_heading '><h1 class='av-special-heading-tag '  itemprop=\"headline\"  >Dr. Wolfgang Schmidt<\/h1><div class=\"special-heading-border\"><div class=\"special-heading-inner-border\"><\/div><\/div><\/div><br \/>\n\n<style type=\"text\/css\" data-created_by=\"avia_inline_auto\" id=\"style-css-av-kyiez6gn-aa890f4f2162afc7fc45bb74b8341da3\">\n#top .av-special-heading.av-kyiez6gn-aa890f4f2162afc7fc45bb74b8341da3{\npadding-bottom:10px;\n}\nbody .av-special-heading.av-kyiez6gn-aa890f4f2162afc7fc45bb74b8341da3 .av-special-heading-tag .heading-char{\nfont-size:25px;\n}\n.av-special-heading.av-kyiez6gn-aa890f4f2162afc7fc45bb74b8341da3 .av-subheading{\nfont-size:15px;\n}\n<\/style>\n<div  class='av-special-heading av-kyiez6gn-aa890f4f2162afc7fc45bb74b8341da3 av-special-heading-h2 blockquote modern-quote  avia-builder-el-3  el_after_av_heading  el_before_av_hr '><h2 class='av-special-heading-tag '  itemprop=\"headline\"  >Specialist in orthopedics and trauma surgery &#8211; focus on conservative spine therapy<\/h2><div class='av-subheading av-subheading_below'><p>Specialist in orthopaedics, chirotherapy, sports medicine, acupuncture<\/p>\n<\/div><div class=\"special-heading-border\"><div class=\"special-heading-inner-border\"><\/div><\/div><\/div><br \/>\n\n<style type=\"text\/css\" data-created_by=\"avia_inline_auto\" id=\"style-css-av-8tulqc-92aa7e214169678b13f4e33bcb7e95bb\">\n#top .hr.av-8tulqc-92aa7e214169678b13f4e33bcb7e95bb{\nmargin-top:15px;\nmargin-bottom:15px;\n}\n.hr.av-8tulqc-92aa7e214169678b13f4e33bcb7e95bb .hr-inner{\nwidth:200px;\nborder-color:#004225;\n}\n<\/style>\n<div  class='hr av-8tulqc-92aa7e214169678b13f4e33bcb7e95bb hr-custom  avia-builder-el-4  el_after_av_heading  avia-builder-el-last  hr-center hr-icon-no'><span class='hr-inner inner-border-av-border-thin'><span class=\"hr-inner-style\"><\/span><\/span><\/div><\/p><\/div>\n<div class='flex_column_table av-73zg9g-886b781a70dd82050148ef058d0ce0aa sc-av_one_third av-equal-height-column-flextable'><div  class='flex_column av-73zg9g-886b781a70dd82050148ef058d0ce0aa av_one_third  avia-builder-el-5  el_after_av_one_full  el_before_av_two_third  first flex_column_table_cell av-equal-height-column av-align-middle  column-top-margin'     ><style type=\"text\/css\" data-created_by=\"avia_inline_auto\" id=\"style-css-av-kyigyzd8-b912a3d623d014fe6d48e38da2b2616c\">\n.avia-image-container.av-kyigyzd8-b912a3d623d014fe6d48e38da2b2616c img.avia_image{\nbox-shadow:none;\n}\n.avia-image-container.av-kyigyzd8-b912a3d623d014fe6d48e38da2b2616c .av-image-caption-overlay-center{\ncolor:#ffffff;\n}\n<\/style>\n<div  class='avia-image-container av-kyigyzd8-b912a3d623d014fe6d48e38da2b2616c av-styling- avia-align-center  avia-builder-el-6  avia-builder-el-no-sibling '   itemprop=\"image\" itemscope=\"itemscope\" itemtype=\"https:\/\/schema.org\/ImageObject\" ><div class=\"avia-image-container-inner\"><div class=\"avia-image-overlay-wrap\"><img decoding=\"async\" fetchpriority=\"high\" class='wp-image-10977 avia-img-lazy-loading-not-10977 avia_image ' src=\"https:\/\/www.orthopaediezentrum-muenchenost.de\/wp-content\/uploads\/2024\/11\/ozmo-aerzteteam-wolfgang-schmidt.jpg\" alt='Medical team - Woflgang Schmidt - OZMO' title='OZMO - Medical team - Woflgang Schmidt'  height=\"240\" width=\"361\"  itemprop=\"thumbnailUrl\" srcset=\"https:\/\/www.orthopaediezentrum-muenchenost.de\/wp-content\/uploads\/2024\/11\/ozmo-aerzteteam-wolfgang-schmidt.jpg 361w, https:\/\/www.orthopaediezentrum-muenchenost.de\/wp-content\/uploads\/2024\/11\/ozmo-aerzteteam-wolfgang-schmidt-300x199.jpg 300w\" sizes=\"(max-width: 361px) 100vw, 361px\" \/><\/div><\/div><\/div><\/div>\n<div class='av-flex-placeholder'><\/div>\n<style type=\"text\/css\" data-created_by=\"avia_inline_auto\" id=\"style-css-av-l5rcmz06-b2c3629dd0f8e5bd3a494b73a52dffa2\">\n.flex_column.av-l5rcmz06-b2c3629dd0f8e5bd3a494b73a52dffa2{\npadding:15px 15px 15px 15px;\nbackground-color:#004225;\n}\n<\/style>\n<div  class='flex_column av-l5rcmz06-b2c3629dd0f8e5bd3a494b73a52dffa2 av_two_third  avia-builder-el-7  el_after_av_one_third  el_before_av_three_fourth  flex_column_table_cell av-equal-height-column av-align-middle  column-top-margin'     ><p>\n<style type=\"text\/css\" data-created_by=\"avia_inline_auto\" id=\"style-css-av-kyif1403-c5ff98b5df053767311b19e174a24d11\">\n#top .av-special-heading.av-kyif1403-c5ff98b5df053767311b19e174a24d11{\npadding-bottom:10px;\ncolor:#ffffff;\n}\nbody .av-special-heading.av-kyif1403-c5ff98b5df053767311b19e174a24d11 .av-special-heading-tag .heading-char{\nfont-size:25px;\n}\n.av-special-heading.av-kyif1403-c5ff98b5df053767311b19e174a24d11 .special-heading-inner-border{\nborder-color:#ffffff;\n}\n.av-special-heading.av-kyif1403-c5ff98b5df053767311b19e174a24d11 .av-subheading{\nfont-size:15px;\n}\n<\/style>\n<div  class='av-special-heading av-kyif1403-c5ff98b5df053767311b19e174a24d11 av-special-heading-h3 custom-color-heading blockquote modern-quote  avia-builder-el-8  el_before_av_iconlist  avia-builder-el-first '><h3 class='av-special-heading-tag '  itemprop=\"headline\"  >Departments<\/h3><div class=\"special-heading-border\"><div class=\"special-heading-inner-border\"><\/div><\/div><\/div><br \/>\n\n<style type=\"text\/css\" data-created_by=\"avia_inline_auto\" id=\"style-css-av-kyih39xz-95d973d0a2a95337acc863af14cdc549\">\n#top .avia-icon-list-container.av-kyih39xz-95d973d0a2a95337acc863af14cdc549 .iconlist_icon{\ncolor:#ffffff;\n}\n#top .avia-icon-list-container.av-kyih39xz-95d973d0a2a95337acc863af14cdc549 .iconlist_icon svg:first-child{\nstroke:#ffffff;\nfill:#ffffff;\n}\n#top #wrap_all .avia-icon-list-container.av-kyih39xz-95d973d0a2a95337acc863af14cdc549 .av_iconlist_title{\ncolor:#ffffff;\n}\n.avia-icon-list-container.av-kyih39xz-95d973d0a2a95337acc863af14cdc549 .iconlist_content{\ncolor:#ffffff;\n}\n<\/style>\n<div  class='avia-icon-list-container av-kyih39xz-95d973d0a2a95337acc863af14cdc549  avia-builder-el-9  el_after_av_heading  avia-builder-el-last '><ul class='avia-icon-list avia_animate_when_almost_visible avia-icon-list-left av-iconlist-small av-kyih39xz-95d973d0a2a95337acc863af14cdc549 avia-iconlist-animate'>\n<li><div class='iconlist_icon av-kyih1s7s-dc75fdf90a5a888bba159e0867dc1b39 avia-font-entypo-fontello avia-iconfont avia-font-entypo-fontello'><span class='av-icon-char' data-av_icon='\ue812' data-av_iconfont='entypo-fontello' aria-hidden=\"true\"><\/span><\/div><article class=\"article-icon-entry \"  itemscope=\"itemscope\" itemtype=\"https:\/\/schema.org\/CreativeWork\" ><div class=\"iconlist_content_wrap\"><header class=\"entry-content-header\" aria-label=\"Icon: \"><\/header><div class='iconlist_content av_inherit_color'  itemprop=\"text\" ><p>Orthopaedics and trauma surgery<\/p>\n<\/div><\/div><footer class=\"entry-footer\"><\/footer><\/article><div class=\"iconlist-timeline\"><\/div><\/li>\n<li><div class='iconlist_icon av-kyih1s7s-dc75fdf90a5a888bba159e0867dc1b39 avia-font-entypo-fontello avia-iconfont avia-font-entypo-fontello'><span class='av-icon-char' data-av_icon='\ue812' data-av_iconfont='entypo-fontello' aria-hidden=\"true\"><\/span><\/div><article class=\"article-icon-entry \"  itemscope=\"itemscope\" itemtype=\"https:\/\/schema.org\/CreativeWork\" ><div class=\"iconlist_content_wrap\"><header class=\"entry-content-header\" aria-label=\"Icon: \"><\/header><div class='iconlist_content av_inherit_color'  itemprop=\"text\" ><p>Conservative spinal therapy<\/p>\n<\/div><\/div><footer class=\"entry-footer\"><\/footer><\/article><div class=\"iconlist-timeline\"><\/div><\/li>\n<\/ul><\/div><\/p><\/div><\/div><!--close column table wrapper. Autoclose: 1 -->\n<div  class='flex_column av-4csf5w-45558cbdfc82da212f4901bb6a47ae50 av_three_fourth  avia-builder-el-10  el_after_av_two_third  el_before_av_one_fourth  first flex_column_div  column-top-margin'     ><p>\n<style type=\"text\/css\" data-created_by=\"avia_inline_auto\" id=\"style-css-av-kyjw3i1y-6e93f539b7ba634fbc4abe1dbc6a0d3b\">\n#top .av-special-heading.av-kyjw3i1y-6e93f539b7ba634fbc4abe1dbc6a0d3b{\npadding-bottom:10px;\n}\nbody .av-special-heading.av-kyjw3i1y-6e93f539b7ba634fbc4abe1dbc6a0d3b .av-special-heading-tag .heading-char{\nfont-size:25px;\n}\n.av-special-heading.av-kyjw3i1y-6e93f539b7ba634fbc4abe1dbc6a0d3b .av-subheading{\nfont-size:15px;\n}\n<\/style>\n<div  class='av-special-heading av-kyjw3i1y-6e93f539b7ba634fbc4abe1dbc6a0d3b av-special-heading-h4 blockquote modern-quote  avia-builder-el-11  el_before_av_textblock  avia-builder-el-first '><h4 class='av-special-heading-tag '  itemprop=\"headline\"  >Dr. Wolfgang Schmidt<\/h4><div class=\"special-heading-border\"><div class=\"special-heading-inner-border\"><\/div><\/div><\/div><br \/>\n<section  class='av_textblock_section av-kyih4w27-81e7dd928d085de605592bbc4c07c0f0 '   itemscope=\"itemscope\" itemtype=\"https:\/\/schema.org\/CreativeWork\" ><div class='avia_textblock'  itemprop=\"text\" ><p>Successful treatment is not only the result of professional competence, up-to-date knowledge of medical examination and treatment options and good practice equipment, but above all of the fact that I take time for you. It is my firm conviction that this is the only way to provide individual care for my patients with their specific problems and to establish a trusting working relationship between doctor, team and patient.<\/p>\n<\/div><\/section><\/p><\/div>\n<div  class='flex_column av-1wd4ec-2bd644350f3d6a96528ac48fe3247ff0 av_one_fourth  avia-builder-el-13  el_after_av_three_fourth  avia-builder-el-last  flex_column_div  column-top-margin'     ><p><div  class='avia-button-wrap avia-button-center  avia-builder-el-14  el_before_av_hr  avia-builder-el-first '>\n<style type=\"text\/css\" data-created_by=\"avia_inline_auto\" id=\"style-css-av-kyijbq73-2229a891bd1f5a086145f0e0ea9bee2e\">\n#top #wrap_all .avia-button.av-kyijbq73-2229a891bd1f5a086145f0e0ea9bee2e:hover{\ncolor:white;\ntransition:all 0.4s ease-in-out;\n}\n#top #wrap_all .avia-button.av-kyijbq73-2229a891bd1f5a086145f0e0ea9bee2e:hover .avia-svg-icon svg:first-child{\nfill:white;\nstroke:white;\n}\n<\/style>\n<a href='https:\/\/www.orthopaediezentrum-muenchenost.de\/en\/contact-approach\/' class='avia-color-theme-color avia-font-color-theme-color avia-button avia-button-fullwidth av-kyijbq73-2229a891bd1f5a086145f0e0ea9bee2e avia-icon_select-yes-left-icon avia-color-theme-color'   aria-label=\"Contact\"><span class='avia_button_icon avia_button_icon_left avia-iconfont avia-font-entypo-fontello' data-av_icon='\ue805' data-av_iconfont='entypo-fontello' ><\/span><span class='avia_iconbox_title' >Contact<\/span><span class='avia_button_background avia-button avia-button-fullwidth avia-color-theme-color-highlight'><\/span><\/a><\/div><br \/>\n\n<style type=\"text\/css\" data-created_by=\"avia_inline_auto\" id=\"style-css-av-kyijdjw2-55ce1768d3183fad442fd9cd3691a8b1\">\n#top .hr.hr-invisible.av-kyijdjw2-55ce1768d3183fad442fd9cd3691a8b1{\nheight:15px;\n}\n<\/style>\n<div  class='hr av-kyijdjw2-55ce1768d3183fad442fd9cd3691a8b1 hr-invisible  avia-builder-el-15  el_after_av_button_big  el_before_av_button_big  avia-builder-el-no-sibling '><span class='hr-inner '><span class=\"hr-inner-style\"><\/span><\/span><\/div><br \/>\n<div  class='avia-button-wrap avia-button-center  avia-builder-el-16  el_after_av_hr  avia-builder-el-last '>\n<style type=\"text\/css\" data-created_by=\"avia_inline_auto\" id=\"style-css-av-kyijcyjb-9690bdc5eb7f39546cd215dec1726b33\">\n#top #wrap_all .avia-button.av-kyijcyjb-9690bdc5eb7f39546cd215dec1726b33{\nbackground-color:#2d5f49;\nborder-color:#2d5f49;\ntransition:all 0.4s ease-in-out;\n}\n#top #wrap_all .avia-button.av-kyijcyjb-9690bdc5eb7f39546cd215dec1726b33:hover{\ncolor:#ffffff;\ntransition:all 0.4s ease-in-out;\n}\n#top #wrap_all .avia-button.av-kyijcyjb-9690bdc5eb7f39546cd215dec1726b33:hover .avia-svg-icon svg:first-child{\nfill:#ffffff;\nstroke:#ffffff;\n}\n<\/style>\n<a href='\/portalweiterleitung\/rufen-sie-an-feldkirchen\/' class='avia-font-color-theme-color avia-button avia-button-fullwidth av-kyijcyjb-9690bdc5eb7f39546cd215dec1726b33 avia-icon_select-yes-left-icon avia-color-custom'   aria-label=\"089 90 31 21 4\"><span class='avia_button_icon avia_button_icon_left avia-iconfont avia-font-entypo-fontello' data-av_icon='\ue854' data-av_iconfont='entypo-fontello' ><\/span><span class='avia_iconbox_title' >089 90 31 21 4<\/span><span class='avia_button_background avia-button avia-button-fullwidth avia-color-theme-color-highlight'><\/span><\/a><\/div><\/p><\/div>\n","protected":false},"excerpt":{"rendered":"","protected":false},"author":8,"featured_media":0,"parent":9448,"menu_order":0,"comment_status":"closed","ping_status":"closed","template":"","meta":{"footnotes":""},"class_list":["post-10957","page","type-page","status-publish","hentry"],"yoast_head":"<!-- This site is optimized with the Yoast SEO plugin v27.3 - https:\/\/yoast.com\/product\/yoast-seo-wordpress\/ -->\n<title>Dr. Wolfgang Schmidt \u00bb Medical team | OZMO<\/title>\n<meta name=\"description\" content=\"Dr. Wolfgang Schmidt - Orthopaedics Center Munich East. Here you will find: \u2713Team of doctors \u2713Schmidt \u2713Orthopaedics \u260e +4989414143464 \u25b6 OZMO\" \/>\n<meta name=\"robots\" content=\"index, follow, max-snippet:-1, max-image-preview:large, max-video-preview:-1\" \/>\n<link rel=\"canonical\" href=\"https:\/\/www.orthopaediezentrum-muenchenost.de\/en\/clinic-team\/dr-wolfgang-schmidt\/\" \/>\n<meta property=\"og:locale\" content=\"en_US\" \/>\n<meta property=\"og:type\" content=\"article\" \/>\n<meta property=\"og:title\" content=\"Dr. Wolfgang Schmidt \u00bb Medical team | OZMO\" \/>\n<meta property=\"og:description\" content=\"Dr. Wolfgang Schmidt - Orthopaedics Center Munich East. Here you will find: \u2713Team of doctors \u2713Schmidt \u2713Orthopaedics \u260e +4989414143464 \u25b6 OZMO\" \/>\n<meta property=\"og:url\" content=\"https:\/\/www.orthopaediezentrum-muenchenost.de\/en\/clinic-team\/dr-wolfgang-schmidt\/\" \/>\n<meta property=\"og:site_name\" content=\"Orthop\u00e4die Zentrum M\u00fcnchen Ost OZMO: Orthop\u00e4de M\u00fcnchen\" \/>\n<meta property=\"article:publisher\" content=\"https:\/\/www.facebook.com\/OZMO.de\" \/>\n<meta property=\"article:modified_time\" content=\"2026-03-27T08:56:06+00:00\" \/>\n<meta name=\"twitter:card\" content=\"summary_large_image\" \/>\n<meta name=\"twitter:label1\" content=\"Est. reading time\" \/>\n\t<meta name=\"twitter:data1\" content=\"1 minute\" \/>\n<script type=\"application\/ld+json\" class=\"yoast-schema-graph\">{\"@context\":\"https:\\\/\\\/schema.org\",\"@graph\":[{\"@type\":\"WebPage\",\"@id\":\"https:\\\/\\\/www.orthopaediezentrum-muenchenost.de\\\/en\\\/clinic-team\\\/dr-wolfgang-schmidt\\\/\",\"url\":\"https:\\\/\\\/www.orthopaediezentrum-muenchenost.de\\\/en\\\/clinic-team\\\/dr-wolfgang-schmidt\\\/\",\"name\":\"Dr. Wolfgang Schmidt \u00bb Medical team | OZMO\",\"isPartOf\":{\"@id\":\"https:\\\/\\\/www.orthopaediezentrum-muenchenost.de\\\/en\\\/#website\"},\"datePublished\":\"2024-12-13T12:38:22+00:00\",\"dateModified\":\"2026-03-27T08:56:06+00:00\",\"description\":\"Dr. Wolfgang Schmidt - Orthopaedics Center Munich East. Here you will find: \u2713Team of doctors \u2713Schmidt \u2713Orthopaedics \u260e +4989414143464 \u25b6 OZMO\",\"breadcrumb\":{\"@id\":\"https:\\\/\\\/www.orthopaediezentrum-muenchenost.de\\\/en\\\/clinic-team\\\/dr-wolfgang-schmidt\\\/#breadcrumb\"},\"inLanguage\":\"en-US\",\"potentialAction\":[{\"@type\":\"ReadAction\",\"target\":[\"https:\\\/\\\/www.orthopaediezentrum-muenchenost.de\\\/en\\\/clinic-team\\\/dr-wolfgang-schmidt\\\/\"]}]},{\"@type\":\"BreadcrumbList\",\"@id\":\"https:\\\/\\\/www.orthopaediezentrum-muenchenost.de\\\/en\\\/clinic-team\\\/dr-wolfgang-schmidt\\\/#breadcrumb\",\"itemListElement\":[{\"@type\":\"ListItem\",\"position\":1,\"name\":\"OZMO\",\"item\":\"https:\\\/\\\/www.orthopaediezentrum-muenchenost.de\\\/en\\\/\"},{\"@type\":\"ListItem\",\"position\":2,\"name\":\"Medical team\",\"item\":\"https:\\\/\\\/www.orthopaediezentrum-muenchenost.de\\\/en\\\/clinic-team\\\/\"},{\"@type\":\"ListItem\",\"position\":3,\"name\":\"Dr. Wolfgang Schmidt\"}]},{\"@type\":\"WebSite\",\"@id\":\"https:\\\/\\\/www.orthopaediezentrum-muenchenost.de\\\/en\\\/#website\",\"url\":\"https:\\\/\\\/www.orthopaediezentrum-muenchenost.de\\\/en\\\/\",\"name\":\"Orthop\u00e4die Zentrum M\u00fcnchen Ost OZMO: Orthop\u00e4de M\u00fcnchen\",\"description\":\"\",\"publisher\":{\"@id\":\"https:\\\/\\\/www.orthopaediezentrum-muenchenost.de\\\/en\\\/#organization\"},\"potentialAction\":[{\"@type\":\"SearchAction\",\"target\":{\"@type\":\"EntryPoint\",\"urlTemplate\":\"https:\\\/\\\/www.orthopaediezentrum-muenchenost.de\\\/en\\\/?s={search_term_string}\"},\"query-input\":{\"@type\":\"PropertyValueSpecification\",\"valueRequired\":true,\"valueName\":\"search_term_string\"}}],\"inLanguage\":\"en-US\"},{\"@type\":\"Organization\",\"@id\":\"https:\\\/\\\/www.orthopaediezentrum-muenchenost.de\\\/en\\\/#organization\",\"name\":\"Orthop\u00e4die Zentrum M\u00fcnchen Ost OZMO: Orthop\u00e4de M\u00fcnchen\",\"url\":\"https:\\\/\\\/www.orthopaediezentrum-muenchenost.de\\\/en\\\/\",\"logo\":{\"@type\":\"ImageObject\",\"inLanguage\":\"en-US\",\"@id\":\"https:\\\/\\\/www.orthopaediezentrum-muenchenost.de\\\/en\\\/#\\\/schema\\\/logo\\\/image\\\/\",\"url\":\"https:\\\/\\\/www.orthopaediezentrum-muenchenost.de\\\/wp-content\\\/uploads\\\/2021\\\/12\\\/ozmo-logo-web.png\",\"contentUrl\":\"https:\\\/\\\/www.orthopaediezentrum-muenchenost.de\\\/wp-content\\\/uploads\\\/2021\\\/12\\\/ozmo-logo-web.png\",\"width\":1417,\"height\":547,\"caption\":\"Orthop\u00e4die Zentrum M\u00fcnchen Ost OZMO: Orthop\u00e4de M\u00fcnchen\"},\"image\":{\"@id\":\"https:\\\/\\\/www.orthopaediezentrum-muenchenost.de\\\/en\\\/#\\\/schema\\\/logo\\\/image\\\/\"},\"sameAs\":[\"https:\\\/\\\/www.facebook.com\\\/OZMO.de\"]}]}<\/script>\n<!-- \/ Yoast SEO plugin. -->","yoast_head_json":{"title":"Dr. Wolfgang Schmidt \u00bb Medical team | OZMO","description":"Dr. Wolfgang Schmidt - Orthopaedics Center Munich East. Here you will find: \u2713Team of doctors \u2713Schmidt \u2713Orthopaedics \u260e +4989414143464 \u25b6 OZMO","robots":{"index":"index","follow":"follow","max-snippet":"max-snippet:-1","max-image-preview":"max-image-preview:large","max-video-preview":"max-video-preview:-1"},"canonical":"https:\/\/www.orthopaediezentrum-muenchenost.de\/en\/clinic-team\/dr-wolfgang-schmidt\/","og_locale":"en_US","og_type":"article","og_title":"Dr. Wolfgang Schmidt \u00bb Medical team | OZMO","og_description":"Dr. Wolfgang Schmidt - Orthopaedics Center Munich East. Here you will find: \u2713Team of doctors \u2713Schmidt \u2713Orthopaedics \u260e +4989414143464 \u25b6 OZMO","og_url":"https:\/\/www.orthopaediezentrum-muenchenost.de\/en\/clinic-team\/dr-wolfgang-schmidt\/","og_site_name":"Orthop\u00e4die Zentrum M\u00fcnchen Ost OZMO: Orthop\u00e4de M\u00fcnchen","article_publisher":"https:\/\/www.facebook.com\/OZMO.de","article_modified_time":"2026-03-27T08:56:06+00:00","twitter_card":"summary_large_image","twitter_misc":{"Est. reading time":"1 minute"},"schema":{"@context":"https:\/\/schema.org","@graph":[{"@type":"WebPage","@id":"https:\/\/www.orthopaediezentrum-muenchenost.de\/en\/clinic-team\/dr-wolfgang-schmidt\/","url":"https:\/\/www.orthopaediezentrum-muenchenost.de\/en\/clinic-team\/dr-wolfgang-schmidt\/","name":"Dr. Wolfgang Schmidt \u00bb Medical team | OZMO","isPartOf":{"@id":"https:\/\/www.orthopaediezentrum-muenchenost.de\/en\/#website"},"datePublished":"2024-12-13T12:38:22+00:00","dateModified":"2026-03-27T08:56:06+00:00","description":"Dr. Wolfgang Schmidt - Orthopaedics Center Munich East. Here you will find: \u2713Team of doctors \u2713Schmidt \u2713Orthopaedics \u260e +4989414143464 \u25b6 OZMO","breadcrumb":{"@id":"https:\/\/www.orthopaediezentrum-muenchenost.de\/en\/clinic-team\/dr-wolfgang-schmidt\/#breadcrumb"},"inLanguage":"en-US","potentialAction":[{"@type":"ReadAction","target":["https:\/\/www.orthopaediezentrum-muenchenost.de\/en\/clinic-team\/dr-wolfgang-schmidt\/"]}]},{"@type":"BreadcrumbList","@id":"https:\/\/www.orthopaediezentrum-muenchenost.de\/en\/clinic-team\/dr-wolfgang-schmidt\/#breadcrumb","itemListElement":[{"@type":"ListItem","position":1,"name":"OZMO","item":"https:\/\/www.orthopaediezentrum-muenchenost.de\/en\/"},{"@type":"ListItem","position":2,"name":"Medical team","item":"https:\/\/www.orthopaediezentrum-muenchenost.de\/en\/clinic-team\/"},{"@type":"ListItem","position":3,"name":"Dr. Wolfgang Schmidt"}]},{"@type":"WebSite","@id":"https:\/\/www.orthopaediezentrum-muenchenost.de\/en\/#website","url":"https:\/\/www.orthopaediezentrum-muenchenost.de\/en\/","name":"Orthop\u00e4die Zentrum M\u00fcnchen Ost OZMO: Orthop\u00e4de M\u00fcnchen","description":"","publisher":{"@id":"https:\/\/www.orthopaediezentrum-muenchenost.de\/en\/#organization"},"potentialAction":[{"@type":"SearchAction","target":{"@type":"EntryPoint","urlTemplate":"https:\/\/www.orthopaediezentrum-muenchenost.de\/en\/?s={search_term_string}"},"query-input":{"@type":"PropertyValueSpecification","valueRequired":true,"valueName":"search_term_string"}}],"inLanguage":"en-US"},{"@type":"Organization","@id":"https:\/\/www.orthopaediezentrum-muenchenost.de\/en\/#organization","name":"Orthop\u00e4die Zentrum M\u00fcnchen Ost OZMO: Orthop\u00e4de M\u00fcnchen","url":"https:\/\/www.orthopaediezentrum-muenchenost.de\/en\/","logo":{"@type":"ImageObject","inLanguage":"en-US","@id":"https:\/\/www.orthopaediezentrum-muenchenost.de\/en\/#\/schema\/logo\/image\/","url":"https:\/\/www.orthopaediezentrum-muenchenost.de\/wp-content\/uploads\/2021\/12\/ozmo-logo-web.png","contentUrl":"https:\/\/www.orthopaediezentrum-muenchenost.de\/wp-content\/uploads\/2021\/12\/ozmo-logo-web.png","width":1417,"height":547,"caption":"Orthop\u00e4die Zentrum M\u00fcnchen Ost OZMO: Orthop\u00e4de M\u00fcnchen"},"image":{"@id":"https:\/\/www.orthopaediezentrum-muenchenost.de\/en\/#\/schema\/logo\/image\/"},"sameAs":["https:\/\/www.facebook.com\/OZMO.de"]}]}},"_links":{"self":[{"href":"https:\/\/www.orthopaediezentrum-muenchenost.de\/en\/wp-json\/wp\/v2\/pages\/10957","targetHints":{"allow":["GET"]}}],"collection":[{"href":"https:\/\/www.orthopaediezentrum-muenchenost.de\/en\/wp-json\/wp\/v2\/pages"}],"about":[{"href":"https:\/\/www.orthopaediezentrum-muenchenost.de\/en\/wp-json\/wp\/v2\/types\/page"}],"author":[{"embeddable":true,"href":"https:\/\/www.orthopaediezentrum-muenchenost.de\/en\/wp-json\/wp\/v2\/users\/8"}],"replies":[{"embeddable":true,"href":"https:\/\/www.orthopaediezentrum-muenchenost.de\/en\/wp-json\/wp\/v2\/comments?post=10957"}],"version-history":[{"count":9,"href":"https:\/\/www.orthopaediezentrum-muenchenost.de\/en\/wp-json\/wp\/v2\/pages\/10957\/revisions"}],"predecessor-version":[{"id":13294,"href":"https:\/\/www.orthopaediezentrum-muenchenost.de\/en\/wp-json\/wp\/v2\/pages\/10957\/revisions\/13294"}],"up":[{"embeddable":true,"href":"https:\/\/www.orthopaediezentrum-muenchenost.de\/en\/wp-json\/wp\/v2\/pages\/9448"}],"wp:attachment":[{"href":"https:\/\/www.orthopaediezentrum-muenchenost.de\/en\/wp-json\/wp\/v2\/media?parent=10957"}],"curies":[{"name":"wp","href":"https:\/\/api.w.org\/{rel}","templated":true}]}}