{"id":9441,"date":"2023-07-01T00:30:07","date_gmt":"2023-06-30T22:30:07","guid":{"rendered":"https:\/\/www.orthopaediezentrum-muenchenost.de\/news\/patient-service\/"},"modified":"2023-07-01T23:36:22","modified_gmt":"2023-07-01T21:36:22","slug":"patient-service","status":"publish","type":"page","link":"https:\/\/www.orthopaediezentrum-muenchenost.de\/en\/news\/patient-service\/","title":{"rendered":"Patient Service"},"content":{"rendered":"<div  class='flex_column av-1rio8bu-83b5a668f29f1a7cc0ecc61f4160b406 av_one_full  avia-builder-el-0  el_before_av_section  avia-builder-el-no-sibling  first flex_column_div  '     ><p>\n<style type=\"text\/css\" data-created_by=\"avia_inline_auto\" id=\"style-css-av-1phl9tm-ac34ba4315482e2e3c69d58a5d8cf041\">\n.avia-image-container.av-1phl9tm-ac34ba4315482e2e3c69d58a5d8cf041 img.avia_image{\nbox-shadow:none;\n}\n.avia-image-container.av-1phl9tm-ac34ba4315482e2e3c69d58a5d8cf041 .av-image-caption-overlay-center{\ncolor:#ffffff;\n}\n<\/style>\n<div  class='avia-image-container av-1phl9tm-ac34ba4315482e2e3c69d58a5d8cf041 av-styling- avia_animated_image av-animated-when-visible-95 right-to-left avia-align-center  avia-builder-el-1  el_before_av_heading  avia-builder-el-first '   itemprop=\"image\" itemscope=\"itemscope\" itemtype=\"https:\/\/schema.org\/ImageObject\" ><div class=\"avia-image-container-inner\"><div class=\"avia-image-overlay-wrap\"><img decoding=\"async\" fetchpriority=\"high\" class='wp-image-8294 avia-img-lazy-loading-not-8294 avia_image ' src=\"https:\/\/www.orthopaediezentrum-muenchenost.de\/wp-content\/uploads\/2021\/12\/ozmo-startseite-banner.jpg\" alt='' title='ozmo-home-page-banner'  height=\"600\" width=\"1310\"  itemprop=\"thumbnailUrl\" srcset=\"https:\/\/www.orthopaediezentrum-muenchenost.de\/wp-content\/uploads\/2021\/12\/ozmo-startseite-banner.jpg 1310w, https:\/\/www.orthopaediezentrum-muenchenost.de\/wp-content\/uploads\/2021\/12\/ozmo-startseite-banner-300x137.jpg 300w, https:\/\/www.orthopaediezentrum-muenchenost.de\/wp-content\/uploads\/2021\/12\/ozmo-startseite-banner-1030x472.jpg 1030w, https:\/\/www.orthopaediezentrum-muenchenost.de\/wp-content\/uploads\/2021\/12\/ozmo-startseite-banner-768x352.jpg 768w, https:\/\/www.orthopaediezentrum-muenchenost.de\/wp-content\/uploads\/2021\/12\/ozmo-startseite-banner-705x323.jpg 705w\" sizes=\"(max-width: 1310px) 100vw, 1310px\" \/><\/div><\/div><\/div><br \/>\n\n<style type=\"text\/css\" data-created_by=\"avia_inline_auto\" id=\"style-css-av-kytoubyz-29835c81fa612862e0af2191361ba1b3\">\n#top .av-special-heading.av-kytoubyz-29835c81fa612862e0af2191361ba1b3{\npadding-bottom:10px;\n}\nbody .av-special-heading.av-kytoubyz-29835c81fa612862e0af2191361ba1b3 .av-special-heading-tag .heading-char{\nfont-size:25px;\n}\n.av-special-heading.av-kytoubyz-29835c81fa612862e0af2191361ba1b3 .av-subheading{\nfont-size:15px;\n}\n<\/style>\n<div  class='av-special-heading av-kytoubyz-29835c81fa612862e0af2191361ba1b3 av-special-heading-h1 blockquote modern-quote  avia-builder-el-2  el_after_av_image  el_before_av_heading '><h1 class='av-special-heading-tag '  itemprop=\"headline\"  >Patient Service<\/h1><div class=\"special-heading-border\"><div class=\"special-heading-inner-border\"><\/div><\/div><\/div><br \/>\n\n<style type=\"text\/css\" data-created_by=\"avia_inline_auto\" id=\"style-css-av-kytour3h-8b58d8f385e3a72f8fb4c00de8e5b009\">\n#top .av-special-heading.av-kytour3h-8b58d8f385e3a72f8fb4c00de8e5b009{\npadding-bottom:10px;\n}\nbody .av-special-heading.av-kytour3h-8b58d8f385e3a72f8fb4c00de8e5b009 .av-special-heading-tag .heading-char{\nfont-size:25px;\n}\n.av-special-heading.av-kytour3h-8b58d8f385e3a72f8fb4c00de8e5b009 .av-subheading{\nfont-size:15px;\n}\n<\/style>\n<div  class='av-special-heading av-kytour3h-8b58d8f385e3a72f8fb4c00de8e5b009 av-special-heading-h2 blockquote modern-quote  avia-builder-el-3  el_after_av_heading  el_before_av_hr '><h2 class='av-special-heading-tag '  itemprop=\"headline\"  >Service for our patients at the Orthopaedic Center Munich East<\/h2><div class=\"special-heading-border\"><div class=\"special-heading-inner-border\"><\/div><\/div><\/div><br \/>\n\n<style type=\"text\/css\" data-created_by=\"avia_inline_auto\" id=\"style-css-av-h3ds3w-352dc5c4d70608ec684238178f5930b1\">\n#top .hr.av-h3ds3w-352dc5c4d70608ec684238178f5930b1{\nmargin-top:15px;\nmargin-bottom:15px;\n}\n.hr.av-h3ds3w-352dc5c4d70608ec684238178f5930b1 .hr-inner{\nwidth:200px;\nborder-color:#004225;\n}\n<\/style>\n<div  class='hr av-h3ds3w-352dc5c4d70608ec684238178f5930b1 hr-custom  avia-builder-el-4  el_after_av_heading  el_before_av_textblock  hr-center hr-icon-no'><span class='hr-inner inner-border-av-border-thin'><span class=\"hr-inner-style\"><\/span><\/span><\/div><br \/>\n<section  class='av_textblock_section av-kytptoc3-922db03bca5a68ad5f5bcc7f45fac075 '   itemscope=\"itemscope\" itemtype=\"https:\/\/schema.org\/CreativeWork\" ><div class='avia_textblock'  itemprop=\"text\" ><p>Here you will also find the most important information about the treatments and interventions recommended by your doctor as a printable PDF:<\/p>\n<ul>\n<li><a href=\"\/flyer\/ozmo-flyer-2022-emtt.pdf\" title=\"EMTT - OZMO Flyer\">EMTT Flyer<\/a><\/li>\n<li><a href=\"\/flyer\/rzmo-flyer-2022.pdf\" title=\"RZMO Flyer\">RZMO Flyer<\/a><\/li>\n<li><a href=\"\/flyer\/ozmo-flyer-2022-stosswellen.pdf\" title=\"Shock waves - OZMO Flyer\">Shock waves flyer<\/a><\/li>\n<li><a href=\"\/flyer\/ozmo-flyer-2022-prp.pdf\" title=\"PRP - OZMO Flyer\">PRP Flyer<\/a><\/li>\n<li><a href=\"\/flyer\/ozmo-flyer-2022-neurotomie.pdf\" title=\"Neorotomy - OZMO Flyer\">Neurotomy flyer<\/a><\/li>\n<li><a href=\"\/flyer\/ozmo-flyer-2022-kniegelenk-broschuere.pdf\" title=\"Knee Joint Brochure - OZMO Flyer\">Knee joint brochure<\/a><\/li>\n<li><a href=\"\/flyer\/ozmo-flyer-2022-hyaluron.pdf\" title=\"Hyaluron - OZMO Flyer\">Hyaluron Flyer<\/a><\/li>\n<li><a href=\"\/flyer\/ozmo-flyer-2022-hueftgelenk-broschuere.pdf\" title=\"Hip Joint Brochure - OZMO Flyer\">Hip joint brochure<\/a><\/li>\n<\/ul>\n<\/div><\/section><br \/>\n<section  class='av_textblock_section av-l17db5yn-5a9de22a98bc3c1cbb1585fff868f77c '   itemscope=\"itemscope\" itemtype=\"https:\/\/schema.org\/CreativeWork\" ><div class='avia_textblock'  itemprop=\"text\" ><p><!-- \n\n\n\n\n\n<ul class=\"margin0\">\n \t\n\n\n\n\n\n<li><a title=\"Patienteninformationsblatt1 - Orthop\u00e4die Zentrum M\u00fcnchen Ost\" href=\"\/files\/patientenblatt1_nukleoplastie.pdf\" target=\"_blank\" rel=\"noreferrer noopener\">Patienteninformationsblatt1 \u2013 Nukleoplastie<\/a><\/li>\n\n\n\n\n\n\n \t\n\n\n\n\n\n<li><a title=\"Patienteninformationsblatt2 - Orthop\u00e4die Zentrum M\u00fcnchen Ost\" href=\"\/files\/patientenblatt2_osteoporose.pdf\" target=\"_blank\" rel=\"noreferrer noopener\">Patienteninformationsblatt2 \u2013 Osteoporose<\/a><\/li>\n\n\n\n\n\n\n \t\n\n\n\n\n\n<li><a title=\"Patienteninformationsblatt3 - Orthop\u00e4die Zentrum M\u00fcnchen Ost\" href=\"\/files\/patientenblatt3_4d-wirbels__ulenvermessung.pdf\" target=\"_blank\" rel=\"noreferrer noopener\">Patienteninformationsblatt3 \u2013 4D-Wirbels\u00e4ulenvermessung<\/a><\/li>\n\n\n\n\n\n\n \t\n\n\n\n\n\n<li><a title=\"Patienteninformationsblatt4 - Orthop\u00e4die Zentrum M\u00fcnchen Ost\" href=\"\/files\/rf_neurotomie_patientenblatt_mitbild.pdf\" target=\"_blank\" rel=\"noreferrer noopener\">Patienteninformationsblatt4 \u2013 RF-Neurotomie bei ISG-Schmerzen<\/a><\/li>\n\n\n\n\n\n\n \t\n\n\n\n\n\n<li><a title=\"Patienteninformationsblatt5 - Orthop\u00e4die Zentrum M\u00fcnchen Ost\" href=\"\/files\/patientenblatt5_thermokoagulation_1.pdf\" target=\"_blank\" rel=\"noreferrer noopener\">Patienteninformationsblatt5 \u2013 Thermokoagulation<\/a><\/li>\n\n\n\n\n\n\n \t\n\n\n\n\n\n<li><a title=\"Patienteninformationsblatt6 - Orthop\u00e4die Zentrum M\u00fcnchen Ost\" href=\"\/files\/patientenblatt6_epidurale_wirbels__ulenkathetertechnik.pdf\" target=\"_blank\" rel=\"noreferrer noopener\">Patienteninformationsblatt6 \u2013 Epidurale Wirbels\u00e4ulenkathetertechnik<\/a><\/li>\n\n\n\n\n\n\n \t\n\n\n\n\n\n<li><a title=\"Patienteninformationsblatt7 - Orthop\u00e4die Zentrum M\u00fcnchen Ost\" href=\"\/files\/patientenblatt7_nukleofix.pdf\" target=\"_blank\" rel=\"noreferrer noopener\">Patienteninformationsblatt7 \u2013 Nukelofix<\/a><\/li>\n\n\n\n\n\n\n \t\n\n\n\n\n\n<li><a title=\"Patienteninformationsblatt8 - Orthop\u00e4die Zentrum M\u00fcnchen Ost\" href=\"\/files\/patienteninformationsblatt8_-_cath-flex.pdf\" target=\"_blank\" rel=\"noreferrer noopener\">Patienteninformationsblatt8 \u2013 Cath-Flex<\/a><\/li>\n\n\n\n\n\n\n \t\n\n\n\n\n\n<li><a title=\"Patienteninformationsblatt9 - Orthop\u00e4die Zentrum M\u00fcnchen Ost\" href=\"\/files\/patienteninformationsblatt9_spinale_dekompression.pdf\" target=\"_blank\" rel=\"noreferrer noopener\">Patienteninformationsblatt9 \u2013 Spinale Dekompression<\/a><\/li>\n\n\n\n\n\n\n<\/ul>\n\n\n\n\n\n\n--><\/p>\n<\/div><\/section><\/p><\/div><\/div><\/div><\/div><!-- close content main div --><\/div><\/div>\n<style type=\"text\/css\" data-created_by=\"avia_inline_auto\" id=\"style-css-av-f8wazg-515cf76596406f014ff15ccd18895032\">\n.avia-section.av-f8wazg-515cf76596406f014ff15ccd18895032{\nbackground-color:#004225;\nbackground-image:unset;\n}\n<\/style>\n<div id='av_section_1'  class='avia-section av-f8wazg-515cf76596406f014ff15ccd18895032 main_color avia-section-default avia-no-border-styling  avia-builder-el-7  el_after_av_one_full  el_before_av_one_full  avia-bg-style-scroll container_wrap fullsize'  ><div class='container av-section-cont-open' ><div class='template-page content  av-content-full alpha units'><div class='post-entry post-entry-type-page post-entry-9441'><div class='entry-content-wrapper clearfix'>\n\n<style type=\"text\/css\" data-created_by=\"avia_inline_auto\" id=\"style-css-av-1fmuto-b449ee6138b42096798d32aaecc29c87\">\n#top .av-special-heading.av-1fmuto-b449ee6138b42096798d32aaecc29c87{\npadding-bottom:10px;\ncolor:#ffffff;\n}\nbody .av-special-heading.av-1fmuto-b449ee6138b42096798d32aaecc29c87 .av-special-heading-tag .heading-char{\nfont-size:25px;\n}\n.av-special-heading.av-1fmuto-b449ee6138b42096798d32aaecc29c87 .special-heading-inner-border{\nborder-color:#ffffff;\n}\n.av-special-heading.av-1fmuto-b449ee6138b42096798d32aaecc29c87 .av-subheading{\nfont-size:15px;\n}\n<\/style>\n<div  class='av-special-heading av-1fmuto-b449ee6138b42096798d32aaecc29c87 av-special-heading-h3 custom-color-heading blockquote modern-quote  avia-builder-el-8  el_before_av_three_fourth  avia-builder-el-first '><h3 class='av-special-heading-tag '  itemprop=\"headline\"  >Do you need a personal consultation?<\/h3><div class=\"special-heading-border\"><div class=\"special-heading-inner-border\"><\/div><\/div><\/div>\n<div  class='flex_column av-by7bto-0b907808fe159d1cc284e1bad240a625 av_three_fourth  avia-builder-el-9  el_after_av_heading  el_before_av_one_fourth  first flex_column_div  '     ><style type=\"text\/css\" data-created_by=\"avia_inline_auto\" id=\"style-css-av-b442ws-205cd4261f3ce816ae5cbe166ec45757\">\n#top .av_textblock_section.av-b442ws-205cd4261f3ce816ae5cbe166ec45757 .avia_textblock{\ncolor:#ffffff;\n}\n<\/style>\n<section  class='av_textblock_section av-b442ws-205cd4261f3ce816ae5cbe166ec45757 '   itemscope=\"itemscope\" itemtype=\"https:\/\/schema.org\/CreativeWork\" ><div class='avia_textblock av_inherit_color'  itemprop=\"text\" ><p>The specialists at the Orthop\u00e4die Zentrum M\u00fcnchen Ost will be happy to provide you with a medical consultation. Take advantage of our wealth of experience in the field of orthopedics and feel free to make an appointment with us!<\/p>\n<p><script>if(function rt(){return!!window.Ember||(!!window.Vue||(!!window.Meteor||(!(!window.React&&!document.querySelector(\"[data-reactroot], [data-reactid]\"))||!!(window.angular||document.querySelector(\".ng-binding, [ng-app], [data-ng-app], [ng-controller], [data-ng-controller], [ng-repeat], [data-ng-repeat]\")||document.querySelector('script[src*=\"angular.js\"], script[src*=\"angular.min.js\"]')))))}()){window.postMessage({singlePageAppCheck:true})}else{window.postMessage({singlePageAppCheck:false})}<\/script><\/p>\n<\/div><\/section><\/div><div  class='flex_column av-y1pm4-c455251b06c934a668a49f8248f62f7e av_one_fourth  avia-builder-el-11  el_after_av_three_fourth  avia-builder-el-last  flex_column_div  '     ><p><div  class='avia-button-wrap avia-button-center  avia-builder-el-12  el_before_av_hr  avia-builder-el-first '>\n<style type=\"text\/css\" data-created_by=\"avia_inline_auto\" id=\"style-css-av-775pfw-ad40d4d868db5df03169d1abc59d4f46\">\n#top #wrap_all .avia-button.av-775pfw-ad40d4d868db5df03169d1abc59d4f46{\ncolor:#004225;\ntransition:all 0.4s ease-in-out;\n}\n#top #wrap_all .avia-button.av-775pfw-ad40d4d868db5df03169d1abc59d4f46:hover{\ncolor:#004225;\ntransition:all 0.4s ease-in-out;\n}\n#top #wrap_all .avia-button.av-775pfw-ad40d4d868db5df03169d1abc59d4f46 .avia-svg-icon svg:first-child{\nfill:#004225;\nstroke:#004225;\n}\n#top #wrap_all .avia-button.av-775pfw-ad40d4d868db5df03169d1abc59d4f46:hover .avia-svg-icon svg:first-child{\nfill:#004225;\nstroke:#004225;\n}\n<\/style>\n<a href='https:\/\/www.orthopaediezentrum-muenchenost.de\/kontakt-anfahrt\/' class='avia-color-white avia-button avia-button-fullwidth av-775pfw-ad40d4d868db5df03169d1abc59d4f46 avia-icon_select-yes-left-icon avia-color-white'   aria-label=\"Contact\"><span class='avia_button_icon avia_button_icon_left avia-iconfont avia-font-entypo-fontello' data-av_icon='\ue805' data-av_iconfont='entypo-fontello' ><\/span><span class='avia_iconbox_title' >Contact<\/span><span class='avia_button_background avia-button avia-button-fullwidth avia-color-dark'><\/span><\/a><\/div><br \/>\n\n<style type=\"text\/css\" data-created_by=\"avia_inline_auto\" id=\"style-css-av-6bgdh8-d98a04afa885f41729766583a39871ad\">\n#top .hr.hr-invisible.av-6bgdh8-d98a04afa885f41729766583a39871ad{\nheight:20px;\n}\n<\/style>\n<div  class='hr av-6bgdh8-d98a04afa885f41729766583a39871ad hr-invisible  avia-builder-el-13  el_after_av_button_big  el_before_av_button_big  avia-builder-el-no-sibling '><span class='hr-inner '><span class=\"hr-inner-style\"><\/span><\/span><\/div><br \/>\n<div  class='avia-button-wrap avia-button-center  avia-builder-el-14  el_after_av_hr  avia-builder-el-last '>\n<style type=\"text\/css\" data-created_by=\"avia_inline_auto\" id=\"style-css-av-4srpkc-e19d9747b76a123e4138fa5a92b7dc6a\">\n#top #wrap_all .avia-button.av-4srpkc-e19d9747b76a123e4138fa5a92b7dc6a{\ncolor:#004225;\ntransition:all 0.4s ease-in-out;\n}\n#top #wrap_all .avia-button.av-4srpkc-e19d9747b76a123e4138fa5a92b7dc6a:hover{\ncolor:#004225;\ntransition:all 0.4s ease-in-out;\n}\n#top #wrap_all .avia-button.av-4srpkc-e19d9747b76a123e4138fa5a92b7dc6a .avia-svg-icon svg:first-child{\nfill:#004225;\nstroke:#004225;\n}\n#top #wrap_all .avia-button.av-4srpkc-e19d9747b76a123e4138fa5a92b7dc6a:hover .avia-svg-icon svg:first-child{\nfill:#004225;\nstroke:#004225;\n}\n<\/style>\n<a href='tel.:0049894143464' class='avia-color-white avia-button avia-button-fullwidth av-4srpkc-e19d9747b76a123e4138fa5a92b7dc6a avia-icon_select-yes-left-icon avia-color-white'   aria-label=\"089 4141 434-64\"><span class='avia_button_icon avia_button_icon_left avia-iconfont avia-font-entypo-fontello' data-av_icon='\ue854' data-av_iconfont='entypo-fontello' ><\/span><span class='avia_iconbox_title' >089 4141 434-64<\/span><span class='avia_button_background avia-button avia-button-fullwidth avia-color-dark'><\/span><\/a><\/div><\/p><\/div>\n<\/div><\/div><\/div><!-- close content main div --><\/div><\/div><div id='after_section_1'  class='main_color av_default_container_wrap container_wrap fullsize'  ><div class='container av-section-cont-open' ><div class='template-page content  av-content-full alpha units'><div class='post-entry post-entry-type-page post-entry-9441'><div class='entry-content-wrapper clearfix'><\/p>\n<div  class='flex_column av-36c0jg-c2e506321a9aec75243be8c0e47a748b av_one_full  avia-builder-el-15  el_after_av_section  avia-builder-el-no-sibling  first flex_column_div  '     ><style type=\"text\/css\" data-created_by=\"avia_inline_auto\" id=\"style-css-av-1p20kmy-2dd2b7fa7d7e34074d331d8c77584b8d\">\n#top .hr.hr-invisible.av-1p20kmy-2dd2b7fa7d7e34074d331d8c77584b8d{\nheight:30px;\n}\n<\/style>\n<div  class='hr av-1p20kmy-2dd2b7fa7d7e34074d331d8c77584b8d hr-invisible  avia-builder-el-16  avia-builder-el-no-sibling '><span class='hr-inner '><span class=\"hr-inner-style\"><\/span><\/span><\/div><\/div>\n","protected":false},"excerpt":{"rendered":"","protected":false},"author":8,"featured_media":0,"parent":9420,"menu_order":0,"comment_status":"closed","ping_status":"closed","template":"","meta":{"footnotes":""},"class_list":["post-9441","page","type-page","status-publish","hentry"],"yoast_head":"<!-- This site is optimized with the Yoast SEO plugin v27.4 - https:\/\/yoast.com\/product\/yoast-seo-wordpress\/ -->\n<title>Patient Service \u00bb News | OZMO<\/title>\n<meta name=\"description\" content=\"Patient Service - Orthop\u00e4die Zentrum M\u00fcnchen Ost. Here you will find: \u2713Service from OZMO \u2713Patient service \u2713Orthopedics \u260e +49894143464 \u25b6 OZMO\" \/>\n<meta name=\"robots\" content=\"index, follow, max-snippet:-1, max-image-preview:large, max-video-preview:-1\" \/>\n<link rel=\"canonical\" href=\"https:\/\/www.orthopaediezentrum-muenchenost.de\/en\/news\/patient-service\/\" \/>\n<meta property=\"og:locale\" content=\"en_US\" \/>\n<meta property=\"og:type\" content=\"article\" \/>\n<meta property=\"og:title\" content=\"Patient Service \u00bb News | OZMO\" \/>\n<meta property=\"og:description\" content=\"Patient Service - Orthop\u00e4die Zentrum M\u00fcnchen Ost. Here you will find: \u2713Service from OZMO \u2713Patient service \u2713Orthopedics \u260e +49894143464 \u25b6 OZMO\" \/>\n<meta property=\"og:url\" content=\"https:\/\/www.orthopaediezentrum-muenchenost.de\/en\/news\/patient-service\/\" \/>\n<meta property=\"og:site_name\" content=\"Orthop\u00e4die Zentrum M\u00fcnchen Ost OZMO: Orthop\u00e4de M\u00fcnchen\" \/>\n<meta property=\"article:publisher\" content=\"https:\/\/www.facebook.com\/OZMO.de\" \/>\n<meta property=\"article:modified_time\" content=\"2023-07-01T21:36:22+00:00\" \/>\n<meta name=\"twitter:card\" content=\"summary_large_image\" \/>\n<meta name=\"twitter:label1\" content=\"Est. reading time\" \/>\n\t<meta name=\"twitter:data1\" content=\"12 minutes\" \/>\n<script type=\"application\/ld+json\" class=\"yoast-schema-graph\">{\"@context\":\"https:\\\/\\\/schema.org\",\"@graph\":[{\"@type\":\"WebPage\",\"@id\":\"https:\\\/\\\/www.orthopaediezentrum-muenchenost.de\\\/en\\\/news\\\/patient-service\\\/\",\"url\":\"https:\\\/\\\/www.orthopaediezentrum-muenchenost.de\\\/en\\\/news\\\/patient-service\\\/\",\"name\":\"Patient Service \u00bb News | OZMO\",\"isPartOf\":{\"@id\":\"https:\\\/\\\/www.orthopaediezentrum-muenchenost.de\\\/en\\\/#website\"},\"datePublished\":\"2023-06-30T22:30:07+00:00\",\"dateModified\":\"2023-07-01T21:36:22+00:00\",\"description\":\"Patient Service - Orthop\u00e4die Zentrum M\u00fcnchen Ost. Here you will find: \u2713Service from OZMO \u2713Patient service \u2713Orthopedics \u260e +49894143464 \u25b6 OZMO\",\"breadcrumb\":{\"@id\":\"https:\\\/\\\/www.orthopaediezentrum-muenchenost.de\\\/en\\\/news\\\/patient-service\\\/#breadcrumb\"},\"inLanguage\":\"en-US\",\"potentialAction\":[{\"@type\":\"ReadAction\",\"target\":[\"https:\\\/\\\/www.orthopaediezentrum-muenchenost.de\\\/en\\\/news\\\/patient-service\\\/\"]}]},{\"@type\":\"BreadcrumbList\",\"@id\":\"https:\\\/\\\/www.orthopaediezentrum-muenchenost.de\\\/en\\\/news\\\/patient-service\\\/#breadcrumb\",\"itemListElement\":[{\"@type\":\"ListItem\",\"position\":1,\"name\":\"OZMO\",\"item\":\"https:\\\/\\\/www.orthopaediezentrum-muenchenost.de\\\/en\\\/\"},{\"@type\":\"ListItem\",\"position\":2,\"name\":\"News\",\"item\":\"https:\\\/\\\/www.orthopaediezentrum-muenchenost.de\\\/en\\\/news\\\/\"},{\"@type\":\"ListItem\",\"position\":3,\"name\":\"Patient Service\"}]},{\"@type\":\"WebSite\",\"@id\":\"https:\\\/\\\/www.orthopaediezentrum-muenchenost.de\\\/en\\\/#website\",\"url\":\"https:\\\/\\\/www.orthopaediezentrum-muenchenost.de\\\/en\\\/\",\"name\":\"Orthop\u00e4die Zentrum M\u00fcnchen Ost OZMO: Orthop\u00e4de M\u00fcnchen\",\"description\":\"\",\"publisher\":{\"@id\":\"https:\\\/\\\/www.orthopaediezentrum-muenchenost.de\\\/en\\\/#organization\"},\"potentialAction\":[{\"@type\":\"SearchAction\",\"target\":{\"@type\":\"EntryPoint\",\"urlTemplate\":\"https:\\\/\\\/www.orthopaediezentrum-muenchenost.de\\\/en\\\/?s={search_term_string}\"},\"query-input\":{\"@type\":\"PropertyValueSpecification\",\"valueRequired\":true,\"valueName\":\"search_term_string\"}}],\"inLanguage\":\"en-US\"},{\"@type\":\"Organization\",\"@id\":\"https:\\\/\\\/www.orthopaediezentrum-muenchenost.de\\\/en\\\/#organization\",\"name\":\"Orthop\u00e4die Zentrum M\u00fcnchen Ost OZMO: Orthop\u00e4de M\u00fcnchen\",\"url\":\"https:\\\/\\\/www.orthopaediezentrum-muenchenost.de\\\/en\\\/\",\"logo\":{\"@type\":\"ImageObject\",\"inLanguage\":\"en-US\",\"@id\":\"https:\\\/\\\/www.orthopaediezentrum-muenchenost.de\\\/en\\\/#\\\/schema\\\/logo\\\/image\\\/\",\"url\":\"https:\\\/\\\/www.orthopaediezentrum-muenchenost.de\\\/wp-content\\\/uploads\\\/2021\\\/12\\\/ozmo-logo-web.png\",\"contentUrl\":\"https:\\\/\\\/www.orthopaediezentrum-muenchenost.de\\\/wp-content\\\/uploads\\\/2021\\\/12\\\/ozmo-logo-web.png\",\"width\":1417,\"height\":547,\"caption\":\"Orthop\u00e4die Zentrum M\u00fcnchen Ost OZMO: Orthop\u00e4de M\u00fcnchen\"},\"image\":{\"@id\":\"https:\\\/\\\/www.orthopaediezentrum-muenchenost.de\\\/en\\\/#\\\/schema\\\/logo\\\/image\\\/\"},\"sameAs\":[\"https:\\\/\\\/www.facebook.com\\\/OZMO.de\"]}]}<\/script>\n<!-- \/ Yoast SEO plugin. -->","yoast_head_json":{"title":"Patient Service \u00bb News | OZMO","description":"Patient Service - Orthop\u00e4die Zentrum M\u00fcnchen Ost. Here you will find: \u2713Service from OZMO \u2713Patient service \u2713Orthopedics \u260e +49894143464 \u25b6 OZMO","robots":{"index":"index","follow":"follow","max-snippet":"max-snippet:-1","max-image-preview":"max-image-preview:large","max-video-preview":"max-video-preview:-1"},"canonical":"https:\/\/www.orthopaediezentrum-muenchenost.de\/en\/news\/patient-service\/","og_locale":"en_US","og_type":"article","og_title":"Patient Service \u00bb News | OZMO","og_description":"Patient Service - Orthop\u00e4die Zentrum M\u00fcnchen Ost. Here you will find: \u2713Service from OZMO \u2713Patient service \u2713Orthopedics \u260e +49894143464 \u25b6 OZMO","og_url":"https:\/\/www.orthopaediezentrum-muenchenost.de\/en\/news\/patient-service\/","og_site_name":"Orthop\u00e4die Zentrum M\u00fcnchen Ost OZMO: Orthop\u00e4de M\u00fcnchen","article_publisher":"https:\/\/www.facebook.com\/OZMO.de","article_modified_time":"2023-07-01T21:36:22+00:00","twitter_card":"summary_large_image","twitter_misc":{"Est. reading time":"12 minutes"},"schema":{"@context":"https:\/\/schema.org","@graph":[{"@type":"WebPage","@id":"https:\/\/www.orthopaediezentrum-muenchenost.de\/en\/news\/patient-service\/","url":"https:\/\/www.orthopaediezentrum-muenchenost.de\/en\/news\/patient-service\/","name":"Patient Service \u00bb News | OZMO","isPartOf":{"@id":"https:\/\/www.orthopaediezentrum-muenchenost.de\/en\/#website"},"datePublished":"2023-06-30T22:30:07+00:00","dateModified":"2023-07-01T21:36:22+00:00","description":"Patient Service - Orthop\u00e4die Zentrum M\u00fcnchen Ost. Here you will find: \u2713Service from OZMO \u2713Patient service \u2713Orthopedics \u260e +49894143464 \u25b6 OZMO","breadcrumb":{"@id":"https:\/\/www.orthopaediezentrum-muenchenost.de\/en\/news\/patient-service\/#breadcrumb"},"inLanguage":"en-US","potentialAction":[{"@type":"ReadAction","target":["https:\/\/www.orthopaediezentrum-muenchenost.de\/en\/news\/patient-service\/"]}]},{"@type":"BreadcrumbList","@id":"https:\/\/www.orthopaediezentrum-muenchenost.de\/en\/news\/patient-service\/#breadcrumb","itemListElement":[{"@type":"ListItem","position":1,"name":"OZMO","item":"https:\/\/www.orthopaediezentrum-muenchenost.de\/en\/"},{"@type":"ListItem","position":2,"name":"News","item":"https:\/\/www.orthopaediezentrum-muenchenost.de\/en\/news\/"},{"@type":"ListItem","position":3,"name":"Patient Service"}]},{"@type":"WebSite","@id":"https:\/\/www.orthopaediezentrum-muenchenost.de\/en\/#website","url":"https:\/\/www.orthopaediezentrum-muenchenost.de\/en\/","name":"Orthop\u00e4die Zentrum M\u00fcnchen Ost OZMO: Orthop\u00e4de M\u00fcnchen","description":"","publisher":{"@id":"https:\/\/www.orthopaediezentrum-muenchenost.de\/en\/#organization"},"potentialAction":[{"@type":"SearchAction","target":{"@type":"EntryPoint","urlTemplate":"https:\/\/www.orthopaediezentrum-muenchenost.de\/en\/?s={search_term_string}"},"query-input":{"@type":"PropertyValueSpecification","valueRequired":true,"valueName":"search_term_string"}}],"inLanguage":"en-US"},{"@type":"Organization","@id":"https:\/\/www.orthopaediezentrum-muenchenost.de\/en\/#organization","name":"Orthop\u00e4die Zentrum M\u00fcnchen Ost OZMO: Orthop\u00e4de M\u00fcnchen","url":"https:\/\/www.orthopaediezentrum-muenchenost.de\/en\/","logo":{"@type":"ImageObject","inLanguage":"en-US","@id":"https:\/\/www.orthopaediezentrum-muenchenost.de\/en\/#\/schema\/logo\/image\/","url":"https:\/\/www.orthopaediezentrum-muenchenost.de\/wp-content\/uploads\/2021\/12\/ozmo-logo-web.png","contentUrl":"https:\/\/www.orthopaediezentrum-muenchenost.de\/wp-content\/uploads\/2021\/12\/ozmo-logo-web.png","width":1417,"height":547,"caption":"Orthop\u00e4die Zentrum M\u00fcnchen Ost OZMO: Orthop\u00e4de M\u00fcnchen"},"image":{"@id":"https:\/\/www.orthopaediezentrum-muenchenost.de\/en\/#\/schema\/logo\/image\/"},"sameAs":["https:\/\/www.facebook.com\/OZMO.de"]}]}},"_links":{"self":[{"href":"https:\/\/www.orthopaediezentrum-muenchenost.de\/en\/wp-json\/wp\/v2\/pages\/9441","targetHints":{"allow":["GET"]}}],"collection":[{"href":"https:\/\/www.orthopaediezentrum-muenchenost.de\/en\/wp-json\/wp\/v2\/pages"}],"about":[{"href":"https:\/\/www.orthopaediezentrum-muenchenost.de\/en\/wp-json\/wp\/v2\/types\/page"}],"author":[{"embeddable":true,"href":"https:\/\/www.orthopaediezentrum-muenchenost.de\/en\/wp-json\/wp\/v2\/users\/8"}],"replies":[{"embeddable":true,"href":"https:\/\/www.orthopaediezentrum-muenchenost.de\/en\/wp-json\/wp\/v2\/comments?post=9441"}],"version-history":[{"count":10,"href":"https:\/\/www.orthopaediezentrum-muenchenost.de\/en\/wp-json\/wp\/v2\/pages\/9441\/revisions"}],"predecessor-version":[{"id":9481,"href":"https:\/\/www.orthopaediezentrum-muenchenost.de\/en\/wp-json\/wp\/v2\/pages\/9441\/revisions\/9481"}],"up":[{"embeddable":true,"href":"https:\/\/www.orthopaediezentrum-muenchenost.de\/en\/wp-json\/wp\/v2\/pages\/9420"}],"wp:attachment":[{"href":"https:\/\/www.orthopaediezentrum-muenchenost.de\/en\/wp-json\/wp\/v2\/media?parent=9441"}],"curies":[{"name":"wp","href":"https:\/\/api.w.org\/{rel}","templated":true}]}}