{"id":9500,"date":"2023-07-02T00:04:59","date_gmt":"2023-07-01T22:04:59","guid":{"rendered":"https:\/\/www.orthopaediezentrum-muenchenost.de\/newsletter-subscription\/"},"modified":"2023-07-02T00:05:04","modified_gmt":"2023-07-01T22:05:04","slug":"newsletter-subscription","status":"publish","type":"page","link":"https:\/\/www.orthopaediezentrum-muenchenost.de\/en\/newsletter-subscription\/","title":{"rendered":"Newsletter subscription"},"content":{"rendered":"<div  class='flex_column av-ebbcav-0379cd24bba295b5ae78e9366402399d av_one_full  avia-builder-el-0  el_before_av_one_full  avia-builder-el-first  first flex_column_div  '     ><p>\n<style type=\"text\/css\" data-created_by=\"avia_inline_auto\" id=\"style-css-av-kygrh5pb-f045ff80a014db37e6a946b177e6b318\">\n.avia-image-container.av-kygrh5pb-f045ff80a014db37e6a946b177e6b318 img.avia_image{\nbox-shadow:none;\n}\n.avia-image-container.av-kygrh5pb-f045ff80a014db37e6a946b177e6b318 .av-image-caption-overlay-center{\ncolor:#ffffff;\n}\n<\/style>\n<div  class='avia-image-container av-kygrh5pb-f045ff80a014db37e6a946b177e6b318 av-styling- avia_animated_image av-animated-when-visible-95 right-to-left avia-align-center  avia-builder-el-1  el_before_av_heading  avia-builder-el-first '   itemprop=\"image\" itemscope=\"itemscope\" itemtype=\"https:\/\/schema.org\/ImageObject\" ><div class=\"avia-image-container-inner\"><div class=\"avia-image-overlay-wrap\"><img decoding=\"async\" fetchpriority=\"high\" class='wp-image-8294 avia-img-lazy-loading-not-8294 avia_image ' src=\"https:\/\/www.orthopaediezentrum-muenchenost.de\/wp-content\/uploads\/2021\/12\/ozmo-startseite-banner.jpg\" alt='' title='ozmo-home-page-banner'  height=\"600\" width=\"1310\"  itemprop=\"thumbnailUrl\" srcset=\"https:\/\/www.orthopaediezentrum-muenchenost.de\/wp-content\/uploads\/2021\/12\/ozmo-startseite-banner.jpg 1310w, https:\/\/www.orthopaediezentrum-muenchenost.de\/wp-content\/uploads\/2021\/12\/ozmo-startseite-banner-300x137.jpg 300w, https:\/\/www.orthopaediezentrum-muenchenost.de\/wp-content\/uploads\/2021\/12\/ozmo-startseite-banner-1030x472.jpg 1030w, https:\/\/www.orthopaediezentrum-muenchenost.de\/wp-content\/uploads\/2021\/12\/ozmo-startseite-banner-768x352.jpg 768w, https:\/\/www.orthopaediezentrum-muenchenost.de\/wp-content\/uploads\/2021\/12\/ozmo-startseite-banner-705x323.jpg 705w\" sizes=\"(max-width: 1310px) 100vw, 1310px\" \/><\/div><\/div><\/div><br \/>\n\n<style type=\"text\/css\" data-created_by=\"avia_inline_auto\" id=\"style-css-av-kygrkbz1-00f566bc290f12cf389725547001ced6\">\n#top .av-special-heading.av-kygrkbz1-00f566bc290f12cf389725547001ced6{\npadding-bottom:10px;\n}\nbody .av-special-heading.av-kygrkbz1-00f566bc290f12cf389725547001ced6 .av-special-heading-tag .heading-char{\nfont-size:25px;\n}\n.av-special-heading.av-kygrkbz1-00f566bc290f12cf389725547001ced6 .av-subheading{\nfont-size:15px;\n}\n<\/style>\n<div  class='av-special-heading av-kygrkbz1-00f566bc290f12cf389725547001ced6 av-special-heading-h1 blockquote modern-quote  avia-builder-el-2  el_after_av_image  el_before_av_heading '><h1 class='av-special-heading-tag '  itemprop=\"headline\"  >Newsletter subscription<\/h1><div class=\"special-heading-border\"><div class=\"special-heading-inner-border\"><\/div><\/div><\/div><br \/>\n\n<style type=\"text\/css\" data-created_by=\"avia_inline_auto\" id=\"style-css-av-kygrkkmq-53e5977db45b0312965d6f3fcf68d1b2\">\n#top .av-special-heading.av-kygrkkmq-53e5977db45b0312965d6f3fcf68d1b2{\npadding-bottom:10px;\n}\nbody .av-special-heading.av-kygrkkmq-53e5977db45b0312965d6f3fcf68d1b2 .av-special-heading-tag .heading-char{\nfont-size:25px;\n}\n.av-special-heading.av-kygrkkmq-53e5977db45b0312965d6f3fcf68d1b2 .av-subheading{\nfont-size:15px;\n}\n<\/style>\n<div  class='av-special-heading av-kygrkkmq-53e5977db45b0312965d6f3fcf68d1b2 av-special-heading-h2 blockquote modern-quote  avia-builder-el-3  el_after_av_heading  el_before_av_hr '><h2 class='av-special-heading-tag '  itemprop=\"headline\"  >Subscribe to our newsletter<\/h2><div class=\"special-heading-border\"><div class=\"special-heading-inner-border\"><\/div><\/div><\/div><br \/>\n\n<style type=\"text\/css\" data-created_by=\"avia_inline_auto\" id=\"style-css-av-kygsfy0i-13b0b51c407f5978abc04d0834831b65\">\n#top .hr.av-kygsfy0i-13b0b51c407f5978abc04d0834831b65{\nmargin-top:15px;\nmargin-bottom:15px;\n}\n.hr.av-kygsfy0i-13b0b51c407f5978abc04d0834831b65 .hr-inner{\nwidth:200px;\nborder-color:#004225;\n}\n<\/style>\n<div  class='hr av-kygsfy0i-13b0b51c407f5978abc04d0834831b65 hr-custom  avia-builder-el-4  el_after_av_heading  avia-builder-el-last  hr-center hr-icon-no'><span class='hr-inner inner-border-av-border-thin'><span class=\"hr-inner-style\"><\/span><\/span><\/div><\/p><\/div><div  class='flex_column av-2so01j-dd302136d54ce1756e3ab346b786ac86 av_one_full  avia-builder-el-5  el_after_av_one_full  avia-builder-el-last  first flex_column_div  column-top-margin'     ><section  class='av_textblock_section av-kygs16at-f0c79accc43dca24c554cbb0d53407a4 '   itemscope=\"itemscope\" itemtype=\"https:\/\/schema.org\/CreativeWork\" ><div class='avia_textblock'  itemprop=\"text\" ><!DOCTYPE html PUBLIC \"-\/\/W3C\/\/DTD HTML 4.0 Transitional\/\/EN\" \"http:\/\/www.w3.org\/TR\/REC-html40\/loose.dtd\">\n<?xml encoding=\"utf-8\" ?><html><head><script>\nfunction loadjQuery(e,t){var n=document.createElement(\"script\");n.setAttribute(\"src\",e);n.onload=t;n.onreadystatechange=function(){if(this.readyState==\"complete\"||this.readyState==\"loaded\")t()};document.getElementsByTagName(\"head\")[0].appendChild(n)}function main(){\n\n\n}\nif(typeof jQuery===\"undefined\"){loadjQuery(\"\/\/ajax.googleapis.com\/ajax\/libs\/jquery\/1.4.4\/jquery.min.js\",main)}else{main()}\n\n<\/script>\n\n\n<style>.cr_header {\n    text-align: center;\n    background: transparent !important;\n}\n\n.cr_body label, .cr_body .label {\n    float: none;\n    clear: both;\n    display: inline-block;\n    width: auto;\n    margin-top: 8px;\n    text-align: left;\n    font-weight: bold;\n    position: relative;\n}\n\n.cr_body .no-label {\n    font-weight: normal;\n}\n\n.cr_body #editable_content {\n    padding: 20px;\n}\n\n.editable-content {\n    padding: 20px\n}\n\n.cr_button {\n    display: inline-block;\n    width: auto;\n    white-space: nowrap;\n    height: 32px;\n    margin: 5px 5px 0 0;\n    padding: 0 22px;\n    text-decoration: none;\n    text-align: center;\n    font-weight: bold;\n    font-style: normal;\n    font-size: 15px;\n    line-height: 32px;\n    cursor: pointer;\n    border: 0;\n    -moz-border-radius: 4px;\n    border-radius: 4px;\n    -webkit-border-radius: 4px;\n    vertical-align: top;\n}\n\n.cr_button:hover, .cr_button-small:hover {\n    opacity: 0.7;\n    filter: alpha(opacity=70);\n}\n\n.powered {\n    padding: 20px 0;\n    width: 560px;\n    margin: 0 auto;\n}\n\n.cr_ipe_item label {\n    line-height: 150%;\n    font-size: 14px;\n}\n\n.cr_ipe_item textarea {\n    background: none repeat scroll 0 0 #ffffff;\n    border-radius: 3px;\n    border: 1px solid #ccc;\n    font-size: 16px;\n}\n\n.cr_ipe_item input {\n    background: none repeat scroll 0 0 #ffffff;\n    border-radius: 3px;\n    border: 1px solid #ccc;\n    font-size: 16px;\n}\n\n.cr_ipe_item input[type='email'],\n.cr_ipe_item input[type='text'] {\n    width: 100%;\n}\n\n.cr_ipe_item select {\n    background: none repeat scroll 0 0 #ffffff;\n    border-radius: 3px;\n    border: 1px solid #ccc;\n    display: block;\n    margin: 0;\n    width: 100%;\n    font-size: 16px;\n}\n\n.cr_ipe_item input.cr_ipe_radio, input.cr_ipe_checkbox {\n    -moz-binding: none;\n    -moz-box-sizing: border-box;\n    background-color: -moz-field !important;\n    border: 2px inset ThreeDFace !important;\n    color: -moz-fieldtext !important;\n    cursor: default;\n    height: 13px;\n    padding: 0 !important;\n    width: 13px;\n}\n\n.cr_ipe_item input.cr_ipe_radio {\n    -moz-appearance: radio;\n    border-radius: 100% 100% 100% 100% !important;\n    margin: 3px 3px 0 5px;\n}\n\n.cr_ipe_item {\n    margin: 0 10px;\n    padding: 0 10px;\n    width: 100%;\n}\n\n.submit_container {\n    text-align: center\n}\n\n.cr_ipe_item.inactive {\n    display: none;\n}\n\n.imprint {\n    font-size: 0.8em;\n}\n\n.cr_captcha {\n    padding-left: 130px;\n}\n\n.cr_error {\n    font-size: 1.1em;\n    padding: 10px;\n}\n\n.clever_form_error {\n    background-color: #f99;\n    color: #000;\n    border: 1px solid #f22 !important\n}\n\n.clever_form_note {\n    margin: 26px 0 0 3px;\n    position: absolute;\n    display: inline;\n    padding: 2px 4px;\n    font-weight: bold;\n    background-color: #f2ecb5;\n    color: #000;\n    font-size: 12px !important;\n}\n\n.cr_form-flex {\n    display: flex;\n}\n\n.cr_form-flex > .cr_form-inputgroup {\n    flex-grow: 1;\n    margin-right: 5px;\n}\n\n.cr_form-flex > .cr_form-inputgroup:last-child {\n    margin-right: 0;\n}\n\n.cr_form-flex input {\n    width: 100%;\n}\n\n.cr_form,\n.cr_form .submit_container {\n    text-align: center !important;\n    margin: 5% 0;\n}\n\n.cr_form a {\n    border: none;\n}\n\n.cr_form .cr_page img {\n    display: inline;\n}\n\n.cr_font .submit_container {\n    margin-top: 3%;\n}\n\n.cr_form .cr_header_text,\n.cr_form .cr_ipe_item.ui-sortable {\n    text-align: left;\n    margin-bottom: 3%;\n}\n\n.cr_form .cr_header_text,\n.cr_form .cr_ipe_item.ui-sortable iframe {\n    height: 30px;\n}\n\n.cr_form .cr_header_text,\n.cr_form .cr_ipe_item.ui-sortable.musthave iframe {\n    height: auto;\n}\n\n.cr_form input[type='text'] {\n    width: 10% !important;\n    display: inline;\n}\n\n.cr_form .cr_ipe_item[rel='recaptcha'] {\n    margin-top: 3%;\n}\n\n.cr_form .cr_ipe_item[rel='recaptcha'] br {\n    display: none;\n}\n\n.cr_form .cr_ipe_item[rel='email'] input[type='text'],\n.cr_form .cr_ipe_item[rel='text'] input[type='text'],\n.cr_form textarea,\n.cr_form select {\n    width: 100% !important;\n}\n\n.cr_form .cr_ipe_item[rel='radio'] input[type='radio'] {\n    height: auto;\n}\n\n.cr_form a:not(.btn) {\n    border: none;\n}\n\n@media (max-width: 480px) {\n    #recaptcha_v2_widget > div:nth-child(1) {\n        width: max-content !important;\n    }\n}<\/style>\n\n\n<style id=\"style\">\n.cr_site {background-color:;}\n.cr_body {color:#000000;background-color:#ffffff;}\n.cr_header {color:#000000;}\n.cr_hr {background-color:#ccc;}\n.cr_site a {color:#004225;}\n.imprint {color:#000000;}\n.cr_page {width:auto;}\n.cr_button {background-color:#004225;}\n\n<\/style>\n\n\n\n<\/head><body><form class=\"layout_form cr_form cr_font\" action=\"https:\/\/seu2.cleverreach.com\/f\/345918-354919\/wcs\/\" method=\"post\" target=\"_blank\">\n\t<div class=\"cr_body cr_page cr_font formbox\">\n\t\t<div class=\"non_sortable\" style=\"text-align:left;\">\n\t\t\t\n\t\t<\/div>\n\t\t\n\t\t<div class=\"editable_content\" style=\"text-align:left;\">\n\t\t<div id=\"8002046\" rel=\"text\" class=\"cr_form-component cr_form-component--text cr_ipe_item ui-sortable musthave\" style=\" margin-bottom:0px;\">\n    <div class=\"cr_form-inputgroup cr_form-inputgroup--typetext\">\n        <label for=\"cr_form-input--text8002046\" class=\"itemname\">Vorname \/ Prename*<\/label>\n        <input id=\"cr_form-input--text8002046\" class=\"cr_form-input\" type=\"text\" name=\"1089872\" placeholder=\"\" style=\"\">\n    <\/div>\n<\/div>\n<div id=\"8002048\" rel=\"text\" class=\"cr_form-component cr_form-component--text cr_ipe_item ui-sortable musthave\" style=\" margin-bottom:0px;\">\n    <div class=\"cr_form-inputgroup cr_form-inputgroup--typetext\">\n        <label for=\"cr_form-input--text8002048\" class=\"itemname\">Nachname \/ Lastname*<\/label>\n        <input id=\"cr_form-input--text8002048\" class=\"cr_form-input\" type=\"text\" name=\"1089873\" placeholder=\"\" style=\"\">\n    <\/div>\n<\/div>\n<div id=\"8002021\" rel=\"email\" class=\"cr_form-component cr_form-component--email cr_ipe_item ui-sortable musthave\" style=\"margin-bottom:15px;\">\n    <div class=\"cr_form-inputgroup cr_form-inputgroup--typeemail\">\n        <label for=\"text8002021\">E-Mail*<\/label>\n        <input class=\"cr_form-input\" type=\"email\" id=\"text8002021\" name=\"email\" value=\"\" placeholder=\"name@example.com\" style=\"\">\n    <\/div>\n<\/div><div id=\"8002025\" rel=\"recaptcha\" class=\"cr_ipe_item ui-sortable musthave\">\n\t\n\n\t\n\n\t<script src=\"https:\/\/www.google.com\/recaptcha\/api.js\" async defer><\/script>\n\t<br>\n\t<div id=\"recaptcha_v2_widget\" class=\"g-recaptcha\" data-theme=\"light\" data-size=\"normal\" data-sitekey=\"6Lfhcd0SAAAAAOBEHmAVEHJeRnrH8T7wPvvNzEPD\"><\/div>\n\t<br>\n\n\t\n<\/div><div id=\"8002023\" rel=\"button\" class=\"cr_form-component cr_form-component--submit cr_ipe_item ui-sortable  submit_container\">\n    <button type=\"submit\" class=\"cr_form-block cr_button components-button is-button is-primary\">Anmelden<\/button>\n<\/div>\n\n        <\/div>\n        \n\t\n    <\/div>\n\n    \n    <div class=\"badge\" style=\"text-align:center; border:none !Important; background:transparent !Important;\"><a href=\"https:\/\/www.cleverreach.de\/?utm_source=system&amp;utm_medium=form&amp;utm_campaign=c345918\" target=\"_blank\"><img decoding=\"async\" src=\"https:\/\/d388us03v35p3m.cloudfront.net\/cr3_images\/badget1.png\" border=\"0\"><\/a><\/div>\n    \n<\/form><\/body><\/html>\n\n<\/div><\/section><\/div><\/p>\n","protected":false},"excerpt":{"rendered":"","protected":false},"author":8,"featured_media":0,"parent":0,"menu_order":0,"comment_status":"closed","ping_status":"closed","template":"","meta":{"footnotes":""},"class_list":["post-9500","page","type-page","status-publish","hentry"],"yoast_head":"<!-- This site is optimized with the Yoast SEO plugin v27.5 - https:\/\/yoast.com\/product\/yoast-seo-wordpress\/ -->\n<title>Newsletter Registration - Orthopaedic Center Munich East | OZMO<\/title>\n<meta name=\"description\" content=\"Newsletter Registration - Orthop\u00e4die Zentrum M\u00fcnchen Ost. With us you will find online: \u2713Newsletter \u2713Registration \u2713Orthopedics \u260e +4989414143464 \u25b6 OZMO\" \/>\n<meta name=\"robots\" content=\"index, follow, max-snippet:-1, max-image-preview:large, max-video-preview:-1\" \/>\n<link rel=\"canonical\" href=\"https:\/\/www.orthopaediezentrum-muenchenost.de\/en\/newsletter-subscription\/\" \/>\n<meta property=\"og:locale\" content=\"en_US\" \/>\n<meta property=\"og:type\" content=\"article\" \/>\n<meta property=\"og:title\" content=\"Newsletter Registration - Orthopaedic Center Munich East | OZMO\" \/>\n<meta property=\"og:description\" content=\"Newsletter Registration - Orthop\u00e4die Zentrum M\u00fcnchen Ost. With us you will find online: \u2713Newsletter \u2713Registration \u2713Orthopedics \u260e +4989414143464 \u25b6 OZMO\" \/>\n<meta property=\"og:url\" content=\"https:\/\/www.orthopaediezentrum-muenchenost.de\/en\/newsletter-subscription\/\" \/>\n<meta property=\"og:site_name\" content=\"Orthop\u00e4die Zentrum M\u00fcnchen Ost OZMO: Orthop\u00e4de M\u00fcnchen\" \/>\n<meta property=\"article:publisher\" content=\"https:\/\/www.facebook.com\/OZMO.de\" \/>\n<meta property=\"article:modified_time\" content=\"2023-07-01T22:05:04+00:00\" \/>\n<meta name=\"twitter:card\" content=\"summary_large_image\" \/>\n<meta name=\"twitter:label1\" content=\"Est. reading time\" \/>\n\t<meta name=\"twitter:data1\" content=\"5 minutes\" \/>\n<script type=\"application\/ld+json\" class=\"yoast-schema-graph\">{\"@context\":\"https:\\\/\\\/schema.org\",\"@graph\":[{\"@type\":\"WebPage\",\"@id\":\"https:\\\/\\\/www.orthopaediezentrum-muenchenost.de\\\/en\\\/newsletter-subscription\\\/\",\"url\":\"https:\\\/\\\/www.orthopaediezentrum-muenchenost.de\\\/en\\\/newsletter-subscription\\\/\",\"name\":\"Newsletter Registration - Orthopaedic Center Munich East | OZMO\",\"isPartOf\":{\"@id\":\"https:\\\/\\\/www.orthopaediezentrum-muenchenost.de\\\/en\\\/#website\"},\"datePublished\":\"2023-07-01T22:04:59+00:00\",\"dateModified\":\"2023-07-01T22:05:04+00:00\",\"description\":\"Newsletter Registration - Orthop\u00e4die Zentrum M\u00fcnchen Ost. With us you will find online: \u2713Newsletter \u2713Registration \u2713Orthopedics \u260e +4989414143464 \u25b6 OZMO\",\"breadcrumb\":{\"@id\":\"https:\\\/\\\/www.orthopaediezentrum-muenchenost.de\\\/en\\\/newsletter-subscription\\\/#breadcrumb\"},\"inLanguage\":\"en-US\",\"potentialAction\":[{\"@type\":\"ReadAction\",\"target\":[\"https:\\\/\\\/www.orthopaediezentrum-muenchenost.de\\\/en\\\/newsletter-subscription\\\/\"]}]},{\"@type\":\"BreadcrumbList\",\"@id\":\"https:\\\/\\\/www.orthopaediezentrum-muenchenost.de\\\/en\\\/newsletter-subscription\\\/#breadcrumb\",\"itemListElement\":[{\"@type\":\"ListItem\",\"position\":1,\"name\":\"OZMO\",\"item\":\"https:\\\/\\\/www.orthopaediezentrum-muenchenost.de\\\/en\\\/\"},{\"@type\":\"ListItem\",\"position\":2,\"name\":\"Newsletter subscription\"}]},{\"@type\":\"WebSite\",\"@id\":\"https:\\\/\\\/www.orthopaediezentrum-muenchenost.de\\\/en\\\/#website\",\"url\":\"https:\\\/\\\/www.orthopaediezentrum-muenchenost.de\\\/en\\\/\",\"name\":\"Orthop\u00e4die Zentrum M\u00fcnchen Ost OZMO: Orthop\u00e4de M\u00fcnchen\",\"description\":\"\",\"publisher\":{\"@id\":\"https:\\\/\\\/www.orthopaediezentrum-muenchenost.de\\\/en\\\/#organization\"},\"potentialAction\":[{\"@type\":\"SearchAction\",\"target\":{\"@type\":\"EntryPoint\",\"urlTemplate\":\"https:\\\/\\\/www.orthopaediezentrum-muenchenost.de\\\/en\\\/?s={search_term_string}\"},\"query-input\":{\"@type\":\"PropertyValueSpecification\",\"valueRequired\":true,\"valueName\":\"search_term_string\"}}],\"inLanguage\":\"en-US\"},{\"@type\":\"Organization\",\"@id\":\"https:\\\/\\\/www.orthopaediezentrum-muenchenost.de\\\/en\\\/#organization\",\"name\":\"Orthop\u00e4die Zentrum M\u00fcnchen Ost OZMO: Orthop\u00e4de M\u00fcnchen\",\"url\":\"https:\\\/\\\/www.orthopaediezentrum-muenchenost.de\\\/en\\\/\",\"logo\":{\"@type\":\"ImageObject\",\"inLanguage\":\"en-US\",\"@id\":\"https:\\\/\\\/www.orthopaediezentrum-muenchenost.de\\\/en\\\/#\\\/schema\\\/logo\\\/image\\\/\",\"url\":\"https:\\\/\\\/www.orthopaediezentrum-muenchenost.de\\\/wp-content\\\/uploads\\\/2021\\\/12\\\/ozmo-logo-web.png\",\"contentUrl\":\"https:\\\/\\\/www.orthopaediezentrum-muenchenost.de\\\/wp-content\\\/uploads\\\/2021\\\/12\\\/ozmo-logo-web.png\",\"width\":1417,\"height\":547,\"caption\":\"Orthop\u00e4die Zentrum M\u00fcnchen Ost OZMO: Orthop\u00e4de M\u00fcnchen\"},\"image\":{\"@id\":\"https:\\\/\\\/www.orthopaediezentrum-muenchenost.de\\\/en\\\/#\\\/schema\\\/logo\\\/image\\\/\"},\"sameAs\":[\"https:\\\/\\\/www.facebook.com\\\/OZMO.de\"]}]}<\/script>\n<!-- \/ Yoast SEO plugin. -->","yoast_head_json":{"title":"Newsletter Registration - Orthopaedic Center Munich East | OZMO","description":"Newsletter Registration - Orthop\u00e4die Zentrum M\u00fcnchen Ost. With us you will find online: \u2713Newsletter \u2713Registration \u2713Orthopedics \u260e +4989414143464 \u25b6 OZMO","robots":{"index":"index","follow":"follow","max-snippet":"max-snippet:-1","max-image-preview":"max-image-preview:large","max-video-preview":"max-video-preview:-1"},"canonical":"https:\/\/www.orthopaediezentrum-muenchenost.de\/en\/newsletter-subscription\/","og_locale":"en_US","og_type":"article","og_title":"Newsletter Registration - Orthopaedic Center Munich East | OZMO","og_description":"Newsletter Registration - Orthop\u00e4die Zentrum M\u00fcnchen Ost. With us you will find online: \u2713Newsletter \u2713Registration \u2713Orthopedics \u260e +4989414143464 \u25b6 OZMO","og_url":"https:\/\/www.orthopaediezentrum-muenchenost.de\/en\/newsletter-subscription\/","og_site_name":"Orthop\u00e4die Zentrum M\u00fcnchen Ost OZMO: Orthop\u00e4de M\u00fcnchen","article_publisher":"https:\/\/www.facebook.com\/OZMO.de","article_modified_time":"2023-07-01T22:05:04+00:00","twitter_card":"summary_large_image","twitter_misc":{"Est. reading time":"5 minutes"},"schema":{"@context":"https:\/\/schema.org","@graph":[{"@type":"WebPage","@id":"https:\/\/www.orthopaediezentrum-muenchenost.de\/en\/newsletter-subscription\/","url":"https:\/\/www.orthopaediezentrum-muenchenost.de\/en\/newsletter-subscription\/","name":"Newsletter Registration - Orthopaedic Center Munich East | OZMO","isPartOf":{"@id":"https:\/\/www.orthopaediezentrum-muenchenost.de\/en\/#website"},"datePublished":"2023-07-01T22:04:59+00:00","dateModified":"2023-07-01T22:05:04+00:00","description":"Newsletter Registration - Orthop\u00e4die Zentrum M\u00fcnchen Ost. With us you will find online: \u2713Newsletter \u2713Registration \u2713Orthopedics \u260e +4989414143464 \u25b6 OZMO","breadcrumb":{"@id":"https:\/\/www.orthopaediezentrum-muenchenost.de\/en\/newsletter-subscription\/#breadcrumb"},"inLanguage":"en-US","potentialAction":[{"@type":"ReadAction","target":["https:\/\/www.orthopaediezentrum-muenchenost.de\/en\/newsletter-subscription\/"]}]},{"@type":"BreadcrumbList","@id":"https:\/\/www.orthopaediezentrum-muenchenost.de\/en\/newsletter-subscription\/#breadcrumb","itemListElement":[{"@type":"ListItem","position":1,"name":"OZMO","item":"https:\/\/www.orthopaediezentrum-muenchenost.de\/en\/"},{"@type":"ListItem","position":2,"name":"Newsletter subscription"}]},{"@type":"WebSite","@id":"https:\/\/www.orthopaediezentrum-muenchenost.de\/en\/#website","url":"https:\/\/www.orthopaediezentrum-muenchenost.de\/en\/","name":"Orthop\u00e4die Zentrum M\u00fcnchen Ost OZMO: Orthop\u00e4de M\u00fcnchen","description":"","publisher":{"@id":"https:\/\/www.orthopaediezentrum-muenchenost.de\/en\/#organization"},"potentialAction":[{"@type":"SearchAction","target":{"@type":"EntryPoint","urlTemplate":"https:\/\/www.orthopaediezentrum-muenchenost.de\/en\/?s={search_term_string}"},"query-input":{"@type":"PropertyValueSpecification","valueRequired":true,"valueName":"search_term_string"}}],"inLanguage":"en-US"},{"@type":"Organization","@id":"https:\/\/www.orthopaediezentrum-muenchenost.de\/en\/#organization","name":"Orthop\u00e4die Zentrum M\u00fcnchen Ost OZMO: Orthop\u00e4de M\u00fcnchen","url":"https:\/\/www.orthopaediezentrum-muenchenost.de\/en\/","logo":{"@type":"ImageObject","inLanguage":"en-US","@id":"https:\/\/www.orthopaediezentrum-muenchenost.de\/en\/#\/schema\/logo\/image\/","url":"https:\/\/www.orthopaediezentrum-muenchenost.de\/wp-content\/uploads\/2021\/12\/ozmo-logo-web.png","contentUrl":"https:\/\/www.orthopaediezentrum-muenchenost.de\/wp-content\/uploads\/2021\/12\/ozmo-logo-web.png","width":1417,"height":547,"caption":"Orthop\u00e4die Zentrum M\u00fcnchen Ost OZMO: Orthop\u00e4de M\u00fcnchen"},"image":{"@id":"https:\/\/www.orthopaediezentrum-muenchenost.de\/en\/#\/schema\/logo\/image\/"},"sameAs":["https:\/\/www.facebook.com\/OZMO.de"]}]}},"_links":{"self":[{"href":"https:\/\/www.orthopaediezentrum-muenchenost.de\/en\/wp-json\/wp\/v2\/pages\/9500","targetHints":{"allow":["GET"]}}],"collection":[{"href":"https:\/\/www.orthopaediezentrum-muenchenost.de\/en\/wp-json\/wp\/v2\/pages"}],"about":[{"href":"https:\/\/www.orthopaediezentrum-muenchenost.de\/en\/wp-json\/wp\/v2\/types\/page"}],"author":[{"embeddable":true,"href":"https:\/\/www.orthopaediezentrum-muenchenost.de\/en\/wp-json\/wp\/v2\/users\/8"}],"replies":[{"embeddable":true,"href":"https:\/\/www.orthopaediezentrum-muenchenost.de\/en\/wp-json\/wp\/v2\/comments?post=9500"}],"version-history":[{"count":3,"href":"https:\/\/www.orthopaediezentrum-muenchenost.de\/en\/wp-json\/wp\/v2\/pages\/9500\/revisions"}],"predecessor-version":[{"id":10300,"href":"https:\/\/www.orthopaediezentrum-muenchenost.de\/en\/wp-json\/wp\/v2\/pages\/9500\/revisions\/10300"}],"wp:attachment":[{"href":"https:\/\/www.orthopaediezentrum-muenchenost.de\/en\/wp-json\/wp\/v2\/media?parent=9500"}],"curies":[{"name":"wp","href":"https:\/\/api.w.org\/{rel}","templated":true}]}}